{"id":687,"date":"2013-05-04T09:21:02","date_gmt":"2013-05-04T09:21:02","guid":{"rendered":"http:\/\/tramacultura.org\/w\/?page_id=687"},"modified":"2013-11-06T10:07:42","modified_gmt":"2013-11-06T10:07:42","slug":"ciudades-bombardeadas","status":"publish","type":"page","link":"https:\/\/tramacultura.org\/?page_id=687","title":{"rendered":"# Ciudades bombardeadas"},"content":{"rendered":"<p style=\"text-align: justify;\">Curso de 30 horas a realizar a lo largo de diez semanas, impartido en castellano. Consta de recursos generales (temario, foro para dudas y debate, glosario, listado de enlaces etc.) y de temas que se van incorporando semana a semana (con textos, im\u00e1genes, audiovisuales y otros materiales, y propuestas educativas para los participantes).<\/p>\n<p style=\"text-align: justify;\">El curso se inicia el 30 de septiembre y finaliza el 9 de diciembre. La matriculaci\u00f3n se puede hacer a partir del 1 de septiembre en el correo electr\u00f3nico <a href=\"mailto: reserves@tramacultura.org\" target=\"_blank\">reserves@tramacultura.org<\/a><\/p>\n<p style=\"text-align: justify;\">Precio general: 75 euros.<\/p>\n<p style=\"text-align: justify;\">Precio reducido: 50 euros para estudiantes, menores de edad, docentes, mayores de 65 o pensionistas, familia monoparental, familia numerosa, parados y grupos (5 o m\u00e1s inscritos a la vez).<\/p>\n<p style=\"text-align: justify;\">&#8212;&#8212;&#8212;&#8212;&#8212;&#8212;&#8212;&#8212;&#8212;&#8212;&#8212;&#8212;&#8212;&#8212;&#8212;&#8212;&#8212;&#8212;&#8212;&#8212;&#8212;&#8212;&#8212;&#8212;&#8212;&#8212;&#8212;&#8212;&#8212;&#8212;&#8212;&#8212;&#8212;&#8212;&#8212;&#8212;&#8212;&#8212;&#8212;&#8212;&#8212;&#8212;&#8212;&#8212;<\/p>\n<p style=\"text-align: justify;\"><span style=\"color: #ff0000;\"># Ciudades bombardeadas<\/span><\/p>\n<p style=\"text-align: justify;\"><img loading=\"lazy\" decoding=\"async\" class=\" wp-image-558 alignleft\" alt=\"Barcelona sota les bombes\" src=\"http:\/\/tramacultura.org\/w\/wp-content\/uploads\/2013\/05\/Barcelona-sota-les-bombes-300x276.png\" width=\"210\" height=\"193\" srcset=\"https:\/\/tramacultura.org\/wp-content\/uploads\/2013\/05\/Barcelona-sota-les-bombes-300x276.png 300w, https:\/\/tramacultura.org\/wp-content\/uploads\/2013\/05\/Barcelona-sota-les-bombes.png 626w\" sizes=\"auto, (max-width: 210px) 100vw, 210px\" \/><\/p>\n<p style=\"text-align: justify;\">En conmemoraci\u00f3n del 75 aniversario del bombardeo de Barcelona, considerado uno de los primeros bombardeos sobre una ciudad y poblaci\u00f3n civil en la Historia, haremos un recorrido hist\u00f3rico por las ciudades m\u00e1s emblem\u00e1ticas que han sufrido un bombardeo. Analizaremos las diferentes posturas y las implicaciones morales y \u00e9ticas y veremos la representaci\u00f3n de los bombardeos al cine, el arte, la literatura, la filosof\u00eda y los medios de comunicaci\u00f3n.<\/p>\n<p style=\"text-align: justify;\"><span style=\"color: #ffffff;\">.<\/span><\/p>\n<p style=\"text-align: justify;\"><span style=\"text-decoration: underline;\"><b>Temario:<\/b><\/span><\/p>\n<p style=\"text-align: justify;\">1. Las viejas guerras.<\/p>\n<p style=\"text-align: justify;\">2. Tr\u00edpoli. El triunfo de Douhet.<\/p>\n<p style=\"text-align: justify;\">3. Gernika &#8211; Barcelona. Objetivo: poblaci\u00f3n civil.<\/p>\n<p style=\"text-align: justify;\">4. II Guerra Mundial. Dresde.<\/p>\n<p style=\"text-align: justify;\">5. II Guerra Mundial. Hiroshima.<\/p>\n<p style=\"text-align: justify;\">6. Vietnam y una guerra no tan fr\u00eda.<\/p>\n<p style=\"text-align: justify;\">7. Bagdad y Sarajevo. Las nuevas guerras.<\/p>\n<p style=\"text-align: justify;\">8. Tripoli: Todo vuelve a empezar.<\/p>\n<p style=\"text-align: justify;\">9. La gesti\u00f3n de la memoria hist\u00f3rica.<\/p>\n<p style=\"text-align: justify;\">10. Conclusiones y debate.<\/p>\n","protected":false},"excerpt":{"rendered":"<p>Curso de 30 horas a realizar a lo largo de diez semanas, impartido en castellano. Consta de recursos generales (temario, foro para dudas y debate, glosario, listado de enlaces etc.) y de temas que se van incorporando semana a semana (con textos, im\u00e1genes, audiovisuales y otros materiales, y propuestas educativas &#8230;<\/p>\n","protected":false},"author":1,"featured_media":0,"parent":208,"menu_order":0,"comment_status":"closed","ping_status":"closed","template":"","meta":{"footnotes":""},"class_list":["post-687","page","type-page","status-publish","hentry","column","threecol"],"_links":{"self":[{"href":"https:\/\/tramacultura.org\/index.php?rest_route=\/wp\/v2\/pages\/687","targetHints":{"allow":["GET"]}}],"collection":[{"href":"https:\/\/tramacultura.org\/index.php?rest_route=\/wp\/v2\/pages"}],"about":[{"href":"https:\/\/tramacultura.org\/index.php?rest_route=\/wp\/v2\/types\/page"}],"author":[{"embeddable":true,"href":"https:\/\/tramacultura.org\/index.php?rest_route=\/wp\/v2\/users\/1"}],"replies":[{"embeddable":true,"href":"https:\/\/tramacultura.org\/index.php?rest_route=%2Fwp%2Fv2%2Fcomments&post=687"}],"version-history":[{"count":9,"href":"https:\/\/tramacultura.org\/index.php?rest_route=\/wp\/v2\/pages\/687\/revisions"}],"predecessor-version":[{"id":2145,"href":"https:\/\/tramacultura.org\/index.php?rest_route=\/wp\/v2\/pages\/687\/revisions\/2145"}],"up":[{"embeddable":true,"href":"https:\/\/tramacultura.org\/index.php?rest_route=\/wp\/v2\/pages\/208"}],"wp:attachment":[{"href":"https:\/\/tramacultura.org\/index.php?rest_route=%2Fwp%2Fv2%2Fmedia&parent=687"}],"curies":[{"name":"wp","href":"https:\/\/api.w.org\/{rel}","templated":true}]}}