{"id":6359,"date":"2024-09-27T10:26:54","date_gmt":"2024-09-27T10:26:54","guid":{"rendered":"https:\/\/tramacultura.org\/?page_id=6359"},"modified":"2024-09-27T10:32:25","modified_gmt":"2024-09-27T10:32:25","slug":"programes-i-activitats-vinculats-a-gent-gran","status":"publish","type":"page","link":"https:\/\/tramacultura.org\/?page_id=6359","title":{"rendered":"Programes i activitats vinculats a gent gran"},"content":{"rendered":"\n<p><em>Projecte<\/em><a href=\"https:\/\/donantsdememoria.cat\/\"><em> <strong>Donants de mem\u00f2ria<\/strong><\/em><\/a><\/p>\n\n\n\n<p>Donants de mem\u00f2ria \u00e9s un projecte que posa en el centre la import\u00e0ncia de promoure el reconeixement, les aportacions i la participaci\u00f3 de la gent gran en la vida comunit\u00e0ria, cultural i pol\u00edtica de la ciutat. Tot fomentant la seva implicaci\u00f3 com a donant de mem\u00f2ria, podem incentivar la visibilitzaci\u00f3 i fer valdre la gent gran, l\u2019envelliment actiu, la seva formaci\u00f3 a trav\u00e9s de l\u2019aprenentatge en com\u00fa i el debat intergeneracional, alhora que recuperem la mem\u00f2ria oral dels nostres barris.<br>Mitjan\u00e7ant l\u2019organitzaci\u00f3, dinamitzaci\u00f3 i documentaci\u00f3 de tallers amb gent gran que esdevindran donants de mem\u00f2ria, fomentem la seva formaci\u00f3 i interacci\u00f3 amb la resta de la comunitat i la participaci\u00f3 social i pol\u00edtica en el seu municipi, alhora que facilitem que a trav\u00e9s dels seus coneixements i records i en interacci\u00f3 amb altres puguin contribuir a la recuperaci\u00f3 de la mem\u00f2ria oral dels seus barris, en col\u00b7laboraci\u00f3 amb persones, grups, entitats, equipaments i institucions de Catalunya.<\/p>\n\n\n\n<p><\/p>\n\n\n\n<p class=\"has-black-color has-text-color has-link-color wp-elements-ca1374e7ffaafcfab54a2b41ec508baa\"><strong>Visitem la Barcelona cultural<\/strong> <em>Curs trimestral <\/em><\/p>\n\n\n\n<p>Descobrirem el patrimoni art\u00edstic de Barcelona i gaudirem de la vida cultural de la ciutat mitjan\u00e7ant<br>visites comentades a museus, centres culturals, exposicions temporals i espais d\u2019inter\u00e8s art\u00edstic com<br>galeries o f\u00e0briques de creaci\u00f3.<\/p>\n\n\n\n<p><\/p>\n\n\n\n<p><em> <strong>Dones grans, grans dones. <\/strong><\/em><strong>La vellesa femenina al cinema<\/strong> <em>Taller cinef\u00f2rum<\/em><\/p>\n\n\n\n<p>El cinema ha tendit a ignorar les dones grans, relegantles a papers menors i, moltes vegades, amb una<br>forta c\u00e0rrega negativa. Existeixen, per\u00f2, honroses excepcions: grans personatges de dones grans que dignifiquen la vellesa i enriqueixen les lectures de la feminitat. Partirem d\u2019aquests per a apropar-nos a un<br>dels temes menys explorats en la relaci\u00f3 entre g\u00e8nere i vellesa: l\u2019impacte i la percepci\u00f3 de la viol\u00e8ncia masclista en les dones grans. A partir de les lluites de les grans dones del cinema reflexionarem sobre les nostres pr\u00f2pies viv\u00e8ncies.<\/p>\n\n\n\n<p><\/p>\n\n\n\n<p><strong>Jornada Dia de la Gent Gran.<\/strong> Lleialtat Santsenca (C. Olzinelles, 35).<strong> Entrada lliure<\/strong><\/p>\n\n\n\n<p>Dimarts 1 d\u2019octubre <\/p>\n\n\n\n<ul class=\"wp-block-list\">\n<li>11h Dones grans, grans dones. La vellesa femenina al cinema.&nbsp;<\/li>\n\n\n\n<li>17 h Passi documental Donants de mem\u00f2ria. Sants i la Lleialtat Santsenca<\/li>\n\n\n\n<li>18h Tardeo al Bahia: Ball homenatge Sala Bahia<\/li>\n<\/ul>\n\n\n\n<p>Dissabte 5 d\u2019octubre<\/p>\n\n\n\n<ul class=\"wp-block-list\">\n<li>18h Espectacle teatral <em>Envejecer mal<\/em>, de Laberint esc\u00e8nic<\/li>\n<\/ul>\n","protected":false},"excerpt":{"rendered":"<p>Projecte Donants de mem\u00f2ria Donants de mem\u00f2ria \u00e9s un projecte que posa en el centre la import\u00e0ncia de promoure el reconeixement, les aportacions i la participaci\u00f3 de la gent gran en la vida comunit\u00e0ria, cultural i pol\u00edtica de la ciutat. Tot fomentant la seva implicaci\u00f3 com a donant de mem\u00f2ria, &#8230;<\/p>\n","protected":false},"author":1,"featured_media":0,"parent":0,"menu_order":0,"comment_status":"closed","ping_status":"closed","template":"","meta":{"footnotes":""},"class_list":["post-6359","page","type-page","status-publish","hentry","column","threecol"],"_links":{"self":[{"href":"https:\/\/tramacultura.org\/index.php?rest_route=\/wp\/v2\/pages\/6359","targetHints":{"allow":["GET"]}}],"collection":[{"href":"https:\/\/tramacultura.org\/index.php?rest_route=\/wp\/v2\/pages"}],"about":[{"href":"https:\/\/tramacultura.org\/index.php?rest_route=\/wp\/v2\/types\/page"}],"author":[{"embeddable":true,"href":"https:\/\/tramacultura.org\/index.php?rest_route=\/wp\/v2\/users\/1"}],"replies":[{"embeddable":true,"href":"https:\/\/tramacultura.org\/index.php?rest_route=%2Fwp%2Fv2%2Fcomments&post=6359"}],"version-history":[{"count":4,"href":"https:\/\/tramacultura.org\/index.php?rest_route=\/wp\/v2\/pages\/6359\/revisions"}],"predecessor-version":[{"id":6365,"href":"https:\/\/tramacultura.org\/index.php?rest_route=\/wp\/v2\/pages\/6359\/revisions\/6365"}],"wp:attachment":[{"href":"https:\/\/tramacultura.org\/index.php?rest_route=%2Fwp%2Fv2%2Fmedia&parent=6359"}],"curies":[{"name":"wp","href":"https:\/\/api.w.org\/{rel}","templated":true}]}}