{"id":6091,"date":"2022-06-13T12:23:38","date_gmt":"2022-06-13T12:23:38","guid":{"rendered":"https:\/\/tramacultura.org\/?page_id=6091"},"modified":"2022-06-13T14:53:39","modified_gmt":"2022-06-13T14:53:39","slug":"projectes","status":"publish","type":"page","link":"https:\/\/tramacultura.org\/?page_id=6091","title":{"rendered":"PROJECTES"},"content":{"rendered":"\n<p><strong><a href=\"https:\/\/tramacultura.org\/?page_id=5043\">Donants de mem\u00f2ria<\/a><\/strong>. Recuperaci\u00f3 de la mem\u00f2ria oral de la gent gran<\/p>\n\n\n\n<p><a href=\"http:\/\/educoop.coop\"><strong>Educoop.<\/strong><\/a><strong> <\/strong>Plataforma educativa de l&#8217;Economia Solid\u00e0ria<\/p>\n\n\n\n<p><a href=\"http:\/\/teiximxarxes.cat\"><strong>Teixim Xarxes contra els estereotips<\/strong><\/a>. Plataforma d&#8217;entitats, recursos i projectes que lluiten per una societat lliure de discriminacions i viol\u00e8ncies masclistes.<\/p>\n\n\n\n<p><a href=\"https:\/\/tramacultura.org\/?page_id=4222\"><strong>Animem el barri!<\/strong><\/a> Projecte de dinamitzaci\u00f3 d\u2019accions art\u00edstiques comunit\u00e0ries <\/p>\n","protected":false},"excerpt":{"rendered":"<p>Donants de mem\u00f2ria. Recuperaci\u00f3 de la mem\u00f2ria oral de la gent gran Educoop. Plataforma educativa de l&#8217;Economia Solid\u00e0ria Teixim Xarxes contra els estereotips. Plataforma d&#8217;entitats, recursos i projectes que lluiten per una societat lliure de discriminacions i viol\u00e8ncies masclistes. Animem el barri! Projecte de dinamitzaci\u00f3 d\u2019accions art\u00edstiques comunit\u00e0ries<\/p>\n","protected":false},"author":1,"featured_media":0,"parent":0,"menu_order":0,"comment_status":"closed","ping_status":"closed","template":"","meta":{"footnotes":""},"class_list":["post-6091","page","type-page","status-publish","hentry","column","threecol"],"_links":{"self":[{"href":"https:\/\/tramacultura.org\/index.php?rest_route=\/wp\/v2\/pages\/6091","targetHints":{"allow":["GET"]}}],"collection":[{"href":"https:\/\/tramacultura.org\/index.php?rest_route=\/wp\/v2\/pages"}],"about":[{"href":"https:\/\/tramacultura.org\/index.php?rest_route=\/wp\/v2\/types\/page"}],"author":[{"embeddable":true,"href":"https:\/\/tramacultura.org\/index.php?rest_route=\/wp\/v2\/users\/1"}],"replies":[{"embeddable":true,"href":"https:\/\/tramacultura.org\/index.php?rest_route=%2Fwp%2Fv2%2Fcomments&post=6091"}],"version-history":[{"count":6,"href":"https:\/\/tramacultura.org\/index.php?rest_route=\/wp\/v2\/pages\/6091\/revisions"}],"predecessor-version":[{"id":6129,"href":"https:\/\/tramacultura.org\/index.php?rest_route=\/wp\/v2\/pages\/6091\/revisions\/6129"}],"wp:attachment":[{"href":"https:\/\/tramacultura.org\/index.php?rest_route=%2Fwp%2Fv2%2Fmedia&parent=6091"}],"curies":[{"name":"wp","href":"https:\/\/api.w.org\/{rel}","templated":true}]}}