{"id":6052,"date":"2022-05-02T09:52:50","date_gmt":"2022-05-02T09:52:50","guid":{"rendered":"https:\/\/tramacultura.org\/?page_id=6052"},"modified":"2024-02-13T16:33:55","modified_gmt":"2024-02-13T16:33:55","slug":"espai-cultural-hormigonera-de-sants","status":"publish","type":"page","link":"https:\/\/tramacultura.org\/?page_id=6052","title":{"rendered":"Espai Cultural Hormigonera de Sants"},"content":{"rendered":"\n<p class=\"has-text-align-left\">La Hormigonera de Sants vol ser un espai cultural arrelat al territori i que treballi per a la prevenci\u00f3 de les viol\u00e8ncies masclistes i discriminacions de g\u00e8nere a trav\u00e9s de l\u2019art i els imaginaris culturals. \u00c9s un espai cogestionat per les cooperatives LaPera i Trama.<\/p>\n\n\n\n<p>T\u00e9 la voluntat de fer una programaci\u00f3 d\u2019exposicions art\u00edstiques amb perspectiva feminista on q\u00fcestionar i transformar de forma col\u00b7lectiva les opressions de g\u00e8nere, el sexisme, la invisibilitzaci\u00f3 de les dones i altres q\u00fcestions que promoguin la reflexi\u00f3 cr\u00edtica entorn del g\u00e8nere i les viol\u00e8ncies masclistes a trav\u00e9s de l&#8217;art i la cultura com elements de transformaci\u00f3 social i pol\u00edtica.<\/p>\n\n\n\n<p>\nEns trobar\u00e0s a Carrer Olzinelles 63, baixos.\n\n<\/p>\n\n\n\n<h3 class=\"wp-block-heading\">Exposici\u00f3 actual<\/h3>\n\n\n\n<h2 class=\"wp-block-heading\"><strong>#S\u00f3nElsPrivilegis, una exposici\u00f3 de memes feministes i interseccionals<\/strong><\/h2>\n\n\n\n<p>Us presentem <em>#S\u00f3nelsPrivilegis, <\/em>una exposici\u00f3 de memes feministes de la cooperativa L&#8217;etongr\u00e0fica.\u00a0<\/p>\n\n\n\n<p>Els memes s\u00f3n vehicles per transmetre idees a trav\u00e9s de l&#8217;humor, en aquest cas els farem servir per sensibilitzar sobre els privilegis i les viol\u00e8ncies, tenint en compte els diversos eixos d&#8217;opressi\u00f3 i privilegi que es donen en el si de la nostra societat, estructuralment patriarcal, capitalista i racista.<\/p>\n\n\n\n<p>L\u2019exposici\u00f3 es podr\u00e0 visitar des del <strong>22 de febrer fins a l\u201911 de mar\u00e7.<\/strong><br><\/p>\n\n\n\n<ul class=\"wp-block-list\">\n<li>Dijous 22 de febrer a les 18:30h: Inauguraci\u00f3 de l\u2019exposici\u00f3 <em>#S\u00f3nelsPrivilegis <\/em>i xerrada a c\u00e0rrec de L\u2019etnogr\u00e0fica.<\/li>\n<\/ul>\n\n\n\n<p>Les activitats s\u00f3n <strong>gratu\u00eftes <\/strong>i es duran a terme a l\u2019Espai Cultural La Hormigonera (c\/ Olzinelles, 63 baixos). Fes la teva reserva enviant un correu a <a href=\"mailto:hormigonera@trama.coop\">hormigonera@trama.coop<\/a>. <\/p>\n\n\n\n<figure class=\"wp-block-gallery has-nested-images columns-default is-cropped wp-block-gallery-1 is-layout-flex wp-block-gallery-is-layout-flex\">\n<figure class=\"wp-block-image\"><img loading=\"lazy\" decoding=\"async\" width=\"1024\" height=\"1024\" data-id=\"6238\" src=\"https:\/\/tramacultura.org\/wp-content\/uploads\/2024\/02\/BANNER-OPCIO-A-1024x1024.jpg\" alt=\"\" class=\"wp-image-6238\" srcset=\"https:\/\/tramacultura.org\/wp-content\/uploads\/2024\/02\/BANNER-OPCIO-A-1024x1024.jpg 1024w, https:\/\/tramacultura.org\/wp-content\/uploads\/2024\/02\/BANNER-OPCIO-A-300x300.jpg 300w, https:\/\/tramacultura.org\/wp-content\/uploads\/2024\/02\/BANNER-OPCIO-A-290x290.jpg 290w, https:\/\/tramacultura.org\/wp-content\/uploads\/2024\/02\/BANNER-OPCIO-A-768x768.jpg 768w, https:\/\/tramacultura.org\/wp-content\/uploads\/2024\/02\/BANNER-OPCIO-A-700x700.jpg 700w, https:\/\/tramacultura.org\/wp-content\/uploads\/2024\/02\/BANNER-OPCIO-A-332x332.jpg 332w, https:\/\/tramacultura.org\/wp-content\/uploads\/2024\/02\/BANNER-OPCIO-A-432x432.jpg 432w, https:\/\/tramacultura.org\/wp-content\/uploads\/2024\/02\/BANNER-OPCIO-A-268x268.jpg 268w, https:\/\/tramacultura.org\/wp-content\/uploads\/2024\/02\/BANNER-OPCIO-A.jpg 1500w\" sizes=\"auto, (max-width: 1024px) 100vw, 1024px\" \/><\/figure>\n<\/figure>\n\n\n\n<hr class=\"wp-block-separator has-css-opacity\"\/>\n\n\n\n<h3 class=\"wp-block-heading\">Exposicions passades<\/h3>\n\n\n\n<p><strong>\u00a0Cicle Intervenir, reconstruir i provocar a la realitat<\/strong><\/p>\n\n\n\n<p>Des de l\u2019espai de cultura feminista La Hormigonera presentem <strong><em><strong>Intervenir, reconstruir i provocar a la realitat<\/strong><\/em><\/strong>, un cicle d\u2019activitats entorn la pr\u00e0ctica creativa i les expressions que se\u2019n deriven, a trav\u00e9s del joc i la paraula.<\/p>\n\n\n\n<p>El cicle t\u00e9 com a eix central l&#8217;exposici\u00f3 <em><strong>Juguem amb el con-text?<\/strong><\/em>, una exposici\u00f3 col\u00b7lectiva de les artistes <a href=\"https:\/\/www.instagram.com\/artemapache\/\" data-type=\"URL\" data-id=\"https:\/\/www.instagram.com\/artemapache\/\" target=\"_blank\" rel=\"noreferrer noopener\">Arte Mapache<\/a>, <a href=\"https:\/\/www.instagram.com\/misletisu\/\" data-type=\"URL\" data-id=\"https:\/\/www.instagram.com\/misletisu\/\" target=\"_blank\" rel=\"noreferrer noopener\">Leticia rodr\u00edguez <\/a>i <a href=\"https:\/\/www.instagram.com\/mireiaotis\/\" data-type=\"URL\" data-id=\"https:\/\/www.instagram.com\/mireiaotis\/\" target=\"_blank\" rel=\"noreferrer noopener\">Mireia Massana<\/a>.<\/p>\n\n\n\n<p><strong>L&#8217;exposici\u00f3 es podr\u00e0 visitar del 24 de mar\u00e7 al 20 de maig.<\/strong><\/p>\n\n\n\n<div class=\"wp-block-columns is-layout-flex wp-container-core-columns-is-layout-1 wp-block-columns-is-layout-flex\">\n<div class=\"wp-block-column is-layout-flow wp-block-column-is-layout-flow\">\n<figure class=\"wp-block-image size-large\"><img loading=\"lazy\" decoding=\"async\" width=\"1024\" height=\"1024\" src=\"https:\/\/tramacultura.org\/wp-content\/uploads\/2024\/02\/BANNER-GENERAL-4-1024x1024.jpg\" alt=\"\" class=\"wp-image-6246\" srcset=\"https:\/\/tramacultura.org\/wp-content\/uploads\/2024\/02\/BANNER-GENERAL-4-1024x1024.jpg 1024w, https:\/\/tramacultura.org\/wp-content\/uploads\/2024\/02\/BANNER-GENERAL-4-300x300.jpg 300w, https:\/\/tramacultura.org\/wp-content\/uploads\/2024\/02\/BANNER-GENERAL-4-290x290.jpg 290w, https:\/\/tramacultura.org\/wp-content\/uploads\/2024\/02\/BANNER-GENERAL-4-768x768.jpg 768w, https:\/\/tramacultura.org\/wp-content\/uploads\/2024\/02\/BANNER-GENERAL-4-700x700.jpg 700w, https:\/\/tramacultura.org\/wp-content\/uploads\/2024\/02\/BANNER-GENERAL-4-332x332.jpg 332w, https:\/\/tramacultura.org\/wp-content\/uploads\/2024\/02\/BANNER-GENERAL-4-432x432.jpg 432w, https:\/\/tramacultura.org\/wp-content\/uploads\/2024\/02\/BANNER-GENERAL-4-268x268.jpg 268w, https:\/\/tramacultura.org\/wp-content\/uploads\/2024\/02\/BANNER-GENERAL-4.jpg 1200w\" sizes=\"auto, (max-width: 1024px) 100vw, 1024px\" \/><\/figure>\n<\/div>\n<\/div>\n\n\n\n<p><strong>Cartografies del retrobament<\/strong><\/p>\n\n\n\n<p>Des de l\u2019espai de cultura feminista La Hormigonera presentem<strong> <em>Cartografies del retrobament<\/em>,<\/strong> un cicle d&#8217;activitats per reflexionar col\u00b7lectivament sobre la necessitat de nombrar les viol\u00e8ncies que habiten i interfereixen la nostra mem\u00f2ria corporal, individual i col\u00b7lectiva; i visibilitzar possibles processos de confrontaci\u00f3 i reparaci\u00f3. Volem posar el focus en el propi cos com a territori sensible des d&#8217;on habitem aquesta societat. Volem escoltar-lo, celebrar-lo i aix\u00ed homenatjar-lo.<\/p>\n\n\n\n<p><br>El cicle t\u00e9 com a eix vertebrador <strong>l\u2019exposici\u00f3 col\u00b7lectiva <em>Cartografies del retrobament<\/em>,<\/strong> formada per les obres pl\u00e0stiques del projecte DE_IG de Laia Tub\u00edo i aquelles sorgides dels tallers de fotobrodat \u201cHomenaje a mi cuerpx\u201d de La Eroteca.<\/p>\n\n\n\n<p><strong>L\u2019exposici\u00f3 es podr\u00e0 visitar del 4 de novembre al 31 de desembre. <\/strong><\/p>\n\n\n\n<div class=\"wp-block-columns is-layout-flex wp-container-core-columns-is-layout-3 wp-block-columns-is-layout-flex\">\n<div class=\"wp-block-column is-layout-flow wp-block-column-is-layout-flow\" style=\"flex-basis:100%\">\n<div class=\"wp-block-columns is-layout-flex wp-container-core-columns-is-layout-2 wp-block-columns-is-layout-flex\">\n<div class=\"wp-block-column is-layout-flow wp-block-column-is-layout-flow\">\n<figure class=\"wp-block-image size-large\"><img loading=\"lazy\" decoding=\"async\" width=\"1024\" height=\"1024\" src=\"https:\/\/tramacultura.org\/wp-content\/uploads\/2024\/02\/banner-general-2-3-1024x1024.jpg\" alt=\"\" class=\"wp-image-6241\" srcset=\"https:\/\/tramacultura.org\/wp-content\/uploads\/2024\/02\/banner-general-2-3-1024x1024.jpg 1024w, https:\/\/tramacultura.org\/wp-content\/uploads\/2024\/02\/banner-general-2-3-300x300.jpg 300w, https:\/\/tramacultura.org\/wp-content\/uploads\/2024\/02\/banner-general-2-3-290x290.jpg 290w, https:\/\/tramacultura.org\/wp-content\/uploads\/2024\/02\/banner-general-2-3-768x768.jpg 768w, https:\/\/tramacultura.org\/wp-content\/uploads\/2024\/02\/banner-general-2-3-700x700.jpg 700w, https:\/\/tramacultura.org\/wp-content\/uploads\/2024\/02\/banner-general-2-3-332x332.jpg 332w, https:\/\/tramacultura.org\/wp-content\/uploads\/2024\/02\/banner-general-2-3-432x432.jpg 432w, https:\/\/tramacultura.org\/wp-content\/uploads\/2024\/02\/banner-general-2-3-268x268.jpg 268w, https:\/\/tramacultura.org\/wp-content\/uploads\/2024\/02\/banner-general-2-3.jpg 1280w\" sizes=\"auto, (max-width: 1024px) 100vw, 1024px\" \/><\/figure>\n<\/div>\n\n\n\n<div class=\"wp-block-column is-layout-flow wp-block-column-is-layout-flow\">\n<figure class=\"wp-block-image size-large\"><img loading=\"lazy\" decoding=\"async\" width=\"1024\" height=\"1024\" src=\"https:\/\/tramacultura.org\/wp-content\/uploads\/2024\/02\/banner-activitats-4-1024x1024.jpg\" alt=\"\" class=\"wp-image-6242\" srcset=\"https:\/\/tramacultura.org\/wp-content\/uploads\/2024\/02\/banner-activitats-4-1024x1024.jpg 1024w, https:\/\/tramacultura.org\/wp-content\/uploads\/2024\/02\/banner-activitats-4-300x300.jpg 300w, https:\/\/tramacultura.org\/wp-content\/uploads\/2024\/02\/banner-activitats-4-290x290.jpg 290w, https:\/\/tramacultura.org\/wp-content\/uploads\/2024\/02\/banner-activitats-4-768x768.jpg 768w, https:\/\/tramacultura.org\/wp-content\/uploads\/2024\/02\/banner-activitats-4-700x700.jpg 700w, https:\/\/tramacultura.org\/wp-content\/uploads\/2024\/02\/banner-activitats-4-332x332.jpg 332w, https:\/\/tramacultura.org\/wp-content\/uploads\/2024\/02\/banner-activitats-4-432x432.jpg 432w, https:\/\/tramacultura.org\/wp-content\/uploads\/2024\/02\/banner-activitats-4-268x268.jpg 268w, https:\/\/tramacultura.org\/wp-content\/uploads\/2024\/02\/banner-activitats-4.jpg 1279w\" sizes=\"auto, (max-width: 1024px) 100vw, 1024px\" \/><\/figure>\n<\/div>\n\n\n\n<div class=\"wp-block-column is-layout-flow wp-block-column-is-layout-flow\">\n<figure class=\"wp-block-image size-large\"><img loading=\"lazy\" decoding=\"async\" width=\"1024\" height=\"1024\" src=\"https:\/\/tramacultura.org\/wp-content\/uploads\/2024\/02\/banner-activitat-2-1-1024x1024.jpg\" alt=\"\" class=\"wp-image-6244\" srcset=\"https:\/\/tramacultura.org\/wp-content\/uploads\/2024\/02\/banner-activitat-2-1-1024x1024.jpg 1024w, https:\/\/tramacultura.org\/wp-content\/uploads\/2024\/02\/banner-activitat-2-1-300x300.jpg 300w, https:\/\/tramacultura.org\/wp-content\/uploads\/2024\/02\/banner-activitat-2-1-290x290.jpg 290w, https:\/\/tramacultura.org\/wp-content\/uploads\/2024\/02\/banner-activitat-2-1-768x768.jpg 768w, https:\/\/tramacultura.org\/wp-content\/uploads\/2024\/02\/banner-activitat-2-1-700x700.jpg 700w, https:\/\/tramacultura.org\/wp-content\/uploads\/2024\/02\/banner-activitat-2-1-332x332.jpg 332w, https:\/\/tramacultura.org\/wp-content\/uploads\/2024\/02\/banner-activitat-2-1-432x432.jpg 432w, https:\/\/tramacultura.org\/wp-content\/uploads\/2024\/02\/banner-activitat-2-1-268x268.jpg 268w, https:\/\/tramacultura.org\/wp-content\/uploads\/2024\/02\/banner-activitat-2-1.jpg 1279w\" sizes=\"auto, (max-width: 1024px) 100vw, 1024px\" \/><\/figure>\n<\/div>\n<\/div>\n<\/div>\n<\/div>\n\n\n\n<p><strong>L\u2019art de Transitar, un cicle per reflexionar col\u00b7lectivament sobre la identitat de g\u00e8nere<\/strong><\/p>\n\n\n\n<p>Des de l\u2019espai de cultura feminista La Hormigonera de Sants, presentem<strong> <em>L\u2019art de Transitar<\/em>, un cicle d\u2019activitats per reflexionar col\u00b7lectivament sobre la identitat de g\u00e8nere<\/strong>, posant el focus en les arts com a llenguatge per abordar aquesta q\u00fcesti\u00f3, i amb l\u2019objectiu d\u2019erradicar estereotips i prejudicis a trav\u00e9s de propostes culturals i art\u00edstiques, des d&#8217;una perspectiva cr\u00edtica, feminista, interseccional i transversal.<br><\/p>\n\n\n\n<p>El cicle t\u00e9 com a element central l\u2019<strong>exposici\u00f3 fotogr\u00e0fica<\/strong><em> <\/em><strong><em>Brillem m\u00e9s que els prejudicis<\/em> <\/strong>com a eix vertebrador. Aquesta neix de l\u2019encreuament dels tr\u00e0nsits entre la ONG SUDS amb la fot\u00f2grafa Ester P\u00e9rez Berenguer i el grup de teatre TiritiTrans Trans Trans.\u00a0<\/p>\n\n\n\n<p>A trav\u00e9s de les imatges i les paraules coneixereu a Duviela, Eden, Lineth, Violet i Viviana i descobrireu el grup de teatre que amb tanta dedicaci\u00f3 han creat, per interpel\u00b7lar-vos des de l\u2019escenari i ara, a trav\u00e9s de les imatges. Ens demostren la pot\u00e8ncia de la cultura per lluitar contra els estereotips i els prejudicis, en aquest cas, relacionats amb la identitat de g\u00e8nere.\u00a0<br><strong>L\u2019exposici\u00f3 es podr\u00e0 visitar del 7 al 30 d\u2019octubre. <\/strong><\/p>\n\n\n\n<div class=\"wp-block-group\"><div class=\"wp-block-group__inner-container is-layout-constrained wp-block-group-is-layout-constrained\">\n<div class=\"wp-block-columns is-layout-flex wp-container-core-columns-is-layout-5 wp-block-columns-is-layout-flex\">\n<div class=\"wp-block-column is-layout-flow wp-block-column-is-layout-flow\" style=\"flex-basis:100%\">\n<div class=\"wp-block-group\"><div class=\"wp-block-group__inner-container is-layout-constrained wp-block-group-is-layout-constrained\">\n<div class=\"wp-block-columns is-layout-flex wp-container-core-columns-is-layout-4 wp-block-columns-is-layout-flex\">\n<div class=\"wp-block-column is-layout-flow wp-block-column-is-layout-flow\">\n<figure class=\"wp-block-image\"><img loading=\"lazy\" decoding=\"async\" width=\"1024\" height=\"1024\" src=\"https:\/\/tramacultura.org\/wp-content\/uploads\/2022\/09\/banner-activitat-01-a-1024x1024.jpg\" alt=\"\" class=\"wp-image-6167\" srcset=\"https:\/\/tramacultura.org\/wp-content\/uploads\/2022\/09\/banner-activitat-01-a-1024x1024.jpg 1024w, https:\/\/tramacultura.org\/wp-content\/uploads\/2022\/09\/banner-activitat-01-a-290x290.jpg 290w, https:\/\/tramacultura.org\/wp-content\/uploads\/2022\/09\/banner-activitat-01-a-300x300.jpg 300w, https:\/\/tramacultura.org\/wp-content\/uploads\/2022\/09\/banner-activitat-01-a-768x768.jpg 768w, https:\/\/tramacultura.org\/wp-content\/uploads\/2022\/09\/banner-activitat-01-a-700x700.jpg 700w, https:\/\/tramacultura.org\/wp-content\/uploads\/2022\/09\/banner-activitat-01-a-332x332.jpg 332w, https:\/\/tramacultura.org\/wp-content\/uploads\/2022\/09\/banner-activitat-01-a-432x432.jpg 432w, https:\/\/tramacultura.org\/wp-content\/uploads\/2022\/09\/banner-activitat-01-a-268x268.jpg 268w, https:\/\/tramacultura.org\/wp-content\/uploads\/2022\/09\/banner-activitat-01-a.jpg 1279w\" sizes=\"auto, (max-width: 1024px) 100vw, 1024px\" \/><\/figure>\n<\/div>\n\n\n\n<div class=\"wp-block-column is-layout-flow wp-block-column-is-layout-flow\">\n<figure class=\"wp-block-image size-large\"><img loading=\"lazy\" decoding=\"async\" width=\"1024\" height=\"1024\" src=\"https:\/\/tramacultura.org\/wp-content\/uploads\/2024\/02\/banner-activitat-02-1024x1024-2-1024x1024.jpg\" alt=\"\" class=\"wp-image-6237\" srcset=\"https:\/\/tramacultura.org\/wp-content\/uploads\/2024\/02\/banner-activitat-02-1024x1024-2.jpg 1024w, https:\/\/tramacultura.org\/wp-content\/uploads\/2024\/02\/banner-activitat-02-1024x1024-2-300x300.jpg 300w, https:\/\/tramacultura.org\/wp-content\/uploads\/2024\/02\/banner-activitat-02-1024x1024-2-290x290.jpg 290w, https:\/\/tramacultura.org\/wp-content\/uploads\/2024\/02\/banner-activitat-02-1024x1024-2-768x768.jpg 768w, https:\/\/tramacultura.org\/wp-content\/uploads\/2024\/02\/banner-activitat-02-1024x1024-2-700x700.jpg 700w, https:\/\/tramacultura.org\/wp-content\/uploads\/2024\/02\/banner-activitat-02-1024x1024-2-332x332.jpg 332w, https:\/\/tramacultura.org\/wp-content\/uploads\/2024\/02\/banner-activitat-02-1024x1024-2-432x432.jpg 432w, https:\/\/tramacultura.org\/wp-content\/uploads\/2024\/02\/banner-activitat-02-1024x1024-2-268x268.jpg 268w\" sizes=\"auto, (max-width: 1024px) 100vw, 1024px\" \/><\/figure>\n<\/div>\n\n\n\n<div class=\"wp-block-column is-layout-flow wp-block-column-is-layout-flow\">\n<figure class=\"wp-block-image size-large\"><img loading=\"lazy\" decoding=\"async\" width=\"1024\" height=\"1024\" src=\"https:\/\/tramacultura.org\/wp-content\/uploads\/2024\/02\/banner-activitat-03-b-1024x1024-1-1024x1024.jpg\" alt=\"\" class=\"wp-image-6236\" srcset=\"https:\/\/tramacultura.org\/wp-content\/uploads\/2024\/02\/banner-activitat-03-b-1024x1024-1.jpg 1024w, https:\/\/tramacultura.org\/wp-content\/uploads\/2024\/02\/banner-activitat-03-b-1024x1024-1-300x300.jpg 300w, https:\/\/tramacultura.org\/wp-content\/uploads\/2024\/02\/banner-activitat-03-b-1024x1024-1-290x290.jpg 290w, https:\/\/tramacultura.org\/wp-content\/uploads\/2024\/02\/banner-activitat-03-b-1024x1024-1-768x768.jpg 768w, https:\/\/tramacultura.org\/wp-content\/uploads\/2024\/02\/banner-activitat-03-b-1024x1024-1-700x700.jpg 700w, https:\/\/tramacultura.org\/wp-content\/uploads\/2024\/02\/banner-activitat-03-b-1024x1024-1-332x332.jpg 332w, https:\/\/tramacultura.org\/wp-content\/uploads\/2024\/02\/banner-activitat-03-b-1024x1024-1-432x432.jpg 432w, https:\/\/tramacultura.org\/wp-content\/uploads\/2024\/02\/banner-activitat-03-b-1024x1024-1-268x268.jpg 268w\" sizes=\"auto, (max-width: 1024px) 100vw, 1024px\" \/><\/figure>\n<\/div>\n<\/div>\n<\/div><\/div>\n<\/div>\n<\/div>\n<\/div><\/div>\n\n\n\n<p><strong>Cuerpos indomables, dintre del cicle d&#8217;activitats \u00abI tu, qu\u00e8 mires?\u00bb<\/strong><\/p>\n\n\n<div class=\"wp-block-image\">\n<figure class=\"aligncenter is-resized\"><img loading=\"lazy\" decoding=\"async\" src=\"https:\/\/tramacultura.org\/wp-content\/uploads\/2022\/05\/WhatsApp-Image-2022-05-02-at-9.58.34-AM-1024x1024.jpeg\" alt=\"\" class=\"wp-image-6060\" width=\"357\" height=\"357\" srcset=\"https:\/\/tramacultura.org\/wp-content\/uploads\/2022\/05\/WhatsApp-Image-2022-05-02-at-9.58.34-AM-1024x1024.jpeg 1024w, https:\/\/tramacultura.org\/wp-content\/uploads\/2022\/05\/WhatsApp-Image-2022-05-02-at-9.58.34-AM-290x290.jpeg 290w, https:\/\/tramacultura.org\/wp-content\/uploads\/2022\/05\/WhatsApp-Image-2022-05-02-at-9.58.34-AM-300x300.jpeg 300w, https:\/\/tramacultura.org\/wp-content\/uploads\/2022\/05\/WhatsApp-Image-2022-05-02-at-9.58.34-AM-768x768.jpeg 768w, https:\/\/tramacultura.org\/wp-content\/uploads\/2022\/05\/WhatsApp-Image-2022-05-02-at-9.58.34-AM-700x700.jpeg 700w, https:\/\/tramacultura.org\/wp-content\/uploads\/2022\/05\/WhatsApp-Image-2022-05-02-at-9.58.34-AM-332x332.jpeg 332w, https:\/\/tramacultura.org\/wp-content\/uploads\/2022\/05\/WhatsApp-Image-2022-05-02-at-9.58.34-AM-432x432.jpeg 432w, https:\/\/tramacultura.org\/wp-content\/uploads\/2022\/05\/WhatsApp-Image-2022-05-02-at-9.58.34-AM-268x268.jpeg 268w, https:\/\/tramacultura.org\/wp-content\/uploads\/2022\/05\/WhatsApp-Image-2022-05-02-at-9.58.34-AM.jpeg 1080w\" sizes=\"auto, (max-width: 357px) 100vw, 357px\" \/><figcaption class=\"wp-element-caption\"><br><strong>Cicle d&#8217;activitats \u00abI tu, qu\u00e8 mires?\u00bb<\/strong> on visibilitzar, q\u00fcestionar, dialogar i modificar les fronteres est\u00e8tiques imposades als nostres cossos.<br> \ud83d\udcf7 El cicle inclou <strong>Cuerpos Indomables<\/strong>, una exposici\u00f3 fotogr\u00e0fica a c\u00e0rrec del col\u00b7lectiu <a href=\"https:\/\/www.instagram.com\/cuerposindomables\/\">@cuerposindomables<\/a> que es podr\u00e0 visitar des del 6\/05 fins al 02\/06 (visites amb reserva a trama@trama.coop)<\/figcaption><\/figure><\/div>\n\n\n<p><\/p>\n\n\n<div class=\"wp-block-image\">\n<figure class=\"aligncenter\"><img loading=\"lazy\" decoding=\"async\" width=\"1024\" height=\"512\" src=\"https:\/\/tramacultura.org\/wp-content\/uploads\/2022\/05\/Captura_diari_confinament-1024x512.jpg\" alt=\"\" class=\"wp-image-6063\" srcset=\"https:\/\/tramacultura.org\/wp-content\/uploads\/2022\/05\/Captura_diari_confinament-1024x512.jpg 1024w, https:\/\/tramacultura.org\/wp-content\/uploads\/2022\/05\/Captura_diari_confinament-300x150.jpg 300w, https:\/\/tramacultura.org\/wp-content\/uploads\/2022\/05\/Captura_diari_confinament-768x384.jpg 768w, https:\/\/tramacultura.org\/wp-content\/uploads\/2022\/05\/Captura_diari_confinament-700x350.jpg 700w, https:\/\/tramacultura.org\/wp-content\/uploads\/2022\/05\/Captura_diari_confinament-332x166.jpg 332w, https:\/\/tramacultura.org\/wp-content\/uploads\/2022\/05\/Captura_diari_confinament.jpg 1230w\" sizes=\"auto, (max-width: 1024px) 100vw, 1024px\" \/><figcaption class=\"wp-element-caption\"> \u201cL\u2019alegria m\u00e9s gran de la meva mare era anar a buscar el seu net de 10 anys a l\u2019escola i passar-se la tarda jugant amb ell. Per fer-ho no li importava fer un llarg trajecte en autob\u00fas dues vegades per setmana. A dia d\u2019avui la meva mare no ha tornat a pujar mai m\u00e9s en un autob\u00fas ni tampoc ha anat a buscar el net a l\u2019escola. Ara aquest nen ja \u00e9s un preadolescent. El confinament i la pand\u00e8mia li han robat la possibilitat d\u2019exercir el que per a ella era el seu rol principal: ser \u00e0via.\u201d <br><br> Amb la pand\u00e8mia s\u2019ha posat sobre la taula el terme <em>edatisme<\/em>, la discriminaci\u00f3 vers una persona per la seva edat a trav\u00e9s d\u2019estereotips socials i prejudicis. L\u2019edatisme i la manca d\u2019una cultura de l\u2019envelliment en la nostra societat fomenta l\u2019exclusi\u00f3 de la gent gran de la vida p\u00fablica i social, i propicia un empobriment de l\u2019activitat cultural, reflexiva i creativa d\u2019aquestes persones. A m\u00e9s, suposa una p\u00e8rdua per al conjunt de la societat, que resta privada de la perspectiva, experi\u00e8ncia, coneixement, capacitats i aportacions de les persones amb m\u00e9s edat. <br>Aquesta exposici\u00f3 recull el seguiment fotogr\u00e0fic que va fer l&#8217;autora, S\u00edlvia S\u00e1nchez Bianchi,  mitjan\u00e7ant un tel\u00e8fon m\u00f2bil sobre la meva mare de 82 anys durant els mesos del confinament. <\/figcaption><\/figure><\/div>\n\n\n<figure class=\"wp-block-image\"><img loading=\"lazy\" decoding=\"async\" width=\"710\" height=\"361\" src=\"https:\/\/tramacultura.org\/wp-content\/uploads\/2022\/05\/Captura_pechos.jpg\" alt=\"\" class=\"wp-image-6068\" srcset=\"https:\/\/tramacultura.org\/wp-content\/uploads\/2022\/05\/Captura_pechos.jpg 710w, https:\/\/tramacultura.org\/wp-content\/uploads\/2022\/05\/Captura_pechos-300x153.jpg 300w, https:\/\/tramacultura.org\/wp-content\/uploads\/2022\/05\/Captura_pechos-700x356.jpg 700w, https:\/\/tramacultura.org\/wp-content\/uploads\/2022\/05\/Captura_pechos-332x169.jpg 332w\" sizes=\"auto, (max-width: 710px) 100vw, 710px\" \/><figcaption class=\"wp-element-caption\"> Exposici\u00f3 Pechos, de Leticia Rodriguez <a href=\"https:\/\/www.instagram.com\/misletisu\/\">@misletisu<\/a> , amb la que estrenem l&#8217;espai de la Hormigonera. <br>Les obres fan un recorregut per l&#8217;aprenentage vital i la presa de consic\u00e8ncia de les opressions patriarcals i ho fa fent refer\u00e8ncia a alguns s\u00edmbols culturals, com  La Mano de F\u00e1tima (Khamsa), a la poesia o a obres liter\u00e0ries d&#8217;autores com Alejandra Pizarnik i Virginia Wolf.<br><br>L&#8217;exposici\u00f3 s&#8217;emmarca dins de \u00abDones amb art: Jornada Feminista d&#8217;Arts Visuals\u00bb que organitzem al <a href=\"https:\/\/www.instagram.com\/explore\/tags\/culturacoop\/\">#CulturaCoop<\/a> i vinculat al Dia internacional de les dones (8M). S&#8217;ha buscat implicar el barri en una de les diades culturals que lluiten contra les discriminacions i les viol\u00e8ncies masclistes. <\/figcaption><\/figure>\n","protected":false},"excerpt":{"rendered":"<p>La Hormigonera de Sants vol ser un espai cultural arrelat al territori i que treballi per a la prevenci\u00f3 de les viol\u00e8ncies masclistes i discriminacions de g\u00e8nere a trav\u00e9s de l\u2019art i els imaginaris culturals. \u00c9s un espai cogestionat per les cooperatives LaPera i Trama. T\u00e9 la voluntat de fer &#8230;<\/p>\n","protected":false},"author":1,"featured_media":0,"parent":0,"menu_order":0,"comment_status":"closed","ping_status":"closed","template":"","meta":{"footnotes":""},"class_list":["post-6052","page","type-page","status-publish","hentry","column","threecol"],"_links":{"self":[{"href":"https:\/\/tramacultura.org\/index.php?rest_route=\/wp\/v2\/pages\/6052","targetHints":{"allow":["GET"]}}],"collection":[{"href":"https:\/\/tramacultura.org\/index.php?rest_route=\/wp\/v2\/pages"}],"about":[{"href":"https:\/\/tramacultura.org\/index.php?rest_route=\/wp\/v2\/types\/page"}],"author":[{"embeddable":true,"href":"https:\/\/tramacultura.org\/index.php?rest_route=\/wp\/v2\/users\/1"}],"replies":[{"embeddable":true,"href":"https:\/\/tramacultura.org\/index.php?rest_route=%2Fwp%2Fv2%2Fcomments&post=6052"}],"version-history":[{"count":12,"href":"https:\/\/tramacultura.org\/index.php?rest_route=\/wp\/v2\/pages\/6052\/revisions"}],"predecessor-version":[{"id":6248,"href":"https:\/\/tramacultura.org\/index.php?rest_route=\/wp\/v2\/pages\/6052\/revisions\/6248"}],"wp:attachment":[{"href":"https:\/\/tramacultura.org\/index.php?rest_route=%2Fwp%2Fv2%2Fmedia&parent=6052"}],"curies":[{"name":"wp","href":"https:\/\/api.w.org\/{rel}","templated":true}]}}