{"id":6025,"date":"2021-12-10T11:41:10","date_gmt":"2021-12-10T11:41:10","guid":{"rendered":"https:\/\/tramacultura.org\/?page_id=6025"},"modified":"2021-12-10T11:41:10","modified_gmt":"2021-12-10T11:41:10","slug":"canbiem-la-festa-teatreforum","status":"publish","type":"page","link":"https:\/\/tramacultura.org\/?page_id=6025","title":{"rendered":"#CanBIem la festa! Teatref\u00f2rum"},"content":{"rendered":"\n<figure class=\"wp-block-image\"><img loading=\"lazy\" decoding=\"async\" width=\"1024\" height=\"662\" src=\"https:\/\/tramacultura.org\/wp-content\/uploads\/2021\/12\/exemple-1024x662.jpg\" alt=\"\" class=\"wp-image-6027\" srcset=\"https:\/\/tramacultura.org\/wp-content\/uploads\/2021\/12\/exemple-1024x662.jpg 1024w, https:\/\/tramacultura.org\/wp-content\/uploads\/2021\/12\/exemple-300x194.jpg 300w, https:\/\/tramacultura.org\/wp-content\/uploads\/2021\/12\/exemple-768x496.jpg 768w, https:\/\/tramacultura.org\/wp-content\/uploads\/2021\/12\/exemple-700x452.jpg 700w, https:\/\/tramacultura.org\/wp-content\/uploads\/2021\/12\/exemple-332x214.jpg 332w, https:\/\/tramacultura.org\/wp-content\/uploads\/2021\/12\/exemple.jpg 2048w\" sizes=\"auto, (max-width: 1024px) 100vw, 1024px\" \/><\/figure>\n\n\n\n<p>Est\u00e0s a punt per a la festa? I si la festa en qu\u00e8 t\u2019ha tocat estar no t\u2019agrada?<\/p>\n\n\n\n<p>Les festes poden ser molt divertides i diverses, per\u00f2 a vegades estan fetes perqu\u00e8 nom\u00e9s algunes persones s\u2019ho passin b\u00e9. \u00c9s aquesta la festa que volem o la podem canviar?<br>La protagonista de la nostra hist\u00f2ria, la Carla, \u00e9s una noia bisexual que sent que ha anat a una festa on ning\u00fa l\u2019ha convidat. La festa d\u2019una societat que sovint juga a fer-nos triar entre dues opcions aparentment incompatibles per encaixar-nos en l\u2019ordre establert: platja o muntanya?, carn o peix?, home o dona? heterosexual o homosexual? Qui no s\u2019identifica amb cap d\u2019elles, sovint s\u2019enfronta a la incomprensi\u00f3 dels qui nom\u00e9s conceben un m\u00f3n binari.<\/p>\n\n\n\n<p>\u00abCanBIem la festa! \u2014teatre f\u00f2rum sobre diversitat afectiva i sexual\u00bb, \u00e9s una obra en la que es construeixen escenaris que visibilitzen les opressions quotidianes que viuen les persones bisexuals i els mites fabricats entorn de la seva realitat, fruit d\u2019un sistema patriarcal, heteronormatiu i binari que considera que han de canviar, perqu\u00e8 s\u00f3n peces que no encaixen.<\/p>\n\n\n\n<p>Aquesta creaci\u00f3 esc\u00e8nica interpel\u00b7la al p\u00fablic per tal de fomentar una reflexi\u00f3 col\u00b7lectiva entorn de la diversitat sexual i afectiva de la qual sorgeixin noves propostes d\u2019actuaci\u00f3 enfront de les situacions injustes generant un espai per transformar-les.<br><\/p>\n\n\n\n<h5 class=\"wp-block-heading\"><strong>Objectius<\/strong><\/h5>\n\n\n\n<ul class=\"wp-block-list\"><li>Donar a con\u00e8ixer visi\u00f3 \u00e0mplia i diversa de la sexualitat humana com element identitari i relacional que forma part del benestar f\u00edsic, psicol\u00f2gic i emocional de les persones.<\/li><li>Fomentar la reflexi\u00f3 i el debat envers el binomi sexe-g\u00e8nere treballant els conceptes d\u2019identitat de g\u00e8nere, expressi\u00f3 de g\u00e8nere i orientaci\u00f3 del desig. Visibilitzar la diversitat aix\u00ed com les viol\u00e8ncies i privilegis que se\u2019n deriven.<\/li><li>Incentivar la reflexi\u00f3 al voltant del paper de les sexualitats en la nostra societat i la seva representaci\u00f3 en les diverses manifestacions culturals basada en un model heterosexual i masclista.<\/li><li>Desactivar mites i estereotips sobre la sexualitat, reflexionar sobre el desig, el consentiment i els abusos sexuals. Fomentar relacions justes, equitatives i solid\u00e0ries.<\/li><li>Adquirir eines per identificar situacions de conflicte, les relacions abusives i la viol\u00e8ncia masclista.  Detectar els prejudicis i problem\u00e0tiques individuals i col\u00b7lectives per tal d\u2019entendre el seu car\u00e0cter pol\u00edtic i estructural.<\/li><li>Plantejar i assajar estrat\u00e8gies de reacci\u00f3 per tal d\u2019evitar-les i\/o confrontar-les, no nom\u00e9s de forma individual sin\u00f3 com a part d\u2019un col\u00b7lectiu.<\/li><\/ul>\n\n\n\n<p><strong>P\u00fablic:<\/strong>\u00a0adolescents i joves<\/p>\n\n\n\n<p><strong>Durada:\u00a0<\/strong>Entre 1,5h &#8211; 2h hores . En funci\u00f3 de la participaci\u00f3 del p\u00fablic en el\u00a0f\u00f2rum <\/p>\n\n\n\n<h5 class=\"wp-block-heading\"><strong>Una producci\u00f3 de<\/strong><a href=\"https:\/\/tramacultura.org\/\"><strong> Trama SCCL<\/strong><\/a><strong>.<\/strong><\/h5>\n\n\n\n<p><strong>Dramat\u00fargia, direcci\u00f3 <\/strong>i<strong> int\u00e8rprets:<\/strong><br>Arola Segarra Negre<br>Marta Pal\u00e8ncia Coll<br>Betty Enguix Silvestre<\/p>\n","protected":false},"excerpt":{"rendered":"<p>Est\u00e0s a punt per a la festa? I si la festa en qu\u00e8 t\u2019ha tocat estar no t\u2019agrada? Les festes poden ser molt divertides i diverses, per\u00f2 a vegades estan fetes perqu\u00e8 nom\u00e9s algunes persones s\u2019ho passin b\u00e9. \u00c9s aquesta la festa que volem o la podem canviar?La protagonista de &#8230;<\/p>\n","protected":false},"author":1,"featured_media":0,"parent":0,"menu_order":0,"comment_status":"closed","ping_status":"closed","template":"","meta":{"footnotes":""},"class_list":["post-6025","page","type-page","status-publish","hentry","column","threecol"],"_links":{"self":[{"href":"https:\/\/tramacultura.org\/index.php?rest_route=\/wp\/v2\/pages\/6025","targetHints":{"allow":["GET"]}}],"collection":[{"href":"https:\/\/tramacultura.org\/index.php?rest_route=\/wp\/v2\/pages"}],"about":[{"href":"https:\/\/tramacultura.org\/index.php?rest_route=\/wp\/v2\/types\/page"}],"author":[{"embeddable":true,"href":"https:\/\/tramacultura.org\/index.php?rest_route=\/wp\/v2\/users\/1"}],"replies":[{"embeddable":true,"href":"https:\/\/tramacultura.org\/index.php?rest_route=%2Fwp%2Fv2%2Fcomments&post=6025"}],"version-history":[{"count":1,"href":"https:\/\/tramacultura.org\/index.php?rest_route=\/wp\/v2\/pages\/6025\/revisions"}],"predecessor-version":[{"id":6028,"href":"https:\/\/tramacultura.org\/index.php?rest_route=\/wp\/v2\/pages\/6025\/revisions\/6028"}],"wp:attachment":[{"href":"https:\/\/tramacultura.org\/index.php?rest_route=%2Fwp%2Fv2%2Fmedia&parent=6025"}],"curies":[{"name":"wp","href":"https:\/\/api.w.org\/{rel}","templated":true}]}}