{"id":5631,"date":"2020-01-20T11:43:35","date_gmt":"2020-01-20T11:43:35","guid":{"rendered":"http:\/\/tramacultura.org\/?page_id=5631"},"modified":"2023-03-21T11:31:17","modified_gmt":"2023-03-21T11:31:17","slug":"aixo-es-amor-2","status":"publish","type":"page","link":"https:\/\/tramacultura.org\/?page_id=5631","title":{"rendered":"# Aix\u00f2 \u00e9s amor?"},"content":{"rendered":"\n<figure class=\"wp-block-image is-resized\"><img loading=\"lazy\" decoding=\"async\" src=\"https:\/\/tramacultura.org\/wp-content\/uploads\/2022\/06\/aixoesamor2-1.jpg\" alt=\"\" class=\"wp-image-6088\" width=\"490\" height=\"350\" srcset=\"https:\/\/tramacultura.org\/wp-content\/uploads\/2022\/06\/aixoesamor2-1.jpg 825w, https:\/\/tramacultura.org\/wp-content\/uploads\/2022\/06\/aixoesamor2-1-300x215.jpg 300w, https:\/\/tramacultura.org\/wp-content\/uploads\/2022\/06\/aixoesamor2-1-768x549.jpg 768w, https:\/\/tramacultura.org\/wp-content\/uploads\/2022\/06\/aixoesamor2-1-700x501.jpg 700w, https:\/\/tramacultura.org\/wp-content\/uploads\/2022\/06\/aixoesamor2-1-332x237.jpg 332w\" sizes=\"auto, (max-width: 490px) 100vw, 490px\" \/><\/figure>\n\n\n\n<p class=\"has-vivid-red-color has-text-color\"><strong>T\u00edtol:&nbsp;<\/strong><\/p>\n\n\n\n<p>Aix\u00f2 \u00e9s amor?<\/p>\n\n\n\n<p class=\"has-vivid-red-color has-text-color\"><strong>Descripci\u00f3:<\/strong><\/p>\n\n\n\n<p>Viatjarem a trav\u00e9s de la hist\u00f2ria d\u2019una parella i ho farem anant enrere en el temps fins als seus inicis per reflexionar i entendre all\u00f2 que els ha portat fins on s\u00f3n ara. Destaparem els mites de l\u2019amor rom\u00e0ntic, les viol\u00e8ncies quotidianes i invisibles, q\u00fcestionarem els rols de g\u00e8nere, identificarem les viol\u00e8ncies masclistes i actuarem per canviar la hist\u00f2ria.<br><\/p>\n\n\n\n<p class=\"has-vivid-red-color has-text-color\"><strong>Objectius:<\/strong><\/p>\n\n\n\n<p>&#8211; Identificar els mites, prejudicis, rols i estereotips de g\u00e8nere. Reflexionar entorn la masculinitat, la feminitat i el binarisme de g\u00e8nere. Reflexionar entorn els rols de g\u00e8nere i la seva relaci\u00f3 amb les desigualtats i la viol\u00e8ncia masclista.<\/p>\n\n\n\n<p>&#8211; Con\u00e8ixer i reflexionar entorn el concepte de viol\u00e8ncia masclista i les diferents tipologies de viol\u00e8ncies i discriminacions de g\u00e8nere.&nbsp;<\/p>\n\n\n\n<p>-Conscienciar sobre la influ\u00e8ncia dels imaginaris i les representacions culturals en la construcci\u00f3 de la pr\u00f2pia identitat, en la manera de relacionar-nos amb el m\u00f3n i en les nostres perspectives personals, professionals i socials. Q\u00fcestionar els valors que ens transmeten.<\/p>\n\n\n\n<p>&#8211; Visibilitzar els mites de l\u2019amor rom\u00e0ntic i la seva relaci\u00f3 amb la viol\u00e8ncia masclista en l\u2019\u00e0mbit de la parella. Identificar les conductes masclistes en les relacions interpersonals i veure de quina manera ens afecten en la pr\u00f2pia conducta i en la nostra autoestima.<\/p>\n\n\n\n<p>&#8211; Adquirir eines per poder identificar les situacions de conflicte, les relacions abusives i la viol\u00e8ncia masclista.<\/p>\n\n\n\n<p>&#8211; Plantejar i assajar estrat\u00e8gies de reacci\u00f3 davant les diferents opressions i viol\u00e8ncies masclistes per tal d\u2019evitar-les i\/o confrontar-les i fer-ne una an\u00e0lisi i reflexi\u00f3 posterior compartida.<\/p>\n\n\n\n<p class=\"has-vivid-red-color has-text-color\"><strong>Fitxa t\u00e8cnica<\/strong><br><\/p>\n\n\n\n<ul class=\"wp-block-list\">\n<li><strong>Persones destinat\u00e0ries<\/strong>: Secundaria,batxillerat, joves, dones, general<\/li>\n\n\n\n<li><strong>Nombre d\u2019assistents: <\/strong>de 10 a 50&nbsp;<\/li>\n\n\n\n<li><strong>Durada \u00f2ptima: <\/strong>90 minuts. Adaptable (entre 60 i 120 minuts)&nbsp;<\/li>\n\n\n\n<li><strong>Nombre d\u2019actrius: <\/strong>2<\/li>\n\n\n\n<li><strong>Muntatge: <\/strong>60 minuts abans i 30 minuts despr\u00e9s.<\/li>\n\n\n\n<li><strong>Equipament (necessitats t\u00e8cniques):<\/strong> teatre o espai esc\u00e8nic.&nbsp;<\/li>\n<\/ul>\n\n\n\n<p class=\"has-vivid-red-color has-text-color\"><strong>Fitxa art\u00edstica<\/strong><br><\/p>\n\n\n\n<ul class=\"wp-block-list\">\n<li><strong>Repartiment: <\/strong>Arola Segarra Negre, Marta Pal\u00e8ncia Coll i Mireia S. Albrich<\/li>\n\n\n\n<li><strong>Ideaci\u00f3 i creaci\u00f3: <\/strong>Arola Segarra Negre, Marta Pal\u00e8ncia Coll i Mireia S. Albrich<\/li>\n\n\n\n<li><strong>Dramat\u00fargia i direcci\u00f3: <\/strong>Arola Segarra Negre<\/li>\n\n\n\n<li><strong>Escenografia i vestuari:<\/strong> Trama SCCL<\/li>\n<\/ul>\n\n\n\n<p>Podeu veure el tr\u00e0iler en <a href=\"https:\/\/www.youtube.com\/watch?v=z879xYpoNH4\" target=\"_blank\" rel=\"noreferrer noopener\">aquest enlla\u00e7<\/a><\/p>\n\n\n\n<figure class=\"wp-block-gallery aligncenter has-nested-images columns-2 is-cropped wp-block-gallery-1 is-layout-flex wp-block-gallery-is-layout-flex\">\n<figure class=\"wp-block-image\"><img loading=\"lazy\" decoding=\"async\" width=\"1024\" height=\"576\" data-id=\"6082\" src=\"https:\/\/tramacultura.org\/wp-content\/uploads\/2022\/06\/Aixo-es-amor-3-1024x576.png\" alt=\"\" class=\"wp-image-6082\" srcset=\"https:\/\/tramacultura.org\/wp-content\/uploads\/2022\/06\/Aixo-es-amor-3-1024x576.png 1024w, https:\/\/tramacultura.org\/wp-content\/uploads\/2022\/06\/Aixo-es-amor-3-300x169.png 300w, https:\/\/tramacultura.org\/wp-content\/uploads\/2022\/06\/Aixo-es-amor-3-768x432.png 768w, https:\/\/tramacultura.org\/wp-content\/uploads\/2022\/06\/Aixo-es-amor-3-700x393.png 700w, https:\/\/tramacultura.org\/wp-content\/uploads\/2022\/06\/Aixo-es-amor-3-332x187.png 332w, https:\/\/tramacultura.org\/wp-content\/uploads\/2022\/06\/Aixo-es-amor-3.png 1920w\" sizes=\"auto, (max-width: 1024px) 100vw, 1024px\" \/><\/figure>\n\n\n\n<figure class=\"wp-block-image\"><img loading=\"lazy\" decoding=\"async\" width=\"1024\" height=\"811\" data-id=\"6083\" src=\"https:\/\/tramacultura.org\/wp-content\/uploads\/2022\/06\/Aixo-es-amor-2-e1655121968635-1024x811.png\" alt=\"\" class=\"wp-image-6083\" srcset=\"https:\/\/tramacultura.org\/wp-content\/uploads\/2022\/06\/Aixo-es-amor-2-e1655121968635-1024x811.png 1024w, https:\/\/tramacultura.org\/wp-content\/uploads\/2022\/06\/Aixo-es-amor-2-e1655121968635-300x238.png 300w, https:\/\/tramacultura.org\/wp-content\/uploads\/2022\/06\/Aixo-es-amor-2-e1655121968635-768x609.png 768w, https:\/\/tramacultura.org\/wp-content\/uploads\/2022\/06\/Aixo-es-amor-2-e1655121968635-700x555.png 700w, https:\/\/tramacultura.org\/wp-content\/uploads\/2022\/06\/Aixo-es-amor-2-e1655121968635-332x263.png 332w, https:\/\/tramacultura.org\/wp-content\/uploads\/2022\/06\/Aixo-es-amor-2-e1655121968635.png 1363w\" sizes=\"auto, (max-width: 1024px) 100vw, 1024px\" \/><\/figure>\n<\/figure>\n","protected":false},"excerpt":{"rendered":"<p>T\u00edtol:&nbsp; Aix\u00f2 \u00e9s amor? Descripci\u00f3: Viatjarem a trav\u00e9s de la hist\u00f2ria d\u2019una parella i ho farem anant enrere en el temps fins als seus inicis per reflexionar i entendre all\u00f2 que els ha portat fins on s\u00f3n ara. Destaparem els mites de l\u2019amor rom\u00e0ntic, les viol\u00e8ncies quotidianes i invisibles, q\u00fcestionarem &#8230;<\/p>\n","protected":false},"author":1,"featured_media":0,"parent":0,"menu_order":0,"comment_status":"closed","ping_status":"closed","template":"","meta":{"footnotes":""},"class_list":["post-5631","page","type-page","status-publish","hentry","column","threecol"],"_links":{"self":[{"href":"https:\/\/tramacultura.org\/index.php?rest_route=\/wp\/v2\/pages\/5631","targetHints":{"allow":["GET"]}}],"collection":[{"href":"https:\/\/tramacultura.org\/index.php?rest_route=\/wp\/v2\/pages"}],"about":[{"href":"https:\/\/tramacultura.org\/index.php?rest_route=\/wp\/v2\/types\/page"}],"author":[{"embeddable":true,"href":"https:\/\/tramacultura.org\/index.php?rest_route=\/wp\/v2\/users\/1"}],"replies":[{"embeddable":true,"href":"https:\/\/tramacultura.org\/index.php?rest_route=%2Fwp%2Fv2%2Fcomments&post=5631"}],"version-history":[{"count":7,"href":"https:\/\/tramacultura.org\/index.php?rest_route=\/wp\/v2\/pages\/5631\/revisions"}],"predecessor-version":[{"id":6192,"href":"https:\/\/tramacultura.org\/index.php?rest_route=\/wp\/v2\/pages\/5631\/revisions\/6192"}],"wp:attachment":[{"href":"https:\/\/tramacultura.org\/index.php?rest_route=%2Fwp%2Fv2%2Fmedia&parent=5631"}],"curies":[{"name":"wp","href":"https:\/\/api.w.org\/{rel}","templated":true}]}}