{"id":5486,"date":"2018-10-26T19:46:58","date_gmt":"2018-10-26T19:46:58","guid":{"rendered":"http:\/\/tramacultura.org\/?page_id=5486"},"modified":"2022-06-13T12:44:05","modified_gmt":"2022-06-13T12:44:05","slug":"la-cultura-duna-altra-manera","status":"publish","type":"page","link":"https:\/\/tramacultura.org\/?page_id=5486","title":{"rendered":"ESTIMEM-NOS! Sexualitats i afectes"},"content":{"rendered":"\n<figure class=\"wp-block-image is-resized\"><img loading=\"lazy\" decoding=\"async\" src=\"https:\/\/tramacultura.org\/wp-content\/uploads\/2022\/06\/Diversitarts_imatge.png\" alt=\"\" class=\"wp-image-6094\" width=\"496\" height=\"331\" srcset=\"https:\/\/tramacultura.org\/wp-content\/uploads\/2022\/06\/Diversitarts_imatge.png 552w, https:\/\/tramacultura.org\/wp-content\/uploads\/2022\/06\/Diversitarts_imatge-300x200.png 300w, https:\/\/tramacultura.org\/wp-content\/uploads\/2022\/06\/Diversitarts_imatge-332x221.png 332w\" sizes=\"auto, (max-width: 496px) 100vw, 496px\" \/><\/figure>\n\n\n\n<p><strong>Programa d&#8217;activitats per a la sensibilitzaci\u00f3 sobre diversitat sexual i afectiva, promoci\u00f3 de la salut sexual i prevenci\u00f3 de viol\u00e8ncies masclistes i lgtbif\u00f2biques<\/strong> <strong>en les relacions sexo-afectives<\/strong>.<br><br>Analitzarem els discursos i representacions que ens expliquen qu\u00e8 \u00e9s la sexualitat i com hem de viure-la tot q\u00fcestionant i reflexionant sobre els mites i estereotips entorn la diversitat sexual i afectiva i sobre les viol\u00e8ncies que s&#8217;hi donen. Ampliarem el coneixement sobre els nostres cossos i la nostra mirada sobre el que entenem per sexe&nbsp; tot fomentant el respecte vers nosaltres i les altres persones.<\/p>\n\n\n\n<p>De 6\u00e8 de prim\u00e0ria a 1r de batxillerat.<\/p>\n\n\n\n<p><\/p>\n\n\n\n<p><strong>ACTIVITATS DEL PROGRAMA<\/strong><\/p>\n\n\n\n<p><strong>Quins canvis! Cossos i sexualitats a la pubertat<\/strong><\/p>\n\n\n\n<p> A partir d\u2019il\u00b7lustracions, del cinema i les s\u00e8ries, reflexionarem sobre els canvis i processos que es produeixen en la pubertat i q\u00fcestionarem les representacions i els mites de l\u2019erotisme, la bellesa, els cossos i els estereotips de g\u00e8nere. Debatrem de forma participativa sobre les identitats, les orientacions sexuals i les relacions sexoafectives.  <\/p>\n\n\n\n<p><\/p>\n\n\n\n<p><strong> Repensem el g\u00e8nere<\/strong><\/p>\n\n\n\n<p>De quina manera ens afecten els estereotips de g\u00e8nere? Ens condiciona la nostra identitat a l\u2019hora d\u2019habitar el m\u00f3n? Qu\u00e8 podem fer per fomentar una societat lliure de viol\u00e8ncies masclistes? A trav\u00e9s de din\u00e0miques grupals, exercicis pr\u00e0ctics i del debat participatiu reflexionarem entorn la construcci\u00f3 de la masculinitat i la feminitat, q\u00fcestionarem els privilegis, denunciarem les desigualtats i fomentarem una societat lliure de viol\u00e8ncies masclistes. <\/p>\n\n\n\n<p><strong>Estimem-nos! Amors i sexualitats lliures i diverses<\/strong><\/p>\n\n\n\n<p> Com aprenem a lligar i qu\u00e8 esperem d&#8217;una relaci\u00f3 rom\u00e0ntica? \u00c9s la virginitat quelcom objectiu? A partir de din\u00e0miques participatives, debats i el visionament de fragments audiovisuals, reflexionarem sobre l&#8217;amor, el sexe i q\u00fcestionarem l&#8217;heteronormativitat i el coitocentrisme com a models \u00fanics de sexualitat. Trencarem mites al voltant de les diverses orientacions sexuals i els rols de g\u00e8nere, i aprofundirem en el coneixement dels nostres cossos per poder relacionar-nos de manera sana, plaent i responsable.<\/p>\n\n\n\n<p><strong> La bellesa imposada<\/strong><\/p>\n\n\n\n<p>Qu\u00e8 \u00e9s la bellesa? \u00c9s un do de la natura, una elecci\u00f3 personal o una obligaci\u00f3 social? \u00c9s important en el m\u00f3n en el qual vivim? A partir de la la televisi\u00f3, els videoclips i la publicitat, debatrem de forma participativa sobre el concepte de bellesa, les imposicions est\u00e8tiques i la seva relaci\u00f3 amb les desigualtats socials i les discriminacions de g\u00e8nere. Reflexionarem sobre les seves conseq\u00fc\u00e8ncies en la percepci\u00f3 pr\u00f2pia, la identitat i l\u2019autoestima.  <\/p>\n\n\n\n<p><\/p>\n\n\n\n<p> <strong>Aix\u00f2 \u00e9s amor? Teatre f\u00f2rum<\/strong> <\/p>\n\n\n\n<p>Viatjarem a trav\u00e9s de la hist\u00f2ria d\u2019una parella i ho farem anant enrere en el temps fins als seus inicis per reflexionar i entendre all\u00f2 que els ha portat fins on s\u00f3n ara. Destaparem els mites de l\u2019amor rom\u00e0ntic, les viol\u00e8ncies quotidianes i invisibles, q\u00fcestionarem els rols de g\u00e8nere, identificarem les viol\u00e8ncies masclistes i actuarem per canviar la hist\u00f2ria.<\/p>\n\n\n\n<p><strong>canBIem la festa<\/strong>. Teatref\u00f2rum sobre diversitat afectiva i sexual <\/p>\n\n\n\n<p> La Carla \u00e9s una noia bisexual que sent que ha anat a una festa on ning\u00fa l\u2019ha convidat. La festa d\u2019una societat que sovint juga a fer-nos triar entre dues opcions aparentment incompatibles per encaixar-nos en l\u2019ordre establert: platja o muntanya?, carn o peix?, home o dona? heterosexual o homosexual? Qui no s\u2019identifica amb cap d\u2019elles, sovint s\u2019enfronta a la incomprensi\u00f3 dels qui nom\u00e9s conceben un m\u00f3n binari.<\/p>\n\n\n\n<p><\/p>\n","protected":false},"excerpt":{"rendered":"<p>Programa d&#8217;activitats per a la sensibilitzaci\u00f3 sobre diversitat sexual i afectiva, promoci\u00f3 de la salut sexual i prevenci\u00f3 de viol\u00e8ncies masclistes i lgtbif\u00f2biques en les relacions sexo-afectives. Analitzarem els discursos i representacions que ens expliquen qu\u00e8 \u00e9s la sexualitat i com hem de viure-la tot q\u00fcestionant i reflexionant sobre els &#8230;<\/p>\n","protected":false},"author":1,"featured_media":0,"parent":0,"menu_order":0,"comment_status":"closed","ping_status":"closed","template":"","meta":{"footnotes":""},"class_list":["post-5486","page","type-page","status-publish","hentry","column","threecol"],"_links":{"self":[{"href":"https:\/\/tramacultura.org\/index.php?rest_route=\/wp\/v2\/pages\/5486","targetHints":{"allow":["GET"]}}],"collection":[{"href":"https:\/\/tramacultura.org\/index.php?rest_route=\/wp\/v2\/pages"}],"about":[{"href":"https:\/\/tramacultura.org\/index.php?rest_route=\/wp\/v2\/types\/page"}],"author":[{"embeddable":true,"href":"https:\/\/tramacultura.org\/index.php?rest_route=\/wp\/v2\/users\/1"}],"replies":[{"embeddable":true,"href":"https:\/\/tramacultura.org\/index.php?rest_route=%2Fwp%2Fv2%2Fcomments&post=5486"}],"version-history":[{"count":6,"href":"https:\/\/tramacultura.org\/index.php?rest_route=\/wp\/v2\/pages\/5486\/revisions"}],"predecessor-version":[{"id":6100,"href":"https:\/\/tramacultura.org\/index.php?rest_route=\/wp\/v2\/pages\/5486\/revisions\/6100"}],"wp:attachment":[{"href":"https:\/\/tramacultura.org\/index.php?rest_route=%2Fwp%2Fv2%2Fmedia&parent=5486"}],"curies":[{"name":"wp","href":"https:\/\/api.w.org\/{rel}","templated":true}]}}