{"id":5320,"date":"2018-02-05T20:37:30","date_gmt":"2018-02-05T20:37:30","guid":{"rendered":"http:\/\/tramacultura.org\/?page_id=5320"},"modified":"2020-10-19T16:25:33","modified_gmt":"2020-10-19T16:25:33","slug":"infancia-espectacles","status":"publish","type":"page","link":"https:\/\/tramacultura.org\/?page_id=5320","title":{"rendered":"INF\u00c0NCIA &#8211; ESPECTACLES"},"content":{"rendered":"<div>\n<h4><span style=\"color: #ff0000;\"><strong># V<span class=\"m_8040966742449897740gmail-il\">iatge<\/span>\u00a0al\u00a0<span class=\"m_8040966742449897740gmail-il\">m\u00f3n<\/span>\u00a0<span class=\"m_8040966742449897740gmail-il\">dels<\/span>\u00a0<span class=\"m_8040966742449897740gmail-il\">contes<\/span>!\u00a0<\/strong><\/span><\/h4>\n<\/div>\n<div>\n<div>\n<div>\n<div><img loading=\"lazy\" decoding=\"async\" class=\"wp-image-5789 alignnone\" src=\"http:\/\/tramacultura.org\/w\/wp-content\/uploads\/2020\/10\/unnamed.jpg\" sizes=\"auto, (max-width: 375px) 100vw, 375px\" srcset=\"https:\/\/tramacultura.org\/w\/wp-content\/uploads\/2020\/10\/unnamed.jpg 1024w, https:\/\/tramacultura.org\/w\/wp-content\/uploads\/2020\/10\/unnamed-300x126.jpg 300w, https:\/\/tramacultura.org\/w\/wp-content\/uploads\/2020\/10\/unnamed-768x322.jpg 768w, https:\/\/tramacultura.org\/w\/wp-content\/uploads\/2020\/10\/unnamed-700x293.jpg 700w, https:\/\/tramacultura.org\/w\/wp-content\/uploads\/2020\/10\/unnamed-332x139.jpg 332w\" alt=\"\" width=\"375\" height=\"157\" \/><\/div>\n<\/div>\n<div><\/div>\n<div style=\"text-align: left;\">A l\u2019\u00c0lex i a la Berta no els agraden els contes que coneixen i decideixen crear-ne de nous. Per fer-ho, viatjaran al m\u00f3n dels contes, on coneixeran els personatges de les hist\u00f2ries i els explicaran una altra versi\u00f3 del seu conte. Tenia por, Sant Jordi, quan es va enfrontar al drac? Est\u00e0 contenta la princesa quan ha de fer sola les tasques de la llar? Acompanya\u2019ns en aquest viatge m\u00e0gic al m\u00f3n dels contes i ajuda l\u2019\u00c0lex i la Berta a crear-ne un de nou!<\/div>\n<div><\/div>\n<\/div>\n<\/div>\n<div>\n<div><\/div>\n<h4><span style=\"color: #ff0000;\"><strong># Les aventures de la Tona i la Mei<\/strong><\/span><\/h4>\n<div>\n<div><img loading=\"lazy\" decoding=\"async\" class=\"wp-image-5790 alignnone\" src=\"http:\/\/tramacultura.org\/w\/wp-content\/uploads\/2013\/07\/unnamed1.jpg\" sizes=\"auto, (max-width: 375px) 100vw, 375px\" srcset=\"https:\/\/tramacultura.org\/w\/wp-content\/uploads\/2013\/07\/unnamed1.jpg 1024w, https:\/\/tramacultura.org\/w\/wp-content\/uploads\/2013\/07\/unnamed1-300x126.jpg 300w, https:\/\/tramacultura.org\/w\/wp-content\/uploads\/2013\/07\/unnamed1-768x322.jpg 768w, https:\/\/tramacultura.org\/w\/wp-content\/uploads\/2013\/07\/unnamed1-700x293.jpg 700w, https:\/\/tramacultura.org\/w\/wp-content\/uploads\/2013\/07\/unnamed1-332x139.jpg 332w\" alt=\"\" width=\"375\" height=\"157\" \/><\/div>\n<div>\n<div>\n<div><\/div>\n<div>La Tona i la Mei han arribat a un lloc desconegut a la recerca d\u2019un conte, per\u00f2 aquesta vegada el radar els ha jugat una mala passada i no n\u2019han trobat ni rastre\u2026 Amb elles descobrirem les fascinants hist\u00f2ries que han estat amagades des de fa molt de temps. Hist\u00f2ries de princeses que no volen ser princeses, de dracs que volen ser els nostres amics i de mons fant\u00e0stics on pot passar qualsevol cosa. Us quedareu a escoltar-les?<\/div>\n<div><\/div>\n<div><em>Disponible en format virtual<\/em><\/div>\n<\/div>\n<\/div>\n<\/div>\n<\/div>\n","protected":false},"excerpt":{"rendered":"<p># Viatge\u00a0al\u00a0m\u00f3n\u00a0dels\u00a0contes!\u00a0 A l\u2019\u00c0lex i a la Berta no els agraden els contes que coneixen i decideixen crear-ne de nous. Per fer-ho, viatjaran al m\u00f3n dels contes, on coneixeran els personatges de les hist\u00f2ries i els explicaran una altra versi\u00f3 del seu conte. Tenia por, Sant Jordi, quan es va &#8230;<\/p>\n","protected":false},"author":1,"featured_media":0,"parent":0,"menu_order":0,"comment_status":"closed","ping_status":"closed","template":"","meta":{"footnotes":""},"class_list":["post-5320","page","type-page","status-publish","hentry","column","threecol"],"_links":{"self":[{"href":"https:\/\/tramacultura.org\/index.php?rest_route=\/wp\/v2\/pages\/5320","targetHints":{"allow":["GET"]}}],"collection":[{"href":"https:\/\/tramacultura.org\/index.php?rest_route=\/wp\/v2\/pages"}],"about":[{"href":"https:\/\/tramacultura.org\/index.php?rest_route=\/wp\/v2\/types\/page"}],"author":[{"embeddable":true,"href":"https:\/\/tramacultura.org\/index.php?rest_route=\/wp\/v2\/users\/1"}],"replies":[{"embeddable":true,"href":"https:\/\/tramacultura.org\/index.php?rest_route=%2Fwp%2Fv2%2Fcomments&post=5320"}],"version-history":[{"count":8,"href":"https:\/\/tramacultura.org\/index.php?rest_route=\/wp\/v2\/pages\/5320\/revisions"}],"predecessor-version":[{"id":5864,"href":"https:\/\/tramacultura.org\/index.php?rest_route=\/wp\/v2\/pages\/5320\/revisions\/5864"}],"wp:attachment":[{"href":"https:\/\/tramacultura.org\/index.php?rest_route=%2Fwp%2Fv2%2Fmedia&parent=5320"}],"curies":[{"name":"wp","href":"https:\/\/api.w.org\/{rel}","templated":true}]}}