{"id":5312,"date":"2018-02-05T20:23:10","date_gmt":"2018-02-05T20:23:10","guid":{"rendered":"http:\/\/tramacultura.org\/?page_id=5312"},"modified":"2021-09-20T14:21:06","modified_gmt":"2021-09-20T14:21:06","slug":"infancia-tallers","status":"publish","type":"page","link":"https:\/\/tramacultura.org\/?page_id=5312","title":{"rendered":"INF\u00c0NCIA &#8211; TALLERS"},"content":{"rendered":"<p style=\"text-align: justify;\"><span style=\"color: #000000;\">SESSI\u00d3 \u00daNICA DE 60 A 90 MINUTS. A partir de 3r de prim\u00e0ria<\/span><\/p>\n<div>\n<div>\n<div>\n<div><span style=\"color: #ff0000;\"><strong># Imaginem la igualtat.<\/strong><\/span>\u00a0Taller<\/div>\n<\/div>\n<\/div>\n<\/div>\n<p>Q\u00fcestionarem els prejudicis i estereotips presents a les imatges que rebem i descobrirem visions alternatives a trav\u00e9s de l\u2019art, el cinema o els dibuixos animats. Mitjan\u00e7ant el dibuix i la pl\u00e0stica, imaginarem un m\u00f3n m\u00e9s just i igualitari.<\/p>\n<p><strong><span style=\"color: #ff0000;\"># Juguem per la igualtat<\/span>.<\/strong>\u00a0Taller<\/p>\n<p>A trav\u00e9s dels contes, el joc i el teatre, desenvoluparem l\u2019empatia, aprendrem a cooperar i a solidaritzar-nos amb les persones que ens envolten, i celebrarem la diversitat i la difer\u00e8ncia. Ens divertirem aprenent a crear una societat m\u00e9s igualit\u00e0ria.<\/p>\n<p><span style=\"color: #ff0000;\"><strong># Actuem! Teatre per la igualtat.<\/strong><\/span>\u00a0Taller<\/p>\n<div>\n<div>\n<p>A trav\u00e9s de les diferents t\u00e8cniques i jocs teatrals que ens ofereix el teatre dels i les oprimides, treballarem situacions de conflicte relacionades amb les relacions afectives, la depend\u00e8ncia emocional, les discriminacions, l\u2019ab\u00fas i la viol\u00e8ncia. Aprendrem a detectar les situacions d\u2019injust\u00edcia, diferenciarem les relacions abusives de les relacions lliures i equitatives i aprendrem a gestionar i resoldre conflictes.<\/p>\n<\/div>\n<\/div>\n<p style=\"color: #222222; text-align: justify;\">\n","protected":false},"excerpt":{"rendered":"<p>SESSI\u00d3 \u00daNICA DE 60 A 90 MINUTS. A partir de 3r de prim\u00e0ria # Imaginem la igualtat.\u00a0Taller Q\u00fcestionarem els prejudicis i estereotips presents a les imatges que rebem i descobrirem visions alternatives a trav\u00e9s de l\u2019art, el cinema o els dibuixos animats. Mitjan\u00e7ant el dibuix i la pl\u00e0stica, imaginarem un &#8230;<\/p>\n","protected":false},"author":1,"featured_media":0,"parent":0,"menu_order":0,"comment_status":"closed","ping_status":"closed","template":"","meta":{"footnotes":""},"class_list":["post-5312","page","type-page","status-publish","hentry","column","threecol"],"_links":{"self":[{"href":"https:\/\/tramacultura.org\/index.php?rest_route=\/wp\/v2\/pages\/5312","targetHints":{"allow":["GET"]}}],"collection":[{"href":"https:\/\/tramacultura.org\/index.php?rest_route=\/wp\/v2\/pages"}],"about":[{"href":"https:\/\/tramacultura.org\/index.php?rest_route=\/wp\/v2\/types\/page"}],"author":[{"embeddable":true,"href":"https:\/\/tramacultura.org\/index.php?rest_route=\/wp\/v2\/users\/1"}],"replies":[{"embeddable":true,"href":"https:\/\/tramacultura.org\/index.php?rest_route=%2Fwp%2Fv2%2Fcomments&post=5312"}],"version-history":[{"count":6,"href":"https:\/\/tramacultura.org\/index.php?rest_route=\/wp\/v2\/pages\/5312\/revisions"}],"predecessor-version":[{"id":6010,"href":"https:\/\/tramacultura.org\/index.php?rest_route=\/wp\/v2\/pages\/5312\/revisions\/6010"}],"wp:attachment":[{"href":"https:\/\/tramacultura.org\/index.php?rest_route=%2Fwp%2Fv2%2Fmedia&parent=5312"}],"curies":[{"name":"wp","href":"https:\/\/api.w.org\/{rel}","templated":true}]}}