{"id":5294,"date":"2018-02-05T19:47:56","date_gmt":"2018-02-05T19:47:56","guid":{"rendered":"http:\/\/tramacultura.org\/?page_id=5294"},"modified":"2021-09-20T14:32:11","modified_gmt":"2021-09-20T14:32:11","slug":"xerrades-o-tallers-joves-imatge","status":"publish","type":"page","link":"https:\/\/tramacultura.org\/?page_id=5294","title":{"rendered":"XERRADES O TALLERS &#8211; JOVES &#8211; IMATGE"},"content":{"rendered":"<p style=\"text-align: justify;\"><span style=\"color: #000000;\">SESSI\u00d3 \u00daNICA DE 90 O 120 MINUTS<\/span><\/p>\n<p style=\"text-align: justify;\">\n<p style=\"text-align: justify;\"><span style=\"color: #ff0000;\"><span style=\"font-weight: 600;\"># C\u00f2mics contra el masclisme<\/span><\/span><\/p>\n<p style=\"text-align: justify;\">Analitzarem les representacions de la viol\u00e8ncia masclista en el c\u00f2mic i descobrirem el sexisme amagat darrere de les imatges. Explorarem les possibilitats gr\u00e0fiques, narratives i est\u00e8tiques d\u2019aquest llenguatge per a denunciar les discriminacions de g\u00e8nere i construir un imaginari igualitari i no sexista.<\/p>\n<p style=\"text-align: justify;\"><span style=\"color: #ffffff;\">.<\/span><\/p>\n<p style=\"text-align: justify;\"><span style=\"color: #ff0000;\"><strong style=\"font-weight: 600; font-style: inherit;\"># Dones de pel\u00b7l\u00edcula<\/strong><\/span><\/p>\n<p style=\"text-align: justify;\"><span style=\"font-weight: 400;\">A partir del visionat i an\u00e0lisi de seq\u00fc\u00e8ncies, coneixerem la visi\u00f3 que ha donat de les dones el cinema, reflexionarem sobre la representaci\u00f3 de la feminitat i els estereotips de g\u00e8nere en el mitj\u00e0 audiovisual, i debatrem sobre les seves implicacions socials i culturals.<\/span><\/p>\n<p style=\"text-align: justify;\"><span style=\"font-weight: 400; color: #ffffff;\">.<\/span><\/p>\n<p style=\"text-align: justify;\"><span style=\"font-weight: 600; color: #ff0000;\">#\u00a0<em style=\"font-weight: inherit; font-style: italic;\">Dones grans, grans dones<\/em>. La vellesa femenina al cinema<\/span><\/p>\n<p style=\"text-align: justify;\">El cinema ha tendit a ignorar les dones grans, relegant-les a papers menors i, moltes vegades, amb una forta c\u00e0rrega negativa. Existeixen, per\u00f2, honroses excepcions: grans personatges de dones grans que dignifiquen la vellesa i enriqueixen les lectures de la feminitat.\u00a0A partir de les seves lluites i aventures, reflexionarem sobre les nostres pr\u00f2pies viv\u00e8ncies.<\/p>\n<p style=\"text-align: justify;\"><span style=\"color: #ffffff;\">.<\/span><\/p>\n<p style=\"text-align: justify;\"><strong style=\"font-weight: 600; font-style: inherit;\"><span style=\"color: #ff0000;\"># \u00c8tica i cinema<\/span><\/strong><\/p>\n<p style=\"text-align: justify;\"><span style=\"font-weight: 400;\">A partir de peces audiovisuals, visualitzarem diferents conflictes morals, socials i pol\u00edtics, i debatrem sobre la causa i l\u2019efecte de les nostres accions. Alhora, descobrirem com la narraci\u00f3 cinematogr\u00e0fica, fonamentada en la presa de decisions dels personatges i en la capacitat d\u2019empatia del p\u00fablic, est\u00e0 \u00edntimament lligada a l\u2019\u00e8tica.<\/span><\/p>\n<p style=\"text-align: justify;\"><span style=\"color: #ffffff;\">.<\/span><\/p>\n<p style=\"text-align: justify;\"><span style=\"color: #ff0000;\"><strong style=\"font-weight: 600; font-style: inherit;\">#\u00a0<em style=\"font-weight: inherit; font-style: italic;\">Hitchcock\u2019s Vertigo<\/em>. La viol\u00e8ncia de la mirada<\/strong><\/span><\/p>\n<p style=\"text-align: justify;\"><span style=\"font-weight: 400;\">L\u2019obra mestra de Hitchcock amaga una fascinant reflexi\u00f3 sobre els rols de g\u00e8nere i la viol\u00e8ncia masclista. A partir de l\u2019an\u00e0lisi f\u00edlmica de seq\u00fc\u00e8ncies de\u00a0<\/span><i style=\"font-weight: inherit; font-style: inherit;\"><span style=\"font-weight: 400;\">Vertigo<\/span><\/i><span style=\"font-weight: 400;\">, reflexionarem sobre temes com la viol\u00e8ncia de la mirada, la representaci\u00f3 de la feminitat i la masculinitat, l\u2019objectivitzaci\u00f3 sexual de les dones, les imposicions est\u00e8tiques o les relacions abusives.<\/span><\/p>\n<p style=\"text-align: justify;\"><span style=\"color: #ffffff;\">.<\/span><\/p>\n<p style=\"text-align: justify;\"><span style=\"color: #ff0000;\"><strong style=\"font-weight: 600; font-style: inherit;\"># La bellesa imposada<\/strong><\/span><\/p>\n<p style=\"text-align: justify;\"><span style=\"font-weight: 400;\">Qu\u00e8 \u00e9s la bellesa? \u00c9s un do de la natura, una elecci\u00f3 personal o una obligaci\u00f3 social? \u00c9s important en el m\u00f3n en el qual vivim? A partir de la moda, la televisi\u00f3, els videoclips i la publicitat, debatrem de forma participativa sobre el concepte de bellesa, les imposicions est\u00e8tiques i la seva relaci\u00f3 amb les desigualtats socials i les discriminacions de g\u00e8nere. Reflexionarem sobre les seves conseq\u00fc\u00e8ncies en la percepci\u00f3 pr\u00f2pia, la identitat i l\u2019autoestima.<\/span><\/p>\n<p style=\"text-align: justify;\"><span style=\"font-weight: 400; color: #ffffff;\">.<\/span><\/p>\n<p style=\"text-align: justify;\"><span style=\"color: #ff0000;\"><strong style=\"font-weight: 600; font-style: inherit;\">#\u00a0<i style=\"font-weight: inherit; font-style: inherit;\">L\u2019art d\u2019intervenir<\/i>. Apropiaci\u00f3 art\u00edstica i cr\u00edtica social<\/strong><\/span><\/p>\n<p style=\"text-align: justify;\"><span style=\"font-weight: 400;\">La intervenci\u00f3 sobre obres d\u2019art i altres icones ha esdevingut al llarg del segle XX una aut\u00e8ntica disciplina art\u00edstica que gaireb\u00e9 sempre ha servit per contravenir els poders establerts. Aprendrem a contestar a les imatges imposades pel mercat de l\u2019art, els mitjans de comunicaci\u00f3 i la publicitat, intervenint sobre aquestes, modificant-les, transgredint-les.<\/span><\/p>\n<p style=\"text-align: justify;\"><span style=\"color: #ffffff;\">.<\/span><\/p>\n<p style=\"text-align: justify;\"><span style=\"color: #ff0000;\"><span style=\"font-weight: 600;\"># L\u2019art d\u2019intervenir.\u00a0<\/span><strong style=\"font-weight: 600; font-style: inherit;\">Intervenci\u00f3 art\u00edstica i igualtat de g\u00e8nere<\/strong><\/span><\/p>\n<p style=\"text-align: justify;\"><span style=\"color: #000000;\">A partir d\u2019estrat\u00e8gies d\u2019intervenci\u00f3 art\u00edstica, aprendrem a contestar les imatges imposades de l\u2019art, els mitjans de comunicaci\u00f3 i la publicitat, intervenint sobre aquestes, modificant-les, transgredint-les, per tal de q\u00fcestionar estereotips de g\u00e8nere, denunciar la viol\u00e8ncia simb\u00f2lica envers les dones i fomentar una societat m\u00e9s igualit\u00e0ria.<\/span><\/p>\n<p style=\"text-align: justify;\"><span style=\"color: #ffffff;\">.<\/span><\/p>\n<p style=\"text-align: justify;\"><span style=\"color: #ff0000;\"><strong style=\"font-weight: 600; font-style: inherit;\"># Noves viol\u00e8ncies, nous imaginaris<\/strong><\/span><\/p>\n<p style=\"text-align: justify;\"><span style=\"font-weight: 400;\">Ha canviat la nostra percepci\u00f3 de les discriminacions i de la viol\u00e8ncia? I l\u2019art, el cinema i els mitjans de comunicaci\u00f3, han canviat la manera de mostrar-les? Mitjan\u00e7ant els llenguatges de la fotografia, el c\u00f2mic, el cinema, la televisi\u00f3 i els videojocs, analitzarem les lectures i representacions culturals de la viol\u00e8ncia i descobrirem el paper dels nous imaginaris en el foment de la igualtat, la toler\u00e0ncia i la cultura de la pau.<\/span><\/p>\n<p style=\"text-align: justify;\"><span style=\"color: #ffffff;\">.<\/span><\/p>\n<p style=\"text-align: justify;\"><span style=\"color: #ff0000;\"><strong style=\"font-weight: 600; font-style: inherit;\"># Teleg\u00e8nere<\/strong><\/span><\/p>\n<p style=\"text-align: justify;\"><span style=\"color: #000000;\">Com retraten les dones s\u00e8ries com\u00a0<em style=\"font-weight: inherit; font-style: italic;\">The walking death<\/em>\u00a0o\u00a0<em style=\"font-weight: inherit; font-style: italic;\">Breaking bad<\/em>? Quina visi\u00f3 de la viol\u00e8ncia masclista donen t\u00edtols com\u00a0<em style=\"font-weight: inherit; font-style: italic;\">Mad men<\/em>\u00a0o\u00a0<em style=\"font-weight: inherit; font-style: italic;\">Game of thrones<\/em>? Fomenten la igualtat\u00a0<em style=\"font-weight: inherit; font-style: italic;\">The Simpsons<\/em>\u00a0o\u00a0<em style=\"font-weight: inherit; font-style: italic;\">Orange is the new black<\/em>? Analitzarem les representacions i els discursos de g\u00e8nere de les ficcions televisives contempor\u00e0nies.<\/span><\/p>\n<p style=\"text-align: justify;\"><span style=\"color: #ffffff;\">.<\/span><\/p>\n<p style=\"text-align: justify;\"><span style=\"color: #ff0000;\"><strong style=\"font-weight: 600; font-style: inherit;\"># Teleg\u00e8nere.\u00a0La viol\u00e8ncia de g\u00e8nere en les s\u00e8ries de ficci\u00f3 contempor\u00e0nies<\/strong><\/span><\/p>\n<p style=\"text-align: justify;\"><span style=\"color: #000000;\">Qu\u00e8 ens diuen les s\u00e8ries de ficci\u00f3 contempor\u00e0nies sobre la viol\u00e8ncia de g\u00e8nere? Denuncien el masclisme i els abusos vers les dones? O reprodueixen estereotips sexistes? Com retraten els rols de g\u00e8nere? I les agressions, com les representen? Veurem quin paper poden jugar les ficcions contempor\u00e0nies en el cam\u00ed cap a la no-viol\u00e8ncia i la igualtat de la m\u00e0 de s\u00e8ries com\u00a0<em style=\"font-weight: inherit; font-style: italic;\">Game of thrones<\/em><\/span><span style=\"color: #000000;\">,\u00a0<\/span><em style=\"color: #000000;\">The walking dead<\/em><span style=\"color: #000000;\">,\u00a0<\/span><em style=\"color: #000000;\">Handmaid&#8217;s tale<\/em><span style=\"color: #000000;\">\u00a0o\u00a0<em style=\"font-weight: inherit; font-style: italic;\">Girls<\/em><\/span><span style=\"color: #000000;\">.<\/span><\/p>\n","protected":false},"excerpt":{"rendered":"<p>SESSI\u00d3 \u00daNICA DE 90 O 120 MINUTS # C\u00f2mics contra el masclisme Analitzarem les representacions de la viol\u00e8ncia masclista en el c\u00f2mic i descobrirem el sexisme amagat darrere de les imatges. Explorarem les possibilitats gr\u00e0fiques, narratives i est\u00e8tiques d\u2019aquest llenguatge per a denunciar les discriminacions de g\u00e8nere i construir un &#8230;<\/p>\n","protected":false},"author":1,"featured_media":0,"parent":0,"menu_order":0,"comment_status":"closed","ping_status":"closed","template":"","meta":{"footnotes":""},"class_list":["post-5294","page","type-page","status-publish","hentry","column","threecol"],"_links":{"self":[{"href":"https:\/\/tramacultura.org\/index.php?rest_route=\/wp\/v2\/pages\/5294","targetHints":{"allow":["GET"]}}],"collection":[{"href":"https:\/\/tramacultura.org\/index.php?rest_route=\/wp\/v2\/pages"}],"about":[{"href":"https:\/\/tramacultura.org\/index.php?rest_route=\/wp\/v2\/types\/page"}],"author":[{"embeddable":true,"href":"https:\/\/tramacultura.org\/index.php?rest_route=\/wp\/v2\/users\/1"}],"replies":[{"embeddable":true,"href":"https:\/\/tramacultura.org\/index.php?rest_route=%2Fwp%2Fv2%2Fcomments&post=5294"}],"version-history":[{"count":2,"href":"https:\/\/tramacultura.org\/index.php?rest_route=\/wp\/v2\/pages\/5294\/revisions"}],"predecessor-version":[{"id":6018,"href":"https:\/\/tramacultura.org\/index.php?rest_route=\/wp\/v2\/pages\/5294\/revisions\/6018"}],"wp:attachment":[{"href":"https:\/\/tramacultura.org\/index.php?rest_route=%2Fwp%2Fv2%2Fmedia&parent=5294"}],"curies":[{"name":"wp","href":"https:\/\/api.w.org\/{rel}","templated":true}]}}