{"id":5292,"date":"2018-02-05T18:26:09","date_gmt":"2018-02-05T18:26:09","guid":{"rendered":"http:\/\/tramacultura.org\/?page_id=5292"},"modified":"2021-09-20T14:35:33","modified_gmt":"2021-09-20T14:35:33","slug":"xerrades-o-tallers-generals-llenguatge","status":"publish","type":"page","link":"https:\/\/tramacultura.org\/?page_id=5292","title":{"rendered":"XERRADES O TALLERS \u2013 GENERALS \u2013 LLENGUATGE"},"content":{"rendered":"<p style=\"text-align: justify;\"><span style=\"color: #000000;\">SESSI\u00d3 \u00daNICA DE 90 O 120 MINUTS<\/span><\/p>\n<p style=\"text-align: justify;\"><span style=\"color: #ffffff;\">.<\/span><\/p>\n<p style=\"text-align: justify;\"><span style=\"color: #ff0000;\"><span style=\"font-weight: 600;\"># Del llenguatge a la igualtat<\/span><\/span><\/p>\n<p style=\"text-align: justify;\"><span style=\"color: #000000;\">Ens pot ajudar el llenguatge a tendir cap a una societat m\u00e9s justa i equitativa? A trav\u00e9s de l\u2019an\u00e0lisi de missatges orals, escrits i simb\u00f2lics de la publicitat, els mitjans de comunicaci\u00f3 i les xarxes socials, reflexionarem sobre la import\u00e0ncia social de la llengua, descobrirem els prejudicis impl\u00edcits en els processos comunicatius i aprendrem a fer un \u00fas no discriminatori del llenguatge per tal de fomentar la igualtat.<\/span><\/p>\n<p style=\"text-align: justify;\"><span style=\"color: #ffffff;\">.<\/span><\/p>\n","protected":false},"excerpt":{"rendered":"<p>SESSI\u00d3 \u00daNICA DE 90 O 120 MINUTS . # Del llenguatge a la igualtat Ens pot ajudar el llenguatge a tendir cap a una societat m\u00e9s justa i equitativa? A trav\u00e9s de l\u2019an\u00e0lisi de missatges orals, escrits i simb\u00f2lics de la publicitat, els mitjans de comunicaci\u00f3 i les xarxes socials, &#8230;<\/p>\n","protected":false},"author":1,"featured_media":0,"parent":0,"menu_order":0,"comment_status":"closed","ping_status":"closed","template":"","meta":{"footnotes":""},"class_list":["post-5292","page","type-page","status-publish","hentry","column","threecol"],"_links":{"self":[{"href":"https:\/\/tramacultura.org\/index.php?rest_route=\/wp\/v2\/pages\/5292","targetHints":{"allow":["GET"]}}],"collection":[{"href":"https:\/\/tramacultura.org\/index.php?rest_route=\/wp\/v2\/pages"}],"about":[{"href":"https:\/\/tramacultura.org\/index.php?rest_route=\/wp\/v2\/types\/page"}],"author":[{"embeddable":true,"href":"https:\/\/tramacultura.org\/index.php?rest_route=\/wp\/v2\/users\/1"}],"replies":[{"embeddable":true,"href":"https:\/\/tramacultura.org\/index.php?rest_route=%2Fwp%2Fv2%2Fcomments&post=5292"}],"version-history":[{"count":2,"href":"https:\/\/tramacultura.org\/index.php?rest_route=\/wp\/v2\/pages\/5292\/revisions"}],"predecessor-version":[{"id":6022,"href":"https:\/\/tramacultura.org\/index.php?rest_route=\/wp\/v2\/pages\/5292\/revisions\/6022"}],"wp:attachment":[{"href":"https:\/\/tramacultura.org\/index.php?rest_route=%2Fwp%2Fv2%2Fmedia&parent=5292"}],"curies":[{"name":"wp","href":"https:\/\/api.w.org\/{rel}","templated":true}]}}