{"id":5283,"date":"2018-02-05T17:50:47","date_gmt":"2018-02-05T17:50:47","guid":{"rendered":"http:\/\/tramacultura.org\/?page_id=5283"},"modified":"2021-09-20T14:23:08","modified_gmt":"2021-09-20T14:23:08","slug":"xerrades-o-tallers-generals-expressio","status":"publish","type":"page","link":"https:\/\/tramacultura.org\/?page_id=5283","title":{"rendered":"XERRADES O TALLERS &#8211; GENERALS &#8211; EXPRESSI\u00d3"},"content":{"rendered":"<p style=\"text-align: justify;\">SESSI\u00d3 \u00daNICA DE 90 O 120 MINUTS<\/p>\n<p style=\"text-align: justify;\"><span style=\"color: #ffffff;\">.<\/span><\/p>\n<p style=\"text-align: justify;\"><span style=\"color: #ff0000;\"><span style=\"font-weight: 600;\">#\u00a0Actuem!\u00a0Teatre i acci\u00f3 social<\/span><\/span><\/p>\n<p style=\"text-align: justify;\">A trav\u00e9s de les diferents t\u00e8cniques i jocs teatrals que ens ofereix el teatre dels i les oprimides, explorarem col\u00b7lectivament i de manera creativa les diferents opressions i discriminacions que ens envolten per trobar eines i recursos que ens ajudin a combatre-les. Aprendrem a detectar les situacions d\u2019injust\u00edcia, reflexionarem sobre la presa de decisions i aprendrem a gestionar i resoldre conflictes.<\/p>\n<p style=\"text-align: justify;\"><span style=\"font-weight: 400; color: #ffffff;\">.<\/span><\/p>\n<p style=\"text-align: justify;\"><span style=\"color: #ff0000;\"><span style=\"font-weight: 600;\"># Repensem els contes. Narrativa i coeducaci\u00f3<\/span><\/span><\/p>\n<p style=\"text-align: justify;\">Quins valors ens donen els contes? Qu\u00e8 estem transmetent a trav\u00e9s de les fades i els follets, els reis i les princeses, els cavallers i les bruixes? A trav\u00e9s de l\u2019an\u00e0lisi narrativa de contes i pel\u00b7l\u00edcules infantils, detectarem els valors impl\u00edcits integrats en les hist\u00f2ries i reflexionarem sobre la seva import\u00e0ncia educativa. Aprendrem estrat\u00e8gies per a construir nous imaginaris i facilitarem eines per a fomentar en la canalla una mirada m\u00e9s lliure i creativa.<\/p>\n<p style=\"text-align: justify;\"><span style=\"color: #ffffff;\">.<\/span><\/p>\n<p style=\"text-align: justify;\"><span style=\"color: #ff0000;\"><span style=\"font-weight: 600;\"># Vindicacions<\/span><\/span><\/p>\n<p style=\"text-align: justify;\">A trav\u00e9s de dos personatges molt diferents entre si ens endinsarem en les diferents discriminacions i desigualtats de g\u00e8nere tot barrejant l\u2019humor, el drama i l\u2019an\u00e0lisi cr\u00edtica. Valent-nos de diferents formats (com la poesia, els mon\u00f2legs, les escenes teatrals i els sketchs) prendrem la veu de dones d\u2019ara, d\u2019abans i d\u2019arreu, escoltarem les seves vindicacions i reflexionarem col\u00b7lectivament sobre els lligams entre els rols i les estructures de poder.<\/p>\n","protected":false},"excerpt":{"rendered":"<p>SESSI\u00d3 \u00daNICA DE 90 O 120 MINUTS . #\u00a0Actuem!\u00a0Teatre i acci\u00f3 social A trav\u00e9s de les diferents t\u00e8cniques i jocs teatrals que ens ofereix el teatre dels i les oprimides, explorarem col\u00b7lectivament i de manera creativa les diferents opressions i discriminacions que ens envolten per trobar eines i recursos que &#8230;<\/p>\n","protected":false},"author":1,"featured_media":0,"parent":0,"menu_order":0,"comment_status":"closed","ping_status":"closed","template":"","meta":{"footnotes":""},"class_list":["post-5283","page","type-page","status-publish","hentry","column","threecol"],"_links":{"self":[{"href":"https:\/\/tramacultura.org\/index.php?rest_route=\/wp\/v2\/pages\/5283","targetHints":{"allow":["GET"]}}],"collection":[{"href":"https:\/\/tramacultura.org\/index.php?rest_route=\/wp\/v2\/pages"}],"about":[{"href":"https:\/\/tramacultura.org\/index.php?rest_route=\/wp\/v2\/types\/page"}],"author":[{"embeddable":true,"href":"https:\/\/tramacultura.org\/index.php?rest_route=\/wp\/v2\/users\/1"}],"replies":[{"embeddable":true,"href":"https:\/\/tramacultura.org\/index.php?rest_route=%2Fwp%2Fv2%2Fcomments&post=5283"}],"version-history":[{"count":3,"href":"https:\/\/tramacultura.org\/index.php?rest_route=\/wp\/v2\/pages\/5283\/revisions"}],"predecessor-version":[{"id":6011,"href":"https:\/\/tramacultura.org\/index.php?rest_route=\/wp\/v2\/pages\/5283\/revisions\/6011"}],"wp:attachment":[{"href":"https:\/\/tramacultura.org\/index.php?rest_route=%2Fwp%2Fv2%2Fmedia&parent=5283"}],"curies":[{"name":"wp","href":"https:\/\/api.w.org\/{rel}","templated":true}]}}