{"id":5239,"date":"2018-02-05T10:43:50","date_gmt":"2018-02-05T10:43:50","guid":{"rendered":"http:\/\/tramacultura.org\/?page_id=5239"},"modified":"2018-02-05T12:07:25","modified_gmt":"2018-02-05T12:07:25","slug":"historia-i-historia-de-lart","status":"publish","type":"page","link":"https:\/\/tramacultura.org\/?page_id=5239","title":{"rendered":"CURSOS I TALLERS &#8211; HIST\u00d2RIA I HIST\u00d2RIA DE L&#8217;ART"},"content":{"rendered":"<p style=\"text-align: justify;\"><span style=\"color: #ffffff;\">.<span style=\"color: #000000;\">DE 8 A 10 SESSIONS DE 90 MINUTS, AMB CONTINU\u00cfTAT AL LLARG DE 3 TRIMESTRES<\/span><\/span><\/p>\n<p style=\"text-align: justify;\"><span style=\"color: #ffffff;\">.<\/span><\/p>\n<p style=\"text-align: justify;\"><span style=\"color: #ff0000;\"><strong># Ciutats amb Art<\/strong><\/span><\/p>\n<p style=\"text-align: justify;\"><span style=\"font-weight: 400;\">A partir d\u2019imatges, audiovisuals i recursos virtuals, viatjarem des de la dist\u00e0ncia a diferents ciutats del m\u00f3n com Londres, Par\u00eds o Nova York i visitarem els seus carrers, centres de creaci\u00f3, galeries i museus per a con\u00e8ixer l\u2019actualitat de la seva vida art\u00edstica i cultural.<\/span><\/p>\n<p style=\"text-align: justify;\"><span style=\"font-weight: 400; color: #ffffff;\">.<\/span><\/p>\n<p style=\"text-align: justify;\"><span style=\"color: #ff0000;\"><span style=\"font-weight: 600;\"># Cultura amb perspectiva de g\u00e8nere<\/span><\/span><\/p>\n<p style=\"text-align: justify;\">A trav\u00e9s de les arts visuals, la literatura, el teatre, el cinema, els mitjans de comunicaci\u00f3 i les noves tecnologies, analitzarem els discursos i representacions masclistes, reflexionarem sobre els estereotips de g\u00e8nere i el paper de les dones en les ind\u00fastries culturals, i descobrirem nous imaginaris, m\u00e9s justos i igualitaris.<\/p>\n<p style=\"text-align: justify;\"><span style=\"color: #ffffff;\">.<\/span><\/p>\n<p style=\"text-align: justify;\"><span style=\"font-weight: 600;\"><span style=\"color: #ff0000;\"># Dones i cultura contempor\u00e0nia<\/span><\/span><\/p>\n<p style=\"text-align: justify;\">Quines s\u00f3n les problem\u00e0tiques actuals de les dones? Les reflecteixen l\u2019art i la cultura contempor\u00e0nia? A partir de fotografies, peces art\u00edstiques, fragments literaris i seq\u00fc\u00e8ncies cinematogr\u00e0fiques, debatrem conjuntament sobre la representaci\u00f3 i participaci\u00f3 de les dones en el context actual de la cultura i les arts.<\/p>\n<p style=\"text-align: justify;\"><span style=\"color: #ffffff;\">.<\/span><\/p>\n<p style=\"text-align: justify;\"><span style=\"color: #ff0000;\"><strong># Graffiti i art urb\u00e0 <\/strong><\/span><\/p>\n<p style=\"text-align: justify;\"><span style=\"font-weight: 400;\">Recorrerem la hist\u00f2ria de l\u2019art urb\u00e0 dels primers graffitis al metro de Nova York als anys 70, fins als formats m\u00e9s actuals com els stickers o els paste-up, i coneixerem els artistes m\u00e9s rellevants com Blek le Rat, Basquiat, Obey o Banksy.<\/span><\/p>\n<p style=\"text-align: justify;\"><span style=\"font-weight: 400; color: #ffffff;\">.<\/span><\/p>\n<p style=\"text-align: justify;\"><strong><span style=\"color: #ff0000;\"># Hist\u00f2ria contempor\u00e0nia d&#8217;Espanya i Catalunya. Del segle XIX fins a l&#8217;actualitat<\/span><\/strong><\/p>\n<p style=\"text-align: justify;\"><span style=\"font-weight: 400;\">Analitzarem els principals esdeveniments que han definit la traject\u00f2ria social, pol\u00edtica i econ\u00f2mica de l\u2019Estat espanyol des del segle XIX fins a l&#8217;actualitat, tot destacant aquells processos que en major o menor mesura han influenciat l\u2019actual definici\u00f3 d\u2019Espanya i Catalunya. En aquest primer trimestre, aprofundirem en les din\u00e0miques colpistes i les guerres internes pel tipus de model d\u2019estat que sacsegen el territori, des del s. XIX fins a la Guerra Civil.<\/span><\/p>\n<p style=\"text-align: justify;\"><span style=\"color: #ffffff;\">.<\/span><\/p>\n<p style=\"text-align: justify;\"><span style=\"color: #ff0000;\"><strong># La volta al m\u00f3n a trav\u00e9s dels museus<\/strong><\/span><\/p>\n<p style=\"text-align: justify;\"><span style=\"font-weight: 400;\">A partir d\u2019imatges, audiovisuals i recursos virtuals, visitarem les col\u00b7leccions i exposicions dels museus m\u00e9s importants del m\u00f3n, parant atenci\u00f3 a la seva hist\u00f2ria i traject\u00f2ria, el valor del seu fons i les l\u00ednies expositives actuals.<\/span><\/p>\n<p style=\"text-align: justify;\"><span style=\"color: #ffffff;\">.<\/span><\/p>\n<p style=\"text-align: justify;\"><span style=\"color: #ff0000;\"><strong># Visitem la Barcelona cultural<\/strong><\/span><\/p>\n<p style=\"text-align: justify;\"><span style=\"font-weight: 400;\">Descobrirem el patrimoni art\u00edstic de Barcelona i gaudirem de la vida cultural de la ciutat mitjan\u00e7ant visites comentades a museus, centres culturals, exposicions temporals i espais d\u2019inter\u00e8s art\u00edstic com galeries o f\u00e0briques de creaci\u00f3.<\/span><\/p>\n","protected":false},"excerpt":{"rendered":"<p>.DE 8 A 10 SESSIONS DE 90 MINUTS, AMB CONTINU\u00cfTAT AL LLARG DE 3 TRIMESTRES . # Ciutats amb Art A partir d\u2019imatges, audiovisuals i recursos virtuals, viatjarem des de la dist\u00e0ncia a diferents ciutats del m\u00f3n com Londres, Par\u00eds o Nova York i visitarem els seus carrers, centres de &#8230;<\/p>\n","protected":false},"author":1,"featured_media":0,"parent":0,"menu_order":0,"comment_status":"closed","ping_status":"closed","template":"","meta":{"footnotes":""},"class_list":["post-5239","page","type-page","status-publish","hentry","column","threecol"],"_links":{"self":[{"href":"https:\/\/tramacultura.org\/index.php?rest_route=\/wp\/v2\/pages\/5239","targetHints":{"allow":["GET"]}}],"collection":[{"href":"https:\/\/tramacultura.org\/index.php?rest_route=\/wp\/v2\/pages"}],"about":[{"href":"https:\/\/tramacultura.org\/index.php?rest_route=\/wp\/v2\/types\/page"}],"author":[{"embeddable":true,"href":"https:\/\/tramacultura.org\/index.php?rest_route=\/wp\/v2\/users\/1"}],"replies":[{"embeddable":true,"href":"https:\/\/tramacultura.org\/index.php?rest_route=%2Fwp%2Fv2%2Fcomments&post=5239"}],"version-history":[{"count":3,"href":"https:\/\/tramacultura.org\/index.php?rest_route=\/wp\/v2\/pages\/5239\/revisions"}],"predecessor-version":[{"id":5261,"href":"https:\/\/tramacultura.org\/index.php?rest_route=\/wp\/v2\/pages\/5239\/revisions\/5261"}],"wp:attachment":[{"href":"https:\/\/tramacultura.org\/index.php?rest_route=%2Fwp%2Fv2%2Fmedia&parent=5239"}],"curies":[{"name":"wp","href":"https:\/\/api.w.org\/{rel}","templated":true}]}}