{"id":5043,"date":"2017-05-02T14:54:13","date_gmt":"2017-05-02T14:54:13","guid":{"rendered":"http:\/\/tramacultura.org\/?page_id=5043"},"modified":"2018-10-26T19:57:40","modified_gmt":"2018-10-26T19:57:40","slug":"donants-de-memoria","status":"publish","type":"page","link":"https:\/\/tramacultura.org\/?page_id=5043","title":{"rendered":"DONANTS DE MEM\u00d2RIA"},"content":{"rendered":"<p style=\"text-align: justify;\"><img loading=\"lazy\" decoding=\"async\" class=\"alignnone wp-image-5044 size-large\" src=\"http:\/\/tramacultura.org\/w\/wp-content\/uploads\/2017\/05\/MG_0367_Retoc-1024x682.jpg\" alt=\"_MG_0367_Retoc\" width=\"660\" height=\"439\" srcset=\"https:\/\/tramacultura.org\/wp-content\/uploads\/2017\/05\/MG_0367_Retoc-1024x682.jpg 1024w, https:\/\/tramacultura.org\/wp-content\/uploads\/2017\/05\/MG_0367_Retoc-300x199.jpg 300w, https:\/\/tramacultura.org\/wp-content\/uploads\/2017\/05\/MG_0367_Retoc-700x466.jpg 700w, https:\/\/tramacultura.org\/wp-content\/uploads\/2017\/05\/MG_0367_Retoc-332x221.jpg 332w\" sizes=\"auto, (max-width: 660px) 100vw, 660px\" \/><\/p>\n<p style=\"text-align: justify;\"><i><span style=\"font-weight: 400;\">Donants de mem\u00f2ria<\/span><\/i><span style=\"font-weight: 400;\"> \u00e9s un projecte de promoci\u00f3 de la gent gran i de recuperaci\u00f3 de la mem\u00f2ria oral dels barris de Barcelona mitjan\u00e7ant l\u2019organitzaci\u00f3, dinamitzaci\u00f3 i documentaci\u00f3 de tallers amb gent gran que esdevindran donants de mem\u00f2ria, en col\u00b7laboraci\u00f3 amb casals, entitats i equipaments de la ciutat per tal de visibilitzar i reivindicar a la gent gran, fomentar la seva formaci\u00f3 i interacci\u00f3 amb la resta de la comunitat i la participaci\u00f3 social i pol\u00edtica en la ciutat, facilitar que a trav\u00e9s dels seus coneixements i records i en interacci\u00f3 amb altres puguin contribuir a la recuperaci\u00f3 de la mem\u00f2ria oral dels seus barris.<\/span><\/p>\n<p style=\"text-align: justify;\"><span style=\"color: #ffffff;\">.<\/span><\/p>\n<p style=\"text-align: justify;\"><strong><span style=\"color: #ff0000;\">Argumentari<\/span><\/strong><\/p>\n<p style=\"text-align: justify;\">L\u2019edatisme i la manca d\u2019una cultura de l\u2019envelliment en la nostra societat fomenta l\u2019exclusi\u00f3 de la gent gran de la vida p\u00fablica i social, la qual comporta, al seu torn, un empobriment de l\u2019activitat cultural, reflexiva i creativa d\u2019aquestes persones. \u00a0Al mateix temps, aquesta comporta una p\u00e8rdua per al conjunt de la societat que resta privada de la perspectiva, experi\u00e8ncia, coneixement, capacitats i aportacions de la gent gran.<\/p>\n<p style=\"text-align: justify;\">Aquesta p\u00e8rdua \u00e9s especialment significativa en el cas de la mem\u00f2ria oral dels barris i territoris de la ciutat, subjectes cada cop m\u00e9s a profundes transformacions urbanes, en molts casos degudes a interessos pol\u00edtics i especulatius contraris a la voluntat de les ve\u00efnes i ve\u00efns i al sentit del territori. No nom\u00e9s desapareixen espais emblem\u00e0tics del barri sin\u00f3 tamb\u00e9 la mem\u00f2ria oral del que van significar. Sense aix\u00f2, perdem completament la identitat i el sentit dels nostres barris.<\/p>\n<p style=\"text-align: justify;\">Per aix\u00f2 \u00e9s important promoure el reconeixement, les aportacions i la participaci\u00f3 de la gent gran en la vida comunit\u00e0ria, cultural i pol\u00edtica de la ciutat. Tot fomentant la seva implicaci\u00f3 com a donant de mem\u00f2ria, podem incentivar la visibilitzaci\u00f3 i fer valdre la gent gran, l\u2019envelliment actiu, la seva formaci\u00f3 a trav\u00e9s de l\u2019aprenentatge en com\u00fa i el debat intergeneracional, alhora que recuperem la mem\u00f2ria oral dels nostres barris.<\/p>\n<p style=\"text-align: justify;\"><span style=\"color: #ffffff;\">.<\/span><\/p>\n<p style=\"text-align: justify;\"><strong><span style=\"color: #ff0000;\">Objectius<\/span><\/strong><\/p>\n<p style=\"text-align: justify;\">&#8211; Visibilitzar i fer valdre la gent gran, les seves aportacions, sabers i perspectives.<\/p>\n<p style=\"text-align: justify;\">&#8211; Promocionar la participaci\u00f3 i el voluntariat de la gent gran en l\u2019\u00e0mbit social, pol\u00edtic i cultural i la seva interacci\u00f3 amb la resta de la comunitat.<\/p>\n<p style=\"text-align: justify;\">&#8211; Impulsar la recuperaci\u00f3 de la mem\u00f2ria oral dels barris i la transmissi\u00f3 del saber i l\u2019experi\u00e8ncia de la gent gran intergeneracionalment.<\/p>\n<p style=\"text-align: justify;\">&#8211; Afavorir l\u2019expressi\u00f3 personal, la interacci\u00f3, la reflexi\u00f3 col\u00b7lectiva, el debat participatiu, l\u2019aprenentatge en com\u00fa i l\u2019intercanvi d\u2019experi\u00e8ncies, coneixements i records entre persones grans.<\/p>\n<p style=\"text-align: justify;\">&#8211; Incentivar la inclusi\u00f3 social de les persones grans a trav\u00e9s de la implicaci\u00f3 social i la participaci\u00f3 en la vida comunit\u00e0ria del barri i en la recuperaci\u00f3 de la mem\u00f2ria de la ciutat.<\/p>\n<p style=\"text-align: justify;\">&#8211; Contribuir a l\u2019envelliment actiu, la formaci\u00f3, el benestar personal, la integraci\u00f3 i l\u2019empoderament de les persones grans.<\/p>\n<p style=\"text-align: justify;\"><span style=\"color: #ffffff;\">.<\/span><\/p>\n<p style=\"text-align: justify;\"><strong><span style=\"color: #ff0000;\">Metodologia<\/span><\/strong><\/p>\n<p style=\"text-align: justify;\"><span style=\"font-weight: 400;\">Per a complir els objectius farem difusi\u00f3 de la iniciativa, interactuarem a dist\u00e0ncia i\u00a0<\/span>presencialment amb en col\u00b7laboraci\u00f3 amb casals, entitats i equipaments de la ciutat., donarem assessorament i suport a la programaci\u00f3 dels tallers, la coordinaci\u00f3 i dinamitzaci\u00f3 del proc\u00e9s i l\u2019edici\u00f3 i difusi\u00f3 dels materials generats.<\/p>\n<p style=\"text-align: justify;\"><span style=\"font-weight: 400;\">Les sessions se centraran en l\u2019intercanvi de records i experi\u00e8ncies i la posada en com\u00fa de la mem\u00f2ria del grup, partint de materials de suport (imatges, v\u00eddeos, webs, mapes virtuals,\u00a0<\/span>etc.) i de les preguntes de la persona dinamitzadora. A partir d\u2019aquest objectiu, esdevindran un espai d\u2019entreteniment, expressi\u00f3, interacci\u00f3, debat i reflexi\u00f3 compartida, aprenentatge en com\u00fa, participaci\u00f3, implicaci\u00f3 social i \u201cempoderament\u201d individual i col\u00b7lectiu.<\/p>\n<p style=\"text-align: justify;\"><span style=\"font-weight: 400;\">Els temes que es tractaran partiran de la recerca pr\u00e8via sobre el barri feta per les persones dinamitzadores i dels interessos de les entitats col\u00b7laboradores. A la primera sessi\u00f3, per\u00f2, el\u00a0<\/span>grup treballar\u00e0 els temes que es proposen i podr\u00e0 esmenar-los en funci\u00f3 dels interessos i inquietuds de les persones participants. Les sessions podran aportar una mirada panor\u00e0mica a la hist\u00f2ria del barri o centrar-se en un \u00e0mbit concret com pot ser la vida quotidiana, la lluita ve\u00efnal o la mem\u00f2ria de determinats col\u00b7lectius. En tot cas, es posar\u00e0 \u00e8mfasi en diversos aspectes transversals com la transformaci\u00f3 urbana, les condicions socials, la vida cultural, pol\u00edtica i econ\u00f2mica del barri, l\u2019associacionisme i els moviments socials, la perspectiva de g\u00e8nere i la hist\u00f2ria de les dones. Tamb\u00e9 es parar\u00e0 atenci\u00f3 a fets significatius vivenciats per les persones participants i a espais emblem\u00e0tics del barri, especialment aquells ja desapareguts o fortament modificats.<\/p>\n<p style=\"text-align: justify;\"><span style=\"color: #ffffff;\">.<\/span><\/p>\n<p style=\"text-align: justify;\"><strong><span style=\"color: #ff0000;\">Finan\u00e7ament<\/span><\/strong><\/p>\n<p style=\"text-align: justify;\"><span style=\"font-weight: 400;\">Des de Trama, ens fem c\u00e0rrec de gran part del cost dels projectes. Tot i aix\u00ed, les accions requeriran suport econ\u00f2mic sempre que sigui possible.<\/span><\/p>\n<p style=\"text-align: justify;\"><span style=\"font-weight: 400;\">En funci\u00f3 de les seves possibilitats, els col\u00b7lectius i entitats col\u2022laboradores es faran c\u00e0rrec d\u2019una part del cost del projecte d\u2019acci\u00f3 art\u00edstica, mai superior al 50%. Les activitats seran gratu\u00eftes per aquelles associacions i col\u00b7lectius que no disposin de recursos suficients. En aquests casos, es buscar\u00e0 el suport econ\u00f2mic d\u2019altres agents del barri.<\/span><\/p>\n<p><span style=\"font-weight: 400;\">\u00a0<\/span><\/p>\n<p>&nbsp;<\/p>\n<h6 style=\"text-align: justify;\"><span style=\"font-weight: 400;\"><span style=\"color: #222222;\">\u00a0 \u00a0 \u00a0 \u00a0 \u00a0Una iniciativa de: \u00a0 \u00a0 \u00a0 \u00a0 \u00a0 \u00a0 \u00a0 \u00a0 \u00a0 \u00a0 \u00a0 \u00a0 \u00a0 \u00a0 \u00a0 \u00a0 \u00a0 \u00a0<span style=\"color: #ffffff;\">.<\/span>Amb la col\u00b7laboraci\u00f3 de:<\/span><\/span><\/h6>\n<h6 style=\"text-align: justify;\"><span style=\"font-weight: 400;\"><span style=\"color: #222222;\">\u00a0<img loading=\"lazy\" decoding=\"async\" class=\"alignnone  wp-image-4662\" src=\"http:\/\/tramacultura.org\/w\/wp-content\/uploads\/2016\/05\/logor2-copia.png\" alt=\"logor2 copia\" width=\"301\" height=\"108\" \/>\u00a0 \u00a0 \u00a0 \u00a0 \u00a0 \u00a0 \u00a0 \u00a0<img loading=\"lazy\" decoding=\"async\" class=\"alignnone  wp-image-4663\" src=\"http:\/\/tramacultura.org\/w\/wp-content\/uploads\/2016\/05\/Llimes_reduides-15_RGB.jpg\" alt=\"Llimes_reduides-15_RGB\" width=\"225\" height=\"88\" \/><\/span><\/span><\/h6>\n","protected":false},"excerpt":{"rendered":"<p>Donants de mem\u00f2ria \u00e9s un projecte de promoci\u00f3 de la gent gran i de recuperaci\u00f3 de la mem\u00f2ria oral dels barris de Barcelona mitjan\u00e7ant l\u2019organitzaci\u00f3, dinamitzaci\u00f3 i documentaci\u00f3 de tallers amb gent gran que esdevindran donants de mem\u00f2ria, en col\u00b7laboraci\u00f3 amb casals, entitats i equipaments de la ciutat per tal &#8230;<\/p>\n","protected":false},"author":1,"featured_media":0,"parent":0,"menu_order":0,"comment_status":"closed","ping_status":"closed","template":"","meta":{"footnotes":""},"class_list":["post-5043","page","type-page","status-publish","hentry","column","threecol"],"_links":{"self":[{"href":"https:\/\/tramacultura.org\/index.php?rest_route=\/wp\/v2\/pages\/5043","targetHints":{"allow":["GET"]}}],"collection":[{"href":"https:\/\/tramacultura.org\/index.php?rest_route=\/wp\/v2\/pages"}],"about":[{"href":"https:\/\/tramacultura.org\/index.php?rest_route=\/wp\/v2\/types\/page"}],"author":[{"embeddable":true,"href":"https:\/\/tramacultura.org\/index.php?rest_route=\/wp\/v2\/users\/1"}],"replies":[{"embeddable":true,"href":"https:\/\/tramacultura.org\/index.php?rest_route=%2Fwp%2Fv2%2Fcomments&post=5043"}],"version-history":[{"count":4,"href":"https:\/\/tramacultura.org\/index.php?rest_route=\/wp\/v2\/pages\/5043\/revisions"}],"predecessor-version":[{"id":5506,"href":"https:\/\/tramacultura.org\/index.php?rest_route=\/wp\/v2\/pages\/5043\/revisions\/5506"}],"wp:attachment":[{"href":"https:\/\/tramacultura.org\/index.php?rest_route=%2Fwp%2Fv2%2Fmedia&parent=5043"}],"curies":[{"name":"wp","href":"https:\/\/api.w.org\/{rel}","templated":true}]}}