{"id":4540,"date":"2016-04-18T16:23:14","date_gmt":"2016-04-18T16:23:14","guid":{"rendered":"http:\/\/tramacultura.org\/?page_id=4540"},"modified":"2017-05-02T14:12:36","modified_gmt":"2017-05-02T14:12:36","slug":"alliberem-el-barri","status":"publish","type":"page","link":"https:\/\/tramacultura.org\/?page_id=4540","title":{"rendered":"ALLIBEREM EL BARRI!"},"content":{"rendered":"<p style=\"text-align: justify;\"><img loading=\"lazy\" decoding=\"async\" class=\"alignnone size-full wp-image-4541\" src=\"http:\/\/tramacultura.org\/w\/wp-content\/uploads\/2016\/04\/Untitled.png\" alt=\"Untitled\" width=\"702\" height=\"397\" \/><\/p>\n<p style=\"text-align: justify;\"><span style=\"font-weight: 400;\">Alliberem el barri! \u00e9s un projecte per a la promoci\u00f3 i realitzaci\u00f3 d\u2019accions art\u00edstiques comunit\u00e0ries a l\u2019espai p\u00fablic dutes a terme per grups de dones i d\u2019adolescents i joves amb el suport de col\u00b7lectius, entitats i equipaments del barri per tal de visibilitzar i denunciar l\u2019assetjament sexual als espais p\u00fablics i sensibilitzar i implicar a la ciutadania en la lluita per a la seva eradicaci\u00f3.<\/span><\/p>\n<p style=\"text-align: justify;\"><span style=\"color: rgb(255, 255, 255);\">.<\/span><\/p>\n<p style=\"text-align: justify;\"><strong><span style=\"color: #ff0000;\">Argumentari<\/span><\/strong><\/p>\n<p style=\"text-align: justify;\"><span style=\"font-weight: 400;\">Un dels principals esculls en la lluita contra l\u2019assetjament sexual al carrer \u00e9s la seva alta toler\u00e0ncia social. Hi ha una manca de consci\u00e8ncia important per\u00f2 tamb\u00e9 un discurs encara\u00a0<\/span><span style=\"font-weight: 400;\">hegem\u00f2nic que segueix relativitzant i normalitzant aquestes pr\u00e0ctiques. L\u2019educaci\u00f3 i la cultura que rebem hi juguen un paper determinant mitjan\u00e7ant la socialitzaci\u00f3 del masclisme, la cosificaci\u00f3 i objectivitzaci\u00f3 sexual de les dones i la normalitzaci\u00f3 de les agressions sexuals. Cada representaci\u00f3 sexista de les ind\u00fastries culturals, cada vexaci\u00f3 als mitjans de\u00a0<\/span>comunicaci\u00f3 i la publicitat per\u00f2 tamb\u00e9 cada coacci\u00f3 o humiliaci\u00f3 a una dona concreta a l\u2019espai p\u00fablic representa un acte de viol\u00e8ncia simb\u00f2lica que opera sobre l\u2019imaginari social per a mantenir l\u2019estatus quo. En aquesta l\u00f2gica perversa, totes les persones participem d\u2019una forma o altra en la perpetuaci\u00f3 dels mites, rols i estereotips que sostenen i legitimen una societat que encara tolera l\u2019assetjament sexual sistem\u00e0tic a les seves dones. Per tot aix\u00f2, es fan necess\u00e0ries estrat\u00e8gies que permetin prevenir i confrontar les agressions concretes que aquestes persones pateixen en el seu context quotidi\u00e0 al mateix temps que s\u2019opera sobre l\u2019imaginari i les consci\u00e8ncies de la comunitat per tal de transformar la realitat social i tendir cap a la igualtat i l\u2019eradicaci\u00f3 de totes les formes de viol\u00e8ncia masclista.<\/p>\n<p style=\"text-align: justify;\">Per aix\u00f2, \u00e9s necessari combatre aquelles representacions culturals que reforcen percepcions discriminat\u00f2ries i relativitzen les agressions i abusos. S\u00f3n precisament l\u2019acci\u00f3 cultural i l\u2019activisme art\u00edstic les eines que m\u00e9s poden ajudar a transformar els imaginaris socials per tal de tendir cap a relacions m\u00e9s igualit\u00e0ries. En aquest sentit, destaquen dos fen\u00f2mens cada cop m\u00e9s presents i consolidats. Per una banda, les propostes de cocreaci\u00f3 i els projectes d\u2019autorrepresentaci\u00f3, que conviden al p\u00fablic a participar de forma creativa i posen en mans dels col\u00b7lectius socials les eines perqu\u00e8 puguin construir el seu propi relat, i fomentar l\u2019an\u00e0lisi cr\u00edtica, la reflexi\u00f3 col\u00b7lectiva i la interacci\u00f3 activa de les persones participants. Per l\u2019altra, les intervencions a l\u2019espai p\u00fablic com l\u2019art urb\u00e0, el teatre de carrer o les accions performatives, les quals introdueixen el fenomen art\u00edstic a la vida quotidiana i interpel\u00b7len de forma directa a la ciutadania.<\/p>\n<p style=\"text-align: justify;\"><span style=\"font-weight: 400;\">En la l\u00ednia general de les activitats realitzades per l\u2019associaci\u00f3, les accions art\u00edstiques que es portaran a terme s\u2019adaptaran al m\u00e0xim a cada barri, col\u2022lectiu i espai urb\u00e0, i fomentaran\u00a0<\/span>l\u2019an\u00e0lisi cr\u00edtica, la reflexi\u00f3 col\u2022lectiva i la interacci\u00f3 i implicaci\u00f3 activa de les persones participants. Una de les apostes importants del projecte \u00e9s que els grups de dones i d\u2019adolescents i joves participants siguin en tot moment protagonistes, actors i creadors de les accions. En aquest sentit, la nostra tasca se centrar\u00e0 a dinamitzar, acompanyar i facilitar el treball dels grups en les diferents fases de l\u2019acci\u00f3 art\u00edstica: ideaci\u00f3, planificaci\u00f3, realitzaci\u00f3, documentaci\u00f3 i difusi\u00f3.<\/p>\n<p style=\"text-align: justify;\"><span style=\"color: rgb(255, 255, 255);\">.<\/span><\/p>\n<p style=\"text-align: justify;\"><strong><span style=\"color: #ff0000;\">Objectius<\/span><\/strong><\/p>\n<p style=\"text-align: justify;\"><span style=\"font-weight: 400;\">&#8211; Fomentar en les dones dels nostres barris la posada en com\u00fa de les seves experi\u00e8ncies, l\u2019establiment de relacions i afinitats, l\u2019autoaprenentatge, la creativitat compartida, la cooperaci\u00f3 i la sororitat, la participaci\u00f3 activa i la implicaci\u00f3 en la comunitat com a formes d\u2019empoderament personal i col\u00b7lectiu enfront de l\u2019assetjament sexual als espais p\u00fablics i de les diferents formes de viol\u00e8ncia masclista.<\/span><\/p>\n<p style=\"text-align: justify;\">&#8211; Implicar les dones dels nostres barris en el seu context, vincular-les al teixit comunitari i dotar-les d\u2019eines perqu\u00e8 puguin incidir sobre els espais p\u00fablics que les envolten i prevenir l\u2019assetjament sexual en el seu entorn quotidi\u00e0.<\/p>\n<p style=\"text-align: justify;\">&#8211; Col\u00b7laborar amb els col\u00b7lectius, entitats i equipaments dels barris per a conscienciar i implicar la comunitat i fer que el teixit social esdevingui agent actiu en la identificaci\u00f3 i eradicaci\u00f3 de qualsevol forma d&#8217;assetjament sexual vers les dones als espais p\u00fablics.<\/p>\n<p style=\"text-align: justify;\">&#8211; Intervenir en els espais p\u00fablics mitjan\u00e7ant accions art\u00edstiques i utilitzar-los com a plataforma de difusi\u00f3 i altaveu de les dones per tal de visibilitzar-les, sensibilitzar sobre el biaix de g\u00e8nere de l\u2019espai urb\u00e0, denunciar de forma p\u00fablica l\u2019assetjament sexual al carrer i transformar la realitat social dels nostres barris.<\/p>\n<p style=\"text-align: justify;\">&#8211; Sensibilitzar i implicar la ciutadania en la prevenci\u00f3 de l\u2019assetjament sexual als espais p\u00fablics i l\u2019eradicaci\u00f3 de totes les formes de viol\u00e8ncia masclista mitjan\u00e7ant l\u2019expressi\u00f3 art\u00edstica de les dones, l\u2019acci\u00f3 cultural, la intervenci\u00f3 sobre els discursos i representacions que ens envolten i la generaci\u00f3 de continguts i materials de divulgaci\u00f3.<\/p>\n<p style=\"text-align: justify;\"><span style=\"color: rgb(255, 255, 255);\">.<\/span><\/p>\n<p style=\"text-align: justify;\"><span style=\"color: #ff0000;\"><strong>Metodologia<\/strong><\/span><\/p>\n<p style=\"text-align: justify;\"><span style=\"font-weight: 400;\">Per a complir aquests objectius, farem difusi\u00f3 del projecte i interactuarem amb els col\u00b7lectius, associacions, entitats i equipaments dels barris; i coordinarem i dinamitzarem mitjan\u00e7ant tallers de creaci\u00f3 col\u2022lectiva la ideaci\u00f3, planificaci\u00f3, realitzaci\u00f3, documentaci\u00f3 i difusi\u00f3 d\u2019accions art\u00edstiques per part de col\u00b7lectius o grups de poblaci\u00f3 de la comunitat, en col\u00b7laboraci\u00f3 amb agents socioecon\u00f2mics del barri. Tamb\u00e9 ens farem ress\u00f2 de les accions realitzades a trav\u00e9s de les xarxes socials i del nostre entorn virtual.<\/span><\/p>\n<p style=\"text-align: justify;\"><span style=\"font-weight: 400;\">Els grups o col\u00b7lectius participants decidiran el tractament que volen donar al tema i el format art\u00edstic en el qual volen treballar. Podran escollir entre l\u2019\u00e0mbit de les arts esc\u00e8niques\u00a0<\/span>(performance, teatre f\u00f2rum, teatre invisible, etc.)\u00a0<span style=\"font-weight: 400;\">o el de les arts pl\u00e0stiques i audiovisuals (art urb\u00e0, fotografia, v\u00eddeo-art, videoclip, curtmetratge, etc.). Per al desenvolupament de cada acci\u00f3, Trama comptar\u00e0 amb el suport d\u2019una persona especialitzada en el format art\u00edstic escollit. Totes les accions art\u00edstiques dutes a terme en el marc del projecte hauran de tenir com a objectiu sensibilitzar a la ciutadania sobre l\u2019assetjament sexual als espais p\u00fablics i procuraran <\/span><span style=\"font-weight: 400;\">realitzar-se, de forma priorit\u00e0ria, en l\u2019espai p\u00fablic<\/span><span style=\"font-weight: 400;\">o en interacci\u00f3 amb aquest.<\/span><\/p>\n<p style=\"text-align: justify;\"><span style=\"color: rgb(255, 255, 255);\">.<\/span><\/p>\n<p><span style=\"color: #ff0000;\"><strong>Finan\u00e7ament<\/strong><\/span><\/p>\n<p><span style=\"font-weight: 400;\">Des de Trama, ens fem c\u00e0rrec de gran part del cost dels projectes. Tot i aix\u00ed, les accions requeriran suport econ\u00f2mic sempre que sigui possible.<\/span><\/p>\n<p style=\"text-align: justify;\"><span style=\"font-weight: 400;\">En funci\u00f3 de les seves possibilitats, els col\u00b7lectius i entitats col\u2022laboradores es faran c\u00e0rrec d\u2019una part del cost del projecte d\u2019acci\u00f3 art\u00edstica, mai superior al 50%. Les activitats seran gratu\u00eftes per aquelles associacions i col\u00b7lectius que no disposin de recursos suficients. En aquests casos, es buscar\u00e0 el suport econ\u00f2mic d\u2019altres agents del barri.<\/span><\/p>\n<p style=\"text-align: justify;\"><span style=\"color: #ffffff;\">.<\/span><\/p>\n<h6><span style=\"font-weight: 400;\"><span style=\"color: #222222;\">\u00a0 \u00a0 \u00a0 \u00a0 \u00a0Una iniciativa de: \u00a0 \u00a0 \u00a0 \u00a0 \u00a0 \u00a0 \u00a0 \u00a0 \u00a0 \u00a0 \u00a0 \u00a0 \u00a0 \u00a0 \u00a0 \u00a0 \u00a0 \u00a0 \u00a0 \u00a0<span style=\"color: #ffffff;\">.<\/span>Amb la col\u00b7laboraci\u00f3 de:<\/span><\/span><\/h6>\n<h6><span style=\"font-weight: 400;\"><span style=\"color: #222222;\">\u00a0<img loading=\"lazy\" decoding=\"async\" class=\"alignnone  wp-image-4662\" src=\"http:\/\/tramacultura.org\/w\/wp-content\/uploads\/2016\/05\/logor2-copia.png\" alt=\"logor2 copia\" width=\"301\" height=\"108\" \/>\u00a0 \u00a0 \u00a0 \u00a0 \u00a0 \u00a0 \u00a0\u00a0<img loading=\"lazy\" decoding=\"async\" class=\"alignnone  wp-image-4663\" src=\"http:\/\/tramacultura.org\/w\/wp-content\/uploads\/2016\/05\/Llimes_reduides-15_RGB.jpg\" alt=\"Llimes_reduides-15_RGB\" width=\"225\" height=\"88\" \/><\/span><\/span><\/h6>\n","protected":false},"excerpt":{"rendered":"<p>Alliberem el barri! \u00e9s un projecte per a la promoci\u00f3 i realitzaci\u00f3 d\u2019accions art\u00edstiques comunit\u00e0ries a l\u2019espai p\u00fablic dutes a terme per grups de dones i d\u2019adolescents i joves amb el suport de col\u00b7lectius, entitats i equipaments del barri per tal de visibilitzar i denunciar l\u2019assetjament sexual als espais p\u00fablics &#8230;<\/p>\n","protected":false},"author":1,"featured_media":0,"parent":0,"menu_order":0,"comment_status":"closed","ping_status":"closed","template":"","meta":{"footnotes":""},"class_list":["post-4540","page","type-page","status-publish","hentry","column","threecol"],"_links":{"self":[{"href":"https:\/\/tramacultura.org\/index.php?rest_route=\/wp\/v2\/pages\/4540","targetHints":{"allow":["GET"]}}],"collection":[{"href":"https:\/\/tramacultura.org\/index.php?rest_route=\/wp\/v2\/pages"}],"about":[{"href":"https:\/\/tramacultura.org\/index.php?rest_route=\/wp\/v2\/types\/page"}],"author":[{"embeddable":true,"href":"https:\/\/tramacultura.org\/index.php?rest_route=\/wp\/v2\/users\/1"}],"replies":[{"embeddable":true,"href":"https:\/\/tramacultura.org\/index.php?rest_route=%2Fwp%2Fv2%2Fcomments&post=4540"}],"version-history":[{"count":7,"href":"https:\/\/tramacultura.org\/index.php?rest_route=\/wp\/v2\/pages\/4540\/revisions"}],"predecessor-version":[{"id":5040,"href":"https:\/\/tramacultura.org\/index.php?rest_route=\/wp\/v2\/pages\/4540\/revisions\/5040"}],"wp:attachment":[{"href":"https:\/\/tramacultura.org\/index.php?rest_route=%2Fwp%2Fv2%2Fmedia&parent=4540"}],"curies":[{"name":"wp","href":"https:\/\/api.w.org\/{rel}","templated":true}]}}