{"id":4033,"date":"2015-06-21T20:54:01","date_gmt":"2015-06-21T20:54:01","guid":{"rendered":"http:\/\/tramacultura.org\/?page_id=4033"},"modified":"2021-09-20T14:29:51","modified_gmt":"2021-09-20T14:29:51","slug":"activitats-culturals","status":"publish","type":"page","link":"https:\/\/tramacultura.org\/?page_id=4033","title":{"rendered":"XERRADES I TALLERS"},"content":{"rendered":"<p style=\"color: #222222; text-align: justify;\">Des de Trama disposem d\u2019una oferta multidisciplin\u00e0ria d\u2019activitats culturals\u00a0 en format xerrada o taller que\u00a0combinen la reflexi\u00f3 te\u00f2rica amb l\u2019experimentaci\u00f3 pr\u00e0ctica i la participaci\u00f3 activa de les persones assistents: xerrades, tallers, cinef\u00f2rums, debats i taules rodones d\u2019hist\u00f2ria, art, literatura i contes, cinema, teatre i teatre social, jocs, filosofia i g\u00e8nere.<\/p>\n<p style=\"color: #222222; text-align: justify;\">Les propostes fomenten el coneixement dels llenguatges art\u00edstics,\u00a0\u00a0la reflexi\u00f3 social i pol\u00edtica sobre el m\u00f3n actual, la mem\u00f2ria hist\u00f2rica, la perspectiva de g\u00e8nere, la toler\u00e0ncia, la no-viol\u00e8ncia i les relacions justes i equitatives.<\/p>\n<p style=\"text-align: justify;\"><span lang=\"EN-US\" style=\"color: #222222;\">L&#8217;oferta est\u00e0 dirigida a la ciutadania en general per\u00f2 \u00e9s adaptable a p\u00fablics espec\u00edfics. Tamb\u00e9 disposem d\u2019activitats espec\u00edfiques per a nens i nenes, fam\u00edlies, adolescents, joves i gent gran.<\/span><\/p>\n<p style=\"text-align: justify;\"><span style=\"text-decoration: underline;\">Formats<\/span><\/p>\n<p style=\"text-align: justify;\"><span style=\"color: #000000;\">El format xerrada consisteix en l&#8217; exposici\u00f3 te\u00f2rica per part de la persona dinamitzadora i torn de preguntes al final per part del p\u00fablic.\u00a0<\/span><\/p>\n<p style=\"text-align: justify;\">El format taller<span style=\"color: #222222;\">\u00a0alterna de forma constant l&#8217;exposici\u00f3 te\u00f2rica amb\u00a0din\u00e0miques participatives per part d eles persones assistents.\u00a0<span style=\"color: #000000;\">Pot incloure diversos formats combinats o no entre ells: visionat d\u2019imatges i peces audiovisuals i\/o debat participatiu i\/o exposici\u00f3 de casos per part de les persones participants i\/o din\u00e0miques teatrals, l\u00fadiques i creatives. <\/span><\/span><\/p>\n<p style=\"text-align: justify;\">SESSI\u00d3 \u00daNICA DE 90 O 120 MINUTS.<\/p>\n<p style=\"text-align: justify;\">\u00a0GENERALS<\/p>\n<p style=\"text-align: justify;\"><a href=\"http:\/\/tramacultura.org\/?page_id=4728\" target=\"_blank\" rel=\"noopener noreferrer\">\u00a0 &#8211; IMATGE<\/a><\/p>\n<p style=\"text-align: justify;\"><a href=\"http:\/\/tramacultura.org\/?page_id=5283\" target=\"_blank\" rel=\"noopener noreferrer\">\u00a0 &#8211; EXPRESSI\u00d3<\/a><\/p>\n<p style=\"text-align: justify;\"><a href=\"http:\/\/tramacultura.org\/?page_id=5286\" target=\"_blank\" rel=\"noopener noreferrer\">\u00a0 &#8211; EQUITAT<\/a><\/p>\n<p style=\"text-align: justify;\">\u00a0<a href=\"http:\/\/tramacultura.org\/?page_id=5288\" target=\"_blank\" rel=\"noopener noreferrer\"> &#8211; PENSAMENT<\/a><\/p>\n<p style=\"text-align: justify;\"><a href=\"http:\/\/tramacultura.org\/?page_id=5292\" target=\"_blank\" rel=\"noopener noreferrer\">\u00a0 &#8211; LLENGUATGE<\/a><\/p>\n<p>JOVES<\/p>\n<p><a href=\"http:\/\/tramacultura.org\/?page_id=5294\" target=\"_blank\" rel=\"noopener noreferrer\">&#8211; IMATGE<\/a><\/p>\n<p><a href=\"http:\/\/tramacultura.org\/?page_id=5296\" target=\"_blank\" rel=\"noopener noreferrer\">&#8211; EXPRESSI\u00d3<\/a><\/p>\n<p><a href=\"http:\/\/tramacultura.org\/?page_id=5298\" target=\"_blank\" rel=\"noopener noreferrer\">&#8211; EQUITAT<\/a><\/p>\n<p><a href=\"http:\/\/tramacultura.org\/?page_id=5304\" target=\"_blank\" rel=\"noopener noreferrer\">&#8211; PENSAMENT<\/a><\/p>\n<p><a href=\"http:\/\/tramacultura.org\/?page_id=5308\" target=\"_blank\" rel=\"noopener noreferrer\">&#8211; LLENGUATGE<\/a><\/p>\n<p>INF\u00c0NCIA<\/p>\n<p style=\"color: #000000;\">\u00a0 <a href=\"http:\/\/tramacultura.org\/?page_id=5312\" target=\"_blank\" rel=\"noopener noreferrer\">&#8211; TALLERS<\/a><\/p>\n<p style=\"color: #000000;\">\u00a0<a href=\"http:\/\/tramacultura.org\/?page_id=5314\" target=\"_blank\" rel=\"noopener noreferrer\"> \u00a0&#8211; ACTIVITATS DINAMITZADES<\/a><\/p>\n<p style=\"color: #000000;\">\u00a0<a href=\"http:\/\/tramacultura.org\/?page_id=5320\" target=\"_blank\" rel=\"noopener noreferrer\"> &#8211; ESPECTACLES<\/a><\/p>\n","protected":false},"excerpt":{"rendered":"<p>Des de Trama disposem d\u2019una oferta multidisciplin\u00e0ria d\u2019activitats culturals\u00a0 en format xerrada o taller que\u00a0combinen la reflexi\u00f3 te\u00f2rica amb l\u2019experimentaci\u00f3 pr\u00e0ctica i la participaci\u00f3 activa de les persones assistents: xerrades, tallers, cinef\u00f2rums, debats i taules rodones d\u2019hist\u00f2ria, art, literatura i contes, cinema, teatre i teatre social, jocs, filosofia i g\u00e8nere. &#8230;<\/p>\n","protected":false},"author":1,"featured_media":0,"parent":0,"menu_order":0,"comment_status":"closed","ping_status":"closed","template":"","meta":{"footnotes":""},"class_list":["post-4033","page","type-page","status-publish","hentry","column","threecol"],"_links":{"self":[{"href":"https:\/\/tramacultura.org\/index.php?rest_route=\/wp\/v2\/pages\/4033","targetHints":{"allow":["GET"]}}],"collection":[{"href":"https:\/\/tramacultura.org\/index.php?rest_route=\/wp\/v2\/pages"}],"about":[{"href":"https:\/\/tramacultura.org\/index.php?rest_route=\/wp\/v2\/types\/page"}],"author":[{"embeddable":true,"href":"https:\/\/tramacultura.org\/index.php?rest_route=\/wp\/v2\/users\/1"}],"replies":[{"embeddable":true,"href":"https:\/\/tramacultura.org\/index.php?rest_route=%2Fwp%2Fv2%2Fcomments&post=4033"}],"version-history":[{"count":18,"href":"https:\/\/tramacultura.org\/index.php?rest_route=\/wp\/v2\/pages\/4033\/revisions"}],"predecessor-version":[{"id":6017,"href":"https:\/\/tramacultura.org\/index.php?rest_route=\/wp\/v2\/pages\/4033\/revisions\/6017"}],"wp:attachment":[{"href":"https:\/\/tramacultura.org\/index.php?rest_route=%2Fwp%2Fv2%2Fmedia&parent=4033"}],"curies":[{"name":"wp","href":"https:\/\/api.w.org\/{rel}","templated":true}]}}