{"id":4026,"date":"2015-06-21T18:24:48","date_gmt":"2015-06-21T18:24:48","guid":{"rendered":"http:\/\/tramacultura.org\/?page_id=4026"},"modified":"2022-06-13T15:09:56","modified_gmt":"2022-06-13T15:09:56","slug":"itineraris","status":"publish","type":"page","link":"https:\/\/tramacultura.org\/?page_id=4026","title":{"rendered":"ITINERARIS I CURSOS"},"content":{"rendered":"<p style=\"color: #000000; text-align: justify;\"><img loading=\"lazy\" decoding=\"async\" class=\"wp-image-4794  alignleft\" src=\"http:\/\/tramacultura.org\/w\/wp-content\/uploads\/2014\/03\/DSCF7334-1024x768.jpg\" alt=\"DSCF7334\" width=\"306\" height=\"229\" srcset=\"https:\/\/tramacultura.org\/wp-content\/uploads\/2014\/03\/DSCF7334-1024x768.jpg 1024w, https:\/\/tramacultura.org\/wp-content\/uploads\/2014\/03\/DSCF7334-300x225.jpg 300w, https:\/\/tramacultura.org\/wp-content\/uploads\/2014\/03\/DSCF7334-700x525.jpg 700w, https:\/\/tramacultura.org\/wp-content\/uploads\/2014\/03\/DSCF7334-332x249.jpg 332w\" sizes=\"auto, (max-width: 306px) 100vw, 306px\" \/><\/p>\n<p style=\"color: #000000; text-align: justify;\">Des de Trama comptem amb una oferta d\u2019itineraris urbans, passejades culturals i visites comentades, centrada en la hist\u00f2ria dels barris, les transformacions urbanes i socials, i el patrimoni art\u00edstic de Barcelona. De la filosofia oculta sota la fisonomia de la ciutat, passant pels espais de mem\u00f2ria i de creaci\u00f3, fins a les conquestes socials de la ciutadania, els itineraris conviden a pensar i sentir la ciutat\u00a0\u00a0d\u2019una altra manera.<\/p>\n<p style=\"color: #000000;\"><span style=\"color: #ffffff;\">.<\/span><\/p>\n<p style=\"text-align: justify;\"><span style=\"font-weight: 600; color: #ff0000;\"># Dones i espai p\u00fablic<\/span><\/p>\n<p style=\"text-align: justify;\">Qu\u00e8 ens diu la ciutat sobre les dones d\u2019ara i d\u2019abans? \u00c9s equitatiu i igualitari l\u2019espai urb\u00e0? O refor\u00e7a les desigualtats entre homes i dones? Passejarem per Ciutat Vella mirant els carrers, les places, els mercats\u2026 des d\u2019una perspectiva de g\u00e8nere, per reflexionar sobre la relaci\u00f3 entre urbanitat i ciutadania, entre dones i espai p\u00fablic.<\/p>\n<div>\n<p><span style=\"color: #ff0000;\"><strong>#Herstory. Quan elles prenen la veu.<\/strong><\/span> Itinerari teatralitzat<\/p>\n<\/div>\n<div>\n<p>Com va comen\u00e7ar la revolta del pa? Quin va ser el paper de les dones en la migraci\u00f3 dels anys 60? En aquest itinerari teatral rescatarem la hist\u00f2ria silenciada de les dones a trav\u00e9s d\u2019escenes representades pels personatges que les van protagonitzar i que ens mostraran, a partir de petits sketchs, que les dones no nom\u00e9s han format part de la hist\u00f2ria sin\u00f3 que l\u2019han construit i transformat.<\/p>\n<\/div>\n<p><span style=\"color: #ff0000;\"><strong># Visitem la Barcelona cultural<\/strong><\/span><\/p>\n<p>Descobrirem el patrimoni art\u00edstic de Barcelona i gaudirem de la vida cultural de la ciutat mitjan\u00e7ant visites comentades a museus, centres culturals, exposicions temporals i espais d\u2019inter\u00e8s art\u00edstic com galeries o f\u00e0briques de creaci\u00f3.<\/p>\n<p style=\"text-align: justify;\">\n<p style=\"text-align: justify;\"><span style=\"color: #ffffff;\">.<\/span><\/p>\n<p style=\"text-align: justify;\">\n","protected":false},"excerpt":{"rendered":"<p>Des de Trama comptem amb una oferta d\u2019itineraris urbans, passejades culturals i visites comentades, centrada en la hist\u00f2ria dels barris, les transformacions urbanes i socials, i el patrimoni art\u00edstic de Barcelona. De la filosofia oculta sota la fisonomia de la ciutat, passant pels espais de mem\u00f2ria i de creaci\u00f3, fins &#8230;<\/p>\n","protected":false},"author":1,"featured_media":0,"parent":0,"menu_order":0,"comment_status":"closed","ping_status":"closed","template":"","meta":{"footnotes":""},"class_list":["post-4026","page","type-page","status-publish","hentry","column","threecol"],"_links":{"self":[{"href":"https:\/\/tramacultura.org\/index.php?rest_route=\/wp\/v2\/pages\/4026","targetHints":{"allow":["GET"]}}],"collection":[{"href":"https:\/\/tramacultura.org\/index.php?rest_route=\/wp\/v2\/pages"}],"about":[{"href":"https:\/\/tramacultura.org\/index.php?rest_route=\/wp\/v2\/types\/page"}],"author":[{"embeddable":true,"href":"https:\/\/tramacultura.org\/index.php?rest_route=\/wp\/v2\/users\/1"}],"replies":[{"embeddable":true,"href":"https:\/\/tramacultura.org\/index.php?rest_route=%2Fwp%2Fv2%2Fcomments&post=4026"}],"version-history":[{"count":22,"href":"https:\/\/tramacultura.org\/index.php?rest_route=\/wp\/v2\/pages\/4026\/revisions"}],"predecessor-version":[{"id":6135,"href":"https:\/\/tramacultura.org\/index.php?rest_route=\/wp\/v2\/pages\/4026\/revisions\/6135"}],"wp:attachment":[{"href":"https:\/\/tramacultura.org\/index.php?rest_route=%2Fwp%2Fv2%2Fmedia&parent=4026"}],"curies":[{"name":"wp","href":"https:\/\/api.w.org\/{rel}","templated":true}]}}