{"id":4007,"date":"2015-06-21T17:30:26","date_gmt":"2015-06-21T17:30:26","guid":{"rendered":"http:\/\/tramacultura.org\/?page_id=4007"},"modified":"2015-06-24T15:33:04","modified_gmt":"2015-06-24T15:33:04","slug":"per-a-professorat","status":"publish","type":"page","link":"https:\/\/tramacultura.org\/?page_id=4007","title":{"rendered":"PER A PROFESSORAT"},"content":{"rendered":"<p style=\"text-align: justify;\"><img loading=\"lazy\" decoding=\"async\" class=\"alignnone wp-image-4160\" src=\"http:\/\/tramacultura.org\/w\/wp-content\/uploads\/2015\/06\/John-Keating-300x201.jpg\" alt=\"John-Keating\" width=\"409\" height=\"274\" srcset=\"https:\/\/tramacultura.org\/wp-content\/uploads\/2015\/06\/John-Keating-300x201.jpg 300w, https:\/\/tramacultura.org\/wp-content\/uploads\/2015\/06\/John-Keating-332x223.jpg 332w, https:\/\/tramacultura.org\/wp-content\/uploads\/2015\/06\/John-Keating.jpg 540w\" sizes=\"auto, (max-width: 409px) 100vw, 409px\" \/><\/p>\n<p style=\"text-align: justify;\"><span style=\"color: #222222;\">Des de Trama comptem amb una oferta multidisciplin\u00e0ria de cursos presencials i virtuals dirigits a docents, que combinen l\u2019an\u00e0lisi cr\u00edtica i la reflexi\u00f3 te\u00f2rica a partir de m\u00faltiples materials, amb l\u2019experimentaci\u00f3 pr\u00e0ctica a trav\u00e9s de diferents eines i din\u00e0miques pedag\u00f2giques.<\/span><\/p>\n<p><span style=\"color: #ffffff;\">.<\/span><\/p>\n<p style=\"color: #000000;\"><span style=\"color: #ff0000;\"><span style=\"font-weight: 600;\"># Cultura amb perspectiva de g\u00e8nere<\/span><\/span><\/p>\n<p style=\"color: #000000; text-align: justify;\">A trav\u00e9s de les arts visuals, la literatura, el teatre, el cinema, els mitjans de comunicaci\u00f3 i les noves tecnologies, analitzarem els discursos i representacions masclistes, reflexionarem sobre els estereotips de g\u00e8nere i el paper de les dones en les ind\u00fastries culturals, i descobrirem nous imaginaris, m\u00e9s justos i igualitaris.<\/p>\n<p style=\"text-align: justify;\"><span style=\"color: #ffffff;\">.<\/span><\/p>\n<p style=\"color: #000000;\"><span style=\"color: #ff0000;\">\u00a0<span style=\"font-weight: 600;\">#\u00a0<em>Teixim mem\u00f2ria!<\/em>\u00a0Dones en la hist\u00f2ria<\/span><\/span><\/p>\n<p style=\"color: #000000; text-align: justify;\"><span style=\"color: #000000;\">A trav\u00e9s dels contes, els jocs, el teatre i la pl\u00e0stica, rememorarem la hist\u00f2ria de les dones d\u2019aqu\u00ed i d\u2019arreu, coneixerem els obstacles que van afrontar i descobrirem les seves contribucions al progr\u00e9s de la societat.<\/span><\/p>\n<p style=\"color: #000000; text-align: justify;\"><span style=\"color: #ffffff;\">.<\/span><\/p>\n<p><span style=\"color: #ff0000;\"><span style=\"font-weight: 600;\"># Llegim el cinema<\/span><\/span><\/p>\n<p style=\"text-align: justify;\">Per qu\u00e8 ens commou el cinema? Com es construeixen hist\u00f2ries i s\u2019expressen emocions en el mitj\u00e0 audiovisual? A partir de seq\u00fc\u00e8ncies cl\u00e0ssiques i contempor\u00e0nies, ens aproparem al llenguatge cinematogr\u00e0fic per con\u00e8ixer les possibilitats est\u00e8tiques, narratives i dram\u00e0tiques de la llum, el moviment de c\u00e0mera, la banda sonora o el muntatge. Aprendrem a analitzar les pel\u00b7l\u00edcules per ser m\u00e9s conscients de com llegim el cinema.<\/p>\n<p style=\"text-align: justify;\"><span style=\"color: #ffffff;\">.<\/span><\/p>\n<p style=\"color: #000000;\"><span style=\"color: #ff0000;\"><span style=\"font-weight: 600;\">#\u00a0<em>Actuem!<\/em>\u00a0Teatre per la igualtat<\/span><\/span><\/p>\n<p style=\"color: #000000; text-align: justify;\"><span style=\"color: #000000;\">Mitjan\u00e7ant el joc i la pr\u00e0ctica teatral, treballarem situacions de conflicte relacionades amb les relacions socials, la discriminaci\u00f3, la viol\u00e8ncia i la injust\u00edcia. Desenvoluparem l\u2019empatia, reflexionarem sobre la presa de decisions i aprendrem a gestionar i resoldre conflictes.<\/span><\/p>\n<p style=\"color: #000000; text-align: justify;\"><span style=\"color: #ffffff;\">.<\/span><\/p>\n<p><span style=\"color: #ff0000;\"><strong># Narrativa audiovisual<\/strong><\/span><\/p>\n<p>Aprofundirem en els fonaments de la narrativa que emparenten el cinema amb la literatura o les arts esc\u00e8niques i aprendrem com es construeixen les hist\u00f2ries en el mitj\u00e0 audiovisual, com es narra amb el pla, la llum, el moviment de c\u00e0mera o el so.<\/p>\n<p><span style=\"color: #ffffff;\">.<\/span><\/p>\n<p style=\"color: #000000;\"><span style=\"color: #ff0000;\"><span style=\"font-weight: 600;\"># Visitem la Barcelona cultural<\/span><\/span><\/p>\n<p style=\"color: #000000; text-align: justify;\">Descobrirem el patrimoni art\u00edstic de Barcelona i gaudirem de la vida cultural de la ciutat mitjan\u00e7ant visites comentades a\u00a0museus, centres culturals, exposicions temporals i espais d\u2019inter\u00e8s art\u00edstic com galeries o f\u00e0briques de creaci\u00f3.<\/p>\n","protected":false},"excerpt":{"rendered":"<p>Des de Trama comptem amb una oferta multidisciplin\u00e0ria de cursos presencials i virtuals dirigits a docents, que combinen l\u2019an\u00e0lisi cr\u00edtica i la reflexi\u00f3 te\u00f2rica a partir de m\u00faltiples materials, amb l\u2019experimentaci\u00f3 pr\u00e0ctica a trav\u00e9s de diferents eines i din\u00e0miques pedag\u00f2giques. . # Cultura amb perspectiva de g\u00e8nere A trav\u00e9s de &#8230;<\/p>\n","protected":false},"author":1,"featured_media":0,"parent":0,"menu_order":0,"comment_status":"closed","ping_status":"closed","template":"","meta":{"footnotes":""},"class_list":["post-4007","page","type-page","status-publish","hentry","column","threecol"],"_links":{"self":[{"href":"https:\/\/tramacultura.org\/index.php?rest_route=\/wp\/v2\/pages\/4007","targetHints":{"allow":["GET"]}}],"collection":[{"href":"https:\/\/tramacultura.org\/index.php?rest_route=\/wp\/v2\/pages"}],"about":[{"href":"https:\/\/tramacultura.org\/index.php?rest_route=\/wp\/v2\/types\/page"}],"author":[{"embeddable":true,"href":"https:\/\/tramacultura.org\/index.php?rest_route=\/wp\/v2\/users\/1"}],"replies":[{"embeddable":true,"href":"https:\/\/tramacultura.org\/index.php?rest_route=%2Fwp%2Fv2%2Fcomments&post=4007"}],"version-history":[{"count":4,"href":"https:\/\/tramacultura.org\/index.php?rest_route=\/wp\/v2\/pages\/4007\/revisions"}],"predecessor-version":[{"id":4161,"href":"https:\/\/tramacultura.org\/index.php?rest_route=\/wp\/v2\/pages\/4007\/revisions\/4161"}],"wp:attachment":[{"href":"https:\/\/tramacultura.org\/index.php?rest_route=%2Fwp%2Fv2%2Fmedia&parent=4007"}],"curies":[{"name":"wp","href":"https:\/\/api.w.org\/{rel}","templated":true}]}}