{"id":3988,"date":"2015-06-19T13:42:30","date_gmt":"2015-06-19T13:42:30","guid":{"rendered":"http:\/\/tramacultura.org\/?page_id=3988"},"modified":"2023-03-23T13:04:37","modified_gmt":"2023-03-23T13:04:37","slug":"repensem-els-contes-3","status":"publish","type":"page","link":"https:\/\/tramacultura.org\/?page_id=3988","title":{"rendered":"REPENSEM ELS CONTES!"},"content":{"rendered":"<p style=\"text-align: justify;\"><img loading=\"lazy\" decoding=\"async\" class=\"alignnone wp-image-1792 \" src=\"http:\/\/tramacultura.org\/w\/wp-content\/uploads\/2013\/08\/contesco-290x290.jpg\" alt=\"contes&amp;co\" width=\"239\" height=\"239\" srcset=\"https:\/\/tramacultura.org\/wp-content\/uploads\/2013\/08\/contesco-290x290.jpg 290w, https:\/\/tramacultura.org\/wp-content\/uploads\/2013\/08\/contesco-300x300.jpg 300w, https:\/\/tramacultura.org\/wp-content\/uploads\/2013\/08\/contesco-332x332.jpg 332w, https:\/\/tramacultura.org\/wp-content\/uploads\/2013\/08\/contesco-432x432.jpg 432w, https:\/\/tramacultura.org\/wp-content\/uploads\/2013\/08\/contesco-268x268.jpg 268w, https:\/\/tramacultura.org\/wp-content\/uploads\/2013\/08\/contesco.jpg 567w\" sizes=\"auto, (max-width: 239px) 100vw, 239px\" \/><\/p>\n<p style=\"text-align: justify;\"><span style=\"color: #000000;\">A partir de la narraci\u00f3 dramatitzada de contes tradicionals i de nova creaci\u00f3, valent-nos tamb\u00e9 del joc i el teatre,\u00a0 q\u00fcestionarem les hist\u00f2ries, repensarem els personatges i inventarem altres maneres d\u2019explicar-les, per tal de sensibilitzar sobre diverses problem\u00e0tiques socials i fomentar la igualtat, el respecte a la diversitat i la cultura de la pau.<\/span><\/p>\n<p style=\"text-align: justify;\"><span style=\"color: #ffffff;\">.<\/span><\/p>\n<p><span style=\"color: #ff0000;\"><strong># Repensem els contes g\u00e8nere<\/strong><\/span><\/p>\n<p style=\"text-align: justify;\"><span style=\"color: #000000;\">Per qu\u00e8 ha de ser la rateta qui escombra l\u2019escaleta? No podrien ser maques les bruixes? Qu\u00e8 passaria si la princesa no es volgu\u00e9s casar amb el pr\u00edncep blau? A partir de la narraci\u00f3 dramatitzada de contes tradicionals i de nova creaci\u00f3, q\u00fcestionarem les hist\u00f2ries, repensarem els personatges i inventarem altres maneres d\u2019explicar-les.<\/span><\/p>\n<p><span style=\"color: #ff0000;\"><strong># Repensem els contes igualtat<\/strong><\/span><\/p>\n<p style=\"text-align: justify;\"><span style=\"color: #000000;\">Qu\u00e8 passaria si la princesa no es volgu\u00e9s casar amb el pr\u00edncep blau? Per qu\u00e8 s\u00f3n lletjos els \u00e0necs i dolents els llops? Cal matar al drac? A partir de la narraci\u00f3 teatralitzada de contes tradicionals i de nova creaci\u00f3, q\u00fcestionarem les hist\u00f2ries, repensarem els personatges i inventarem altres maneres d\u2019explicar-les, per tal d\u2019evitar prejudicis i discriminacions i fomentar la igualtat, el respecte a la diversitat i la cultura de la pau.<\/span><\/p>\n<p style=\"text-align: justify;\"><span style=\"color: #ffffff;\">.<\/span><\/p>\n<p><span style=\"color: #ff0000;\"><strong># Contes&amp;CO<\/strong><\/span><\/p>\n<p style=\"text-align: justify;\">A trav\u00e9s de la teatralitzaci\u00f3 de contes, trencarem estereotips i aprendrem a relacionar-nos de forma m\u00e9s justa i equitativa, a cooperar amb les persones que ens envolten i a coresponsabilitzar-nos de les tasques de cura i de la llar. Ens divertirem aprenent a crear des de casa una societat m\u00e9s igualit\u00e0ria.<\/p>\n<p><span style=\"color: #ff0000;\"><strong># Contes a la carta<\/strong><\/span><\/p>\n<p style=\"text-align: justify;\"><span style=\"color: #000000;\">A trav\u00e9s de la narraci\u00f3 teatralitzada de contes tradicionals i la creaci\u00f3 de noves hist\u00f2ries, treballarem de forma l\u00fadica temes com les relacions afectives, la coresponsabilitat, la cooperaci\u00f3 o el respecte a la diversitat, adaptant-los als interessos i necessitats de cada centre, docent i grup.<\/span><\/p>\n<p><span style=\"color: #ff0000;\"><strong># Repensem els contes CURS<\/strong><\/span><\/p>\n<p>A partir de la narraci\u00f3 teatralitzada de contes tradicionals i de nova creaci\u00f3, valent-nos del joc, el teatre i la pl\u00e0stica, q\u00fcestionarem les hist\u00f2ries, repensarem els personatges i inventarem altres maneres d\u2019explicar-les, per tal de fomentar la igualtat, el respecte a la diversitat i la cultura de la pau.<\/p>\n<p><strong>\u00a0<\/strong><\/p>\n<p><span style=\"color: #ff0000;\"><strong># Repensem els contes. Narrativa i coeducaci\u00f3<\/strong><\/span><\/p>\n<p style=\"text-align: justify;\">Quins valors ens donen els contes? Qu\u00e8 estem transmetent a trav\u00e9s de les fades i els follets, els reis i les princeses, els cavallers i les bruixes? A trav\u00e9s de l\u2019an\u00e0lisi narrativa de contes i pel\u00b7l\u00edcules infantils, detectarem els valors impl\u00edcits integrats en les hist\u00f2ries i reflexionarem sobre la seva import\u00e0ncia educativa. Aprendrem estrat\u00e8gies per a construir nous imaginaris i facilitarem eines per a fomentar en la canalla una mirada m\u00e9s lliure i creativa.<\/p>\n<p style=\"text-align: justify;\"><span style=\"color: #ffffff;\">.<\/span><\/p>\n<p><span style=\"color: #ff0000;\"><strong># El\u00a0viatge\u00a0al\u00a0m\u00f3n\u00a0dels\u00a0contes!\u00a0Espectacle<\/strong><\/span><\/p>\n<div>\n<div style=\"text-align: left;\">A l\u2019\u00c0lex i a la Berta no els agraden els contes que coneixen i decideixen crear-ne de nous. Per fer-ho, viatjaran al m\u00f3n dels contes, on coneixeran els personatges de les hist\u00f2ries i els explicaran una altra versi\u00f3 del seu conte. Tenia por, Sant Jordi, quan es va enfrontar al drac? Est\u00e0 contenta la princesa quan ha de fer sola les tasques de la llar? Acompanya\u2019ns en aquest viatge m\u00e0gic al m\u00f3n dels contes i ajuda l\u2019\u00c0lex i la Berta a crear-ne un de nou!<\/div>\n<div><span style=\"color: #ffffff;\">.<\/span><\/div>\n<div><\/div>\n<div><a href=\"https:\/\/tramacultura.org\/?page_id=5608\">+ informaci\u00f3<\/a><\/div>\n<div><span style=\"color: #ffffff;\">.<\/span><\/div>\n<\/div>\n<div>\n<p><span style=\"color: #ff0000;\"><strong># L&#8217;armari de l&#8217;Oliver<\/strong><\/span><\/p>\n<p>L\u2019armari de l\u2019\u00d2liver presenta a trav\u00e9s del seu personatge principal les pors i inquietuds d\u2019un infant en plena exploraci\u00f3 de l\u2019expressi\u00f3 del seu g\u00e8nere. Davant el rebuig de l\u2019entorn per les coses amb qu\u00e8 li agrada jugar, l\u2019\u00d2liver s\u2019amaga dins l\u2019armari on trobar\u00e0 una s\u00e8rie de personatges que li explicaran la seva experi\u00e8ncia i dificultats a l\u2019hora de viure identitats, expressions de g\u00e8nere i orientacions del desig no normatives.<\/p>\n<p><a href=\"https:\/\/tramacultura.org\/wp-admin\/post.php?post=6180&amp;action=edit\">+informaci\u00f3<\/a><\/p>\n<\/div>\n","protected":false},"excerpt":{"rendered":"<p>A partir de la narraci\u00f3 dramatitzada de contes tradicionals i de nova creaci\u00f3, valent-nos tamb\u00e9 del joc i el teatre,\u00a0 q\u00fcestionarem les hist\u00f2ries, repensarem els personatges i inventarem altres maneres d\u2019explicar-les, per tal de sensibilitzar sobre diverses problem\u00e0tiques socials i fomentar la igualtat, el respecte a la diversitat i la &#8230;<\/p>\n","protected":false},"author":1,"featured_media":0,"parent":0,"menu_order":0,"comment_status":"closed","ping_status":"closed","template":"","meta":{"footnotes":""},"class_list":["post-3988","page","type-page","status-publish","hentry","column","threecol"],"_links":{"self":[{"href":"https:\/\/tramacultura.org\/index.php?rest_route=\/wp\/v2\/pages\/3988","targetHints":{"allow":["GET"]}}],"collection":[{"href":"https:\/\/tramacultura.org\/index.php?rest_route=\/wp\/v2\/pages"}],"about":[{"href":"https:\/\/tramacultura.org\/index.php?rest_route=\/wp\/v2\/types\/page"}],"author":[{"embeddable":true,"href":"https:\/\/tramacultura.org\/index.php?rest_route=\/wp\/v2\/users\/1"}],"replies":[{"embeddable":true,"href":"https:\/\/tramacultura.org\/index.php?rest_route=%2Fwp%2Fv2%2Fcomments&post=3988"}],"version-history":[{"count":8,"href":"https:\/\/tramacultura.org\/index.php?rest_route=\/wp\/v2\/pages\/3988\/revisions"}],"predecessor-version":[{"id":6206,"href":"https:\/\/tramacultura.org\/index.php?rest_route=\/wp\/v2\/pages\/3988\/revisions\/6206"}],"wp:attachment":[{"href":"https:\/\/tramacultura.org\/index.php?rest_route=%2Fwp%2Fv2%2Fmedia&parent=3988"}],"curies":[{"name":"wp","href":"https:\/\/api.w.org\/{rel}","templated":true}]}}