{"id":3975,"date":"2015-06-19T13:32:13","date_gmt":"2015-06-19T13:32:13","guid":{"rendered":"http:\/\/tramacultura.org\/?page_id=3975"},"modified":"2022-08-18T09:15:48","modified_gmt":"2022-08-18T09:15:48","slug":"cultura-per-la-igualtat-2","status":"publish","type":"page","link":"https:\/\/tramacultura.org\/?page_id=3975","title":{"rendered":"DIVERSITARTS. Projectes de sensibilitzaci\u00f3 i creaci\u00f3 col\u00b7lectiva"},"content":{"rendered":"<p style=\"text-align: justify;\"><img loading=\"lazy\" decoding=\"async\" class=\"alignnone size-full wp-image-6078\" src=\"https:\/\/tramacultura.org\/wp-content\/uploads\/2022\/06\/dIVERSITARTS-3.jpg\" alt=\"\" width=\"562\" height=\"314\" srcset=\"https:\/\/tramacultura.org\/wp-content\/uploads\/2022\/06\/dIVERSITARTS-3.jpg 562w, https:\/\/tramacultura.org\/wp-content\/uploads\/2022\/06\/dIVERSITARTS-3-300x168.jpg 300w, https:\/\/tramacultura.org\/wp-content\/uploads\/2022\/06\/dIVERSITARTS-3-332x185.jpg 332w\" sizes=\"auto, (max-width: 562px) 100vw, 562px\" \/><\/p>\n<p><span style=\"color: #ff0000;\"><strong>DIVERSITARTS<\/strong><\/span><\/p>\n<p>Projectes de sensibilitzaci\u00f3 social i creaci\u00f3 art\u00edstica col\u00b7lectiva en els que, a trav\u00e9s d\u2019exercicis i din\u00e0miques de les arts aplicades, essencialment les arts esc\u00e8niques, generarem un espai de <strong>reflexi\u00f3 col\u00b7lectiva entorn la construcci\u00f3 de la identitat, els rols i estereotips de g\u00e8nere, la diversitat de g\u00e8nere, sexual i afectiva amb l\u2019objectiu de prevenir i erradicar les discriminacions i viol\u00e8ncies masclistes i fomentar i potenciar relacions justes i igualit\u00e0ries.<\/strong><\/p>\n<p>Durant les sessions de creaci\u00f3 col\u00b7lectiva, l\u2019alumnat explorar\u00e0 a trav\u00e9s de din\u00e0miques art\u00edstiques, per tal <strong>crear col\u00b7lectivament materials art\u00edstics de sensibilitzaci\u00f3 amb els quals podran expressar la seva pr\u00f2pia visi\u00f3 sobre els continguts treballats i contribuir a visibilitzar, promoure i reivindicar imaginaris m\u00e9s equitatius, justos i igualitaris.<\/strong><\/p>\n<p style=\"text-align: justify;\"><span style=\"color: #000000;\">A trav\u00e9s de la hist\u00f2ria, la filosofia, la literatura, les arts visuals, els mitjans de comunicaci\u00f3 i les noves tecnologies, analitzarem els discursos i representacions culturals i la seva relaci\u00f3 amb les discriminacions socials. Reflexionarem sobre els estereotips i prejudicis encara vigents a les ind\u00fastries culturals i descobrirem de primera m\u00e0 el paper de la creaci\u00f3 art\u00edstica en el foment de la igualtat, el respecte a la diversitat i la no-viol\u00e8ncia.<\/span><\/p>\n<p>Projecte per centres educatius o grups de 3r de prim\u00e0ria a 4t d&#8217;ESO.<\/p>\n<p><span style=\"color: #ffffff;\">.<\/span><\/p>\n","protected":false},"excerpt":{"rendered":"<p>DIVERSITARTS Projectes de sensibilitzaci\u00f3 social i creaci\u00f3 art\u00edstica col\u00b7lectiva en els que, a trav\u00e9s d\u2019exercicis i din\u00e0miques de les arts aplicades, essencialment les arts esc\u00e8niques, generarem un espai de reflexi\u00f3 col\u00b7lectiva entorn la construcci\u00f3 de la identitat, els rols i estereotips de g\u00e8nere, la diversitat de g\u00e8nere, sexual i afectiva &#8230;<\/p>\n","protected":false},"author":1,"featured_media":0,"parent":0,"menu_order":0,"comment_status":"closed","ping_status":"closed","template":"","meta":{"footnotes":""},"class_list":["post-3975","page","type-page","status-publish","hentry","column","threecol"],"_links":{"self":[{"href":"https:\/\/tramacultura.org\/index.php?rest_route=\/wp\/v2\/pages\/3975","targetHints":{"allow":["GET"]}}],"collection":[{"href":"https:\/\/tramacultura.org\/index.php?rest_route=\/wp\/v2\/pages"}],"about":[{"href":"https:\/\/tramacultura.org\/index.php?rest_route=\/wp\/v2\/types\/page"}],"author":[{"embeddable":true,"href":"https:\/\/tramacultura.org\/index.php?rest_route=\/wp\/v2\/users\/1"}],"replies":[{"embeddable":true,"href":"https:\/\/tramacultura.org\/index.php?rest_route=%2Fwp%2Fv2%2Fcomments&post=3975"}],"version-history":[{"count":17,"href":"https:\/\/tramacultura.org\/index.php?rest_route=\/wp\/v2\/pages\/3975\/revisions"}],"predecessor-version":[{"id":6163,"href":"https:\/\/tramacultura.org\/index.php?rest_route=\/wp\/v2\/pages\/3975\/revisions\/6163"}],"wp:attachment":[{"href":"https:\/\/tramacultura.org\/index.php?rest_route=%2Fwp%2Fv2%2Fmedia&parent=3975"}],"curies":[{"name":"wp","href":"https:\/\/api.w.org\/{rel}","templated":true}]}}