{"id":3973,"date":"2015-06-19T13:30:30","date_gmt":"2015-06-19T13:30:30","guid":{"rendered":"http:\/\/tramacultura.org\/?page_id=3973"},"modified":"2022-06-13T15:20:03","modified_gmt":"2022-06-13T15:20:03","slug":"programes-educatius-2","status":"publish","type":"page","link":"https:\/\/tramacultura.org\/?page_id=3973","title":{"rendered":"PROGRAMES CULTURALS"},"content":{"rendered":"<p style=\"text-align: justify;\"><span style=\"color: #222222;\">Des de Trama, comptem amb diferents programes culturals tem\u00e0tics per al foment del coneixement del m\u00f3n actual, la mem\u00f2ria hist\u00f2rica, la igualtat de g\u00e8nere, la toler\u00e0ncia, la no-viol\u00e8ncia i les relacions justes i equitatives.<\/span><br style=\"color: #222222;\" \/><br style=\"color: #222222;\" \/><span style=\"color: #222222;\">Aquests es componen de tallers i activitats culturals dirigides a la ciutadania en general i adaptables a p\u00fablic infantil, familiar i juvenil.<\/span><\/p>\n<p><span style=\"color: #ffffff;\">.<\/span><\/p>\n<ul>\n<li>\n<h4><a href=\"http:\/\/tramacultura.org\/?page_id=3975\" target=\"_blank\" rel=\"noopener noreferrer\"><span style=\"color: #333333;\">CULTURA PER LA IGUALTAT<\/span><\/a><\/h4>\n<\/li>\n<li>\n<h4><a href=\"http:\/\/tramacultura.org\/?page_id=3979\" target=\"_blank\" rel=\"noopener noreferrer\"><span style=\"color: #333333; letter-spacing: 1px;\">CULTURA AMB PERSPECTIVA DE G\u00c8NERE<\/span><\/a><\/h4>\n<\/li>\n<li>\n<h4><a href=\"http:\/\/tramacultura.org\/?page_id=3983\" target=\"_blank\" rel=\"noopener noreferrer\"><span style=\"color: #333333; letter-spacing: 1px;\">CULTURA CONTRA LA VIOL\u00c8NCIA<\/span><\/a><\/h4>\n<\/li>\n<li>\n<h4><a href=\"http:\/\/tramacultura.org\/?page_id=3988\" target=\"_blank\" rel=\"noopener noreferrer\"><span style=\"color: #333333;\">REPENSEM ELS CONTES!<\/span><\/a><\/h4>\n<\/li>\n<li>\n<h4><a href=\"http:\/\/tramacultura.org\/?page_id=3990\" target=\"_blank\" rel=\"noopener noreferrer\"><span style=\"color: #333333; letter-spacing: 1px;\">ART I CREACI\u00d3<\/span><\/a><\/h4>\n<\/li>\n<li>\n<h4><span style=\"color: #333333;\"><a href=\"http:\/\/tramacultura.org\/?page_id=3995\" target=\"_blank\" rel=\"noopener noreferrer\"><span style=\"color: #333333;\">DEL PENSAMENT A L&#8217;ACCI\u00d3<\/span><\/a><\/span><\/h4>\n<\/li>\n<li>\n<h4><span style=\"color: #333333;\"><a href=\"http:\/\/tramacultura.org\/?page_id=4222\" target=\"_blank\" rel=\"noopener noreferrer\"><span style=\"color: #333333;\">ANIMEM EL BARRI!<\/span><\/a><\/span><\/h4>\n<\/li>\n<li>\n<h4><span style=\"color: #333333;\"><a href=\"http:\/\/tramacultura.org\/?page_id=4540\" target=\"_blank\" rel=\"noopener noreferrer\"><span style=\"color: #333333;\">ALLIBEREM EL BARRI!<\/span><\/a><\/span><\/h4>\n<\/li>\n<li>\n<h4><span style=\"color: #333333;\"><a href=\"http:\/\/tramacultura.org\/?page_id=4584\" target=\"_blank\" rel=\"noopener noreferrer\"><span style=\"color: #333333;\">A<span style=\"color: #333333;\">CTUEM! TEATRE PER LA IGUALTAT<\/span><\/span><\/a><\/span><\/h4>\n<\/li>\n<li>\n<h4><a href=\"http:\/\/tramacultura.org\/?page_id=5043\" target=\"_blank\" rel=\"noopener noreferrer\"><span style=\"color: #000000;\">DONANTS DE MEM\u00d2RIA<\/span><\/a><\/h4>\n<\/li>\n<li>\n<h4><span style=\"color: #000000;\"><a href=\"http:\/\/tramacultura.org\/?page_id=5093\" target=\"_blank\" rel=\"noopener noreferrer\"><span style=\"color: #000000;\">TEIXIM XARXES CONTRA ELS ESTEREOTIPS<\/span><\/a>!<\/span><\/h4>\n<\/li>\n<\/ul>\n<p><span style=\"color: #000000;\">\u00a0<\/span><\/p>\n","protected":false},"excerpt":{"rendered":"<p>Des de Trama, comptem amb diferents programes culturals tem\u00e0tics per al foment del coneixement del m\u00f3n actual, la mem\u00f2ria hist\u00f2rica, la igualtat de g\u00e8nere, la toler\u00e0ncia, la no-viol\u00e8ncia i les relacions justes i equitatives.Aquests es componen de tallers i activitats culturals dirigides a la ciutadania en general i adaptables a &#8230;<\/p>\n","protected":false},"author":1,"featured_media":0,"parent":0,"menu_order":0,"comment_status":"closed","ping_status":"closed","template":"","meta":{"footnotes":""},"class_list":["post-3973","page","type-page","status-publish","hentry","column","threecol"],"_links":{"self":[{"href":"https:\/\/tramacultura.org\/index.php?rest_route=\/wp\/v2\/pages\/3973","targetHints":{"allow":["GET"]}}],"collection":[{"href":"https:\/\/tramacultura.org\/index.php?rest_route=\/wp\/v2\/pages"}],"about":[{"href":"https:\/\/tramacultura.org\/index.php?rest_route=\/wp\/v2\/types\/page"}],"author":[{"embeddable":true,"href":"https:\/\/tramacultura.org\/index.php?rest_route=\/wp\/v2\/users\/1"}],"replies":[{"embeddable":true,"href":"https:\/\/tramacultura.org\/index.php?rest_route=%2Fwp%2Fv2%2Fcomments&post=3973"}],"version-history":[{"count":23,"href":"https:\/\/tramacultura.org\/index.php?rest_route=\/wp\/v2\/pages\/3973\/revisions"}],"predecessor-version":[{"id":6144,"href":"https:\/\/tramacultura.org\/index.php?rest_route=\/wp\/v2\/pages\/3973\/revisions\/6144"}],"wp:attachment":[{"href":"https:\/\/tramacultura.org\/index.php?rest_route=%2Fwp%2Fv2%2Fmedia&parent=3973"}],"curies":[{"name":"wp","href":"https:\/\/api.w.org\/{rel}","templated":true}]}}