{"id":392,"date":"2013-05-01T21:10:39","date_gmt":"2013-05-01T21:10:39","guid":{"rendered":"http:\/\/tramacultura.org\/w\/?page_id=392"},"modified":"2013-05-08T23:35:13","modified_gmt":"2013-05-08T23:35:13","slug":"per-a-grups","status":"publish","type":"page","link":"https:\/\/tramacultura.org\/?page_id=392","title":{"rendered":"PER A GRUPS"},"content":{"rendered":"<p style=\"text-align: justify;\"><img loading=\"lazy\" decoding=\"async\" class=\" wp-image-996 alignleft\" alt=\"IMG_5321\" src=\"http:\/\/tramacultura.org\/w\/wp-content\/uploads\/2013\/05\/IMG_5321-300x225.jpg\" width=\"240\" height=\"180\" srcset=\"https:\/\/tramacultura.org\/wp-content\/uploads\/2013\/05\/IMG_5321-300x225.jpg 300w, https:\/\/tramacultura.org\/wp-content\/uploads\/2013\/05\/IMG_5321-1024x768.jpg 1024w, https:\/\/tramacultura.org\/wp-content\/uploads\/2013\/05\/IMG_5321-700x525.jpg 700w, https:\/\/tramacultura.org\/wp-content\/uploads\/2013\/05\/IMG_5321-332x249.jpg 332w\" sizes=\"auto, (max-width: 240px) 100vw, 240px\" \/>Trama compta amb una oferta d&#8217;activitats culturals i d\u2019itineraris urbans adre\u00e7ada als grups. Les activitats combinen la reflexi\u00f3 te\u00f2rica amb l\u2019experimentaci\u00f3 pr\u00e0ctica i la participaci\u00f3 activa de les persones assistents\u00a0i les passejades culturals estan centrades en la hist\u00f2ria dels barris, les transformacions urbanes i socials, i el patrimoni art\u00edstic. De la filosofia oculta sota la fisonomia de la ciutat, passant pels espais de mem\u00f2ria i de creaci\u00f3, fins a les conquestes socials de la ciutadania, els itineraris conviden a pensar i sentir la ciutat\u00a0 d\u2019una altra manera.<\/p>\n<p style=\"text-align: right;\"><strong><span style=\"color: #ff0000;\"><a title=\"ACTIVITATS\" href=\"http:\/\/tramacultura.org\/?page_id=987\"><span style=\"color: #ff0000;\">ACTIVITATS<\/span><\/a><\/span><\/strong><\/p>\n<p style=\"text-align: right;\"><span style=\"color: #ff0000;\"><strong><a title=\"ITINERARIS\" href=\"http:\/\/tramacultura.org\/?page_id=990\"><span style=\"color: #ff0000;\">ITINERARIS<\/span><\/a><\/strong><\/span><\/p>\n<p style=\"text-align: justify;\"><span style=\"color: #ff0000;\">\u00a0<\/span><\/p>\n","protected":false},"excerpt":{"rendered":"<p>Trama compta amb una oferta d&#8217;activitats culturals i d\u2019itineraris urbans adre\u00e7ada als grups. Les activitats combinen la reflexi\u00f3 te\u00f2rica amb l\u2019experimentaci\u00f3 pr\u00e0ctica i la participaci\u00f3 activa de les persones assistents\u00a0i les passejades culturals estan centrades en la hist\u00f2ria dels barris, les transformacions urbanes i socials, i el patrimoni art\u00edstic. De &#8230;<\/p>\n","protected":false},"author":1,"featured_media":0,"parent":0,"menu_order":5,"comment_status":"closed","ping_status":"closed","template":"","meta":{"footnotes":""},"class_list":["post-392","page","type-page","status-publish","hentry","column","threecol"],"_links":{"self":[{"href":"https:\/\/tramacultura.org\/index.php?rest_route=\/wp\/v2\/pages\/392","targetHints":{"allow":["GET"]}}],"collection":[{"href":"https:\/\/tramacultura.org\/index.php?rest_route=\/wp\/v2\/pages"}],"about":[{"href":"https:\/\/tramacultura.org\/index.php?rest_route=\/wp\/v2\/types\/page"}],"author":[{"embeddable":true,"href":"https:\/\/tramacultura.org\/index.php?rest_route=\/wp\/v2\/users\/1"}],"replies":[{"embeddable":true,"href":"https:\/\/tramacultura.org\/index.php?rest_route=%2Fwp%2Fv2%2Fcomments&post=392"}],"version-history":[{"count":17,"href":"https:\/\/tramacultura.org\/index.php?rest_route=\/wp\/v2\/pages\/392\/revisions"}],"predecessor-version":[{"id":1289,"href":"https:\/\/tramacultura.org\/index.php?rest_route=\/wp\/v2\/pages\/392\/revisions\/1289"}],"wp:attachment":[{"href":"https:\/\/tramacultura.org\/index.php?rest_route=%2Fwp%2Fv2%2Fmedia&parent=392"}],"curies":[{"name":"wp","href":"https:\/\/api.w.org\/{rel}","templated":true}]}}