{"id":3854,"date":"2015-06-01T21:34:18","date_gmt":"2015-06-01T21:34:18","guid":{"rendered":"http:\/\/tramacultura.org\/?page_id=3854"},"modified":"2026-04-08T07:23:55","modified_gmt":"2026-04-08T07:23:55","slug":"tematiques","status":"publish","type":"page","link":"https:\/\/tramacultura.org\/?page_id=3854","title":{"rendered":"PROGRAMES EDUCATIUS"},"content":{"rendered":"<p style=\"text-align: justify;\">Des de Trama, comptem amb diferents programes educatius tem\u00e0tics que incentiven la creativitat, la reflexi\u00f3 cr\u00edtica i la participaci\u00f3 activa de l&#8217;alumnat i fomenten el coneixement del m\u00f3n actual, la mem\u00f2ria hist\u00f2rica, la igualtat de g\u00e8nere, la toler\u00e0ncia, la no-viol\u00e8ncia i les relacions justes i equitatives.<\/p>\n<p>Aquests es componen de tallers i activitats culturals adaptables als diversos cicles formatius.<\/p>\n<ul style=\"color: #000000;\">\n<li>\n<h4 style=\"color: #ff0000;\"><a href=\"http:\/\/tramacultura.org\/?page_id=3975\" target=\"_blank\" rel=\"noopener\">DIVERSITARTS. CULTURA PER LA TRANSFORMACI\u00d3 SOCIAL<\/a><\/h4>\n<\/li>\n<li>\n<h4 style=\"color: #ff0000;\"><span style=\"color: #ff0000;\"><a style=\"color: #ff0000;\" title=\"# CULTURA CONTRA LA VIOL\u00c8NCIA\" href=\"http:\/\/tramacultura.org\/?page_id=3814\" target=\"_blank\" rel=\"noopener\"><span style=\"color: #ff0000;\">CULTURA CONTRA LA VIOL\u00c8NCIA<\/span><\/a><\/span><\/h4>\n<\/li>\n<li>\n<h4 style=\"color: #ff0000;\"><a href=\"https:\/\/tramacultura.org\/?p=5432\">CONTES EN REVOLTA<\/a><\/h4>\n<\/li>\n<li>\n<h4 style=\"color: #ff0000;\"><a href=\"http:\/\/tramacultura.org\/?page_id=5488\" target=\"_blank\" rel=\"noopener\"><span style=\"color: #ff0000;\"><span style=\"color: #ff0000;\">EDUCOOP. PLATAFORMA EDUCATIVA DE L&#8217;ECONOMIA SOLID\u00c0RIA<\/span><\/span><\/a><\/h4>\n<\/li>\n<li>\n<h4 style=\"color: #ff0000;\"><a href=\"http:\/\/tramacultura.org\/?page_id=5043\" target=\"_blank\" rel=\"noopener\">DONANTS DE MEM\u00d2RIA<\/a><\/h4>\n<\/li>\n<li>\n<h4 style=\"color: #ff0000;\"><a href=\"http:\/\/tramacultura.org\/?page_id=5486\" target=\"_blank\" rel=\"noopener\"><span style=\"color: #ff0000;\"><span style=\"color: #ff0000;\">LA CULTURA D&#8217;UNA ALTRA MANERA<\/span><\/span><\/a><\/h4>\n<\/li>\n<li>\n<h4><span style=\"color: #ff0000;\"><a href=\"http:\/\/tramacultura.org\/?page_id=4222\" target=\"_blank\" rel=\"noopener\"><span style=\"color: #ff0000;\">ANIMEM EL BARRI!<\/span><\/a><\/span><\/h4>\n<\/li>\n<li>\n<h4><span style=\"color: #ff0000;\"><a href=\"http:\/\/tramacultura.org\/?page_id=5513\" target=\"_blank\" rel=\"noopener\"><span style=\"color: #ff0000;\">FEM TEATRE\u00a0<\/span><\/a><\/span><\/h4>\n<\/li>\n<li>\n<h4><span style=\"color: #ff0000;\"><a style=\"color: #ff0000;\" href=\"http:\/\/tramacultura.org\/?page_id=5093\" target=\"_blank\" rel=\"noopener\"><span style=\"color: #ff0000;\">TEIXIM XARXES CONTRA ELS ESTEREOTIPS<\/span><\/a>!<\/span><\/h4>\n<\/li>\n<\/ul>\n<h1><\/h1>\n","protected":false},"excerpt":{"rendered":"<p>Des de Trama, comptem amb diferents programes educatius tem\u00e0tics que incentiven la creativitat, la reflexi\u00f3 cr\u00edtica i la participaci\u00f3 activa de l&#8217;alumnat i fomenten el coneixement del m\u00f3n actual, la mem\u00f2ria hist\u00f2rica, la igualtat de g\u00e8nere, la toler\u00e0ncia, la no-viol\u00e8ncia i les relacions justes i equitatives. Aquests es componen de &#8230;<\/p>\n","protected":false},"author":1,"featured_media":0,"parent":0,"menu_order":0,"comment_status":"closed","ping_status":"closed","template":"","meta":{"footnotes":""},"class_list":["post-3854","page","type-page","status-publish","hentry","column","threecol"],"_links":{"self":[{"href":"https:\/\/tramacultura.org\/index.php?rest_route=\/wp\/v2\/pages\/3854","targetHints":{"allow":["GET"]}}],"collection":[{"href":"https:\/\/tramacultura.org\/index.php?rest_route=\/wp\/v2\/pages"}],"about":[{"href":"https:\/\/tramacultura.org\/index.php?rest_route=\/wp\/v2\/types\/page"}],"author":[{"embeddable":true,"href":"https:\/\/tramacultura.org\/index.php?rest_route=\/wp\/v2\/users\/1"}],"replies":[{"embeddable":true,"href":"https:\/\/tramacultura.org\/index.php?rest_route=%2Fwp%2Fv2%2Fcomments&post=3854"}],"version-history":[{"count":41,"href":"https:\/\/tramacultura.org\/index.php?rest_route=\/wp\/v2\/pages\/3854\/revisions"}],"predecessor-version":[{"id":6422,"href":"https:\/\/tramacultura.org\/index.php?rest_route=\/wp\/v2\/pages\/3854\/revisions\/6422"}],"wp:attachment":[{"href":"https:\/\/tramacultura.org\/index.php?rest_route=%2Fwp%2Fv2%2Fmedia&parent=3854"}],"curies":[{"name":"wp","href":"https:\/\/api.w.org\/{rel}","templated":true}]}}