{"id":3814,"date":"2015-06-01T20:27:27","date_gmt":"2015-06-01T20:27:27","guid":{"rendered":"http:\/\/tramacultura.org\/?page_id=3814"},"modified":"2023-03-27T07:30:33","modified_gmt":"2023-03-27T07:30:33","slug":"cultura-contra-la-violencia","status":"publish","type":"page","link":"https:\/\/tramacultura.org\/?page_id=3814","title":{"rendered":"CULTURA CONTRA LA VIOL\u00c8NCIA"},"content":{"rendered":"<p style=\"text-align: justify;\">\n<p style=\"text-align: justify;\"><span style=\"color: #5d1e69;\">A trav\u00e9s de la hist\u00f2ria, la filosofia, la literatura, les arts visuals, els mitjans de comunicaci\u00f3 i les noves tecnologies, analitzarem els discursos i representacions entorn de les discriminacions i viol\u00e8ncies masclistes, reflexionarem sobre els estereotips de g\u00e8nere i el masclisme encara vigents a la cultura, i descobrirem el paper de la creaci\u00f3 art\u00edstica en l\u2019apoderament de les dones i el foment de la igualtat.<\/span><\/p>\n<p style=\"text-align: justify;\"><strong>\u00a0*\u00a0<\/strong><strong>Programa de tallers i activitats culturals adaptats als diversos p\u00fablics<\/strong><\/p>\n<p style=\"text-align: justify;\"><span style=\"color: #ffffff;\">.<\/span><\/p>\n<h1>INFANTIL I PRIM\u00c0RIA<\/h1>\n<p><strong><span style=\"color: #ff0000;\"># El\u00a0viatge\u00a0al\u00a0m\u00f3n\u00a0dels\u00a0contes!<\/span> <\/strong>Espectacle<\/p>\n<div>\n<div>A l\u2019\u00c0lex i a la Berta no els agraden els contes que coneixen i decideixen crear-ne de nous. Per fer-ho, viatjaran al m\u00f3n dels contes, on coneixeran els personatges de les hist\u00f2ries i els explicaran una altra versi\u00f3 del seu conte. Tenia por, Sant Jordi, quan es va enfrontar al drac? Est\u00e0 contenta la princesa quan ha de fer sola les tasques de la llar? Acompanya\u2019ns en aquest viatge m\u00e0gic al m\u00f3n dels contes i ajuda l\u2019\u00c0lex i la Berta a crear-ne un de nou!<\/div>\n<div><span style=\"color: #ffffff;\">.<\/span><\/div>\n<div><a href=\"https:\/\/tramacultura.org\/?page_id=5608\">+ informaci\u00f3<\/a><\/div>\n<div><span style=\"color: #ffffff;\">.<\/span><\/div>\n<div><span style=\"color: #ffffff;\">.<\/span><\/div>\n<div>\n<p><span style=\"color: #ff0000;\"><strong># L&#8217;armari de l&#8217;Oliver<\/strong><\/span><\/p>\n<p>L\u2019armari de l\u2019\u00d2liver presenta a trav\u00e9s del seu personatge principal les pors i inquietuds d\u2019un infant en plena exploraci\u00f3 de l\u2019expressi\u00f3 del seu g\u00e8nere. Davant el rebuig de l\u2019entorn per les coses amb qu\u00e8 li agrada jugar, l\u2019\u00d2liver s\u2019amaga dins l\u2019armari on trobar\u00e0 una s\u00e8rie de personatges que li explicaran la seva experi\u00e8ncia i dificultats a l\u2019hora de viure identitats, expressions de g\u00e8nere i orientacions del desig no normatives.<\/p>\n<p><a href=\"https:\/\/tramacultura.org\/?page_id=6180\">+informaci\u00f3<\/a><\/p>\n<p><span style=\"color: #ffffff;\">.<\/span><\/p>\n<\/div>\n<\/div>\n<div><span style=\"color: #ffffff;\"><strong>.<\/strong><\/span><\/div>\n<div><span style=\"color: #ffffff;\"><strong>.<\/strong><\/span><strong style=\"color: initial;\"><span style=\"color: #ff0000;\"># Imaginem la igualtat.<\/span><\/strong><span style=\"color: initial;\"> Taller<\/span><\/div>\n<p>Q\u00fcestionarem els prejudicis i estereotips presents a les imatges que rebem i descobrirem visions alternatives a trav\u00e9s de l\u2019art, el cinema o els dibuixos animats. Mitjan\u00e7ant el dibuix i la pl\u00e0stica, imaginarem un m\u00f3n m\u00e9s just i igualitari.<\/p>\n<p><span style=\"color: #ffffff;\">.<\/span><\/p>\n<p><strong><span style=\"color: #ff0000;\"># Juguem per la igualtat.<\/span><\/strong> Taller<\/p>\n<p>A trav\u00e9s dels contes, el joc i el teatre, desenvoluparem l\u2019empatia, aprendrem a cooperar i a solidaritzar-nos amb les persones que ens envolten, i celebrarem la diversitat i la difer\u00e8ncia. Ens divertirem aprenent a crear una societat m\u00e9s igualit\u00e0ria.<\/p>\n<p><span style=\"color: #ff0000;\"><strong># L&#8217;armari de l&#8217;Oliver<\/strong><\/span><\/p>\n<p>L\u2019armari de l\u2019\u00d2liver presenta a trav\u00e9s del seu personatge principal les pors i inquietuds d\u2019un infant en plena exploraci\u00f3 de l\u2019expressi\u00f3 del seu g\u00e8nere. Davant el rebuig de l\u2019entorn per les coses amb qu\u00e8 li agrada jugar, l\u2019\u00d2liver s\u2019amaga dins l\u2019armari on trobar\u00e0 una s\u00e8rie de personatges que li explicaran la seva experi\u00e8ncia i dificultats a l\u2019hora de viure identitats, expressions de g\u00e8nere i orientacions del desig no normatives.<\/p>\n<p><a href=\"https:\/\/tramacultura.org\/wp-admin\/post.php?post=6180&amp;action=edit\">+informaci\u00f3<\/a><\/p>\n<p><span style=\"color: #ffffff;\">.<\/span><\/p>\n<h1>SECUND\u00c0RIA, BATXILLERAT I P\u00daBLIC ADULT*<\/h1>\n<p><span style=\"color: #ff0000;\"><strong># Actuem! Teatre per la igualtat.<\/strong><\/span> Taller<\/p>\n<div>\n<div>\n<p>A trav\u00e9s de les diferents t\u00e8cniques i jocs teatrals que ens ofereix el teatre dels i les oprimides, treballarem situacions de conflicte relacionades amb les relacions afectives, la depend\u00e8ncia emocional, les discriminacions, l\u2019ab\u00fas i la viol\u00e8ncia. Aprendrem a detectar les situacions d\u2019injust\u00edcia, diferenciarem les relacions abusives de les relacions lliures i equitatives i aprendrem a gestionar i resoldre conflictes.<\/p>\n<p><span style=\"color: #ffffff;\">.<\/span><\/p>\n<\/div>\n<\/div>\n<div>\n<p><span style=\"color: #ff0000;\"><strong># Aix\u00f2 \u00e9s amor? Teatref\u00f2rum<\/strong><\/span><\/p>\n<p><span style=\"font-weight: 400;\">Viatjarem a trav\u00e9s de la hist\u00f2ria d\u2019una parella i ho farem anant enrere en el temps fins als seus inicis per reflexionar i entendre all\u00f2 que els ha portat fins on s\u00f3n ara. Destaparem els mites de l\u2019amor rom\u00e0ntic, les viol\u00e8ncies quotidianes i invisibles, q\u00fcestionarem els rols de g\u00e8nere, identificarem les viol\u00e8ncies masclistes i actuarem per canviar la hist\u00f2ria.<\/span><\/p>\n<p><a href=\"https:\/\/tramacultura.org\/?page_id=5631\">+ informaci\u00f3<\/a><\/p>\n<p><span style=\"color: #ffffff;\">.<\/span><\/p>\n<p><strong><span style=\"color: #ff0000;\">#CanBIem la festa! Teatref\u00f2rum<\/span><\/strong><\/p>\n<p>La protagonista de la nostra hist\u00f2ria, la Carla, \u00e9s una noia bisexual que sent que ha anat a una festa on ning\u00fa l\u2019ha convidat. La festa d\u2019una societat que sovint juga a fer-nos triar entre dues opcions aparentment incompatibles per encaixar-nos en l\u2019ordre establert: platja o muntanya?, carn o peix?, home o dona? heterosexual o homosexual? Qui no s\u2019identifica amb cap d\u2019elles, sovint s\u2019enfronta a la incomprensi\u00f3 dels qui nom\u00e9s conceben un m\u00f3n binari.<\/p>\n<p><a href=\"https:\/\/tramacultura.org\/?page_id=6025\">+informaci\u00f3<\/a><\/p>\n<\/div>\n<div>\n<div>\n<p><span style=\"color: #ffffff;\"><strong>.<\/strong><\/span><\/p>\n<p><strong><span style=\"color: #ff0000;\">#Construcci\u00f3 de g\u00e8nere<\/span><\/strong>. Taller<\/p>\n<\/div>\n<\/div>\n<div>\n<div>De quina manera ens afecten els estereotips de g\u00e8nere? Ens condiciona la nostra identitat a l\u2019hora d\u2019habitar el m\u00f3n? Qu\u00e8 podem fer per fomentar una societat lliure de viol\u00e8ncies masclistes? A trav\u00e9s de din\u00e0miques grupals, exercicis pr\u00e0ctics i debat participatiu reflexionarem entorn la construcci\u00f3 de la masculinitat i la feminitat, q\u00fcestionarem els privilegis, denunciarem les desigualtats i fomentarem una societat lliure de viol\u00e8ncies masclistes.<\/div>\n<\/div>\n<div><\/div>\n<div><span style=\"color: #ffffff;\">.<\/span><\/div>\n<div><\/div>\n<div><span style=\"color: #ffffff;\"><strong>.<\/strong><\/span><\/div>\n<div><\/div>\n<div><span style=\"color: #ff0000;\"><strong># Connectem-nos! Prevenci\u00f3 de l\u2019assetjament a les xarxes<\/strong><\/span>. Taller<\/div>\n<div>\n<p>\u00c9s real el que passa a les xarxes socials i a internet? Podem rebre viol\u00e8ncia cibern\u00e8tica? Qu\u00e8 \u00e9s el sexting? En aquest taller reflexionarem sobre les relacions que establim a trav\u00e9s dels dispositius m\u00f2bils i les xarxes socials. Aprendrem estrat\u00e8gies per detectar not\u00edcies falses, veurem qu\u00e8 \u00e9s el ciberassetjament o el sexspreading, com afrontar-los i a fer un \u00fas segur i conscient de les tecnologies de la informaci\u00f3.<\/p>\n<p><span style=\"color: #ffffff;\"><strong>.<\/strong><\/span><\/p>\n<p><strong><span style=\"color: #ff0000;\"># Estimem-nos! Amor i sexualitats lliures, diverses i igualit\u00e0ries.<\/span><\/strong> Taller<\/p>\n<\/div>\n<div>\n<p>A partir del cinema, les xarxes socials, la publicitat i els videoclips, reflexionarem sobre les representacions de l\u2019erotisme, la bellesa, els cossos i els estereotips de g\u00e8nere. Debatrem de forma participativa sobre les identitats i orientacions sexuals, les relacions sexoafectives i la viol\u00e8ncia masclista.<\/p>\n<\/div>\n<div><\/div>\n<div><\/div>\n<div><\/div>\n<div>\n<div>\n<p><strong><span style=\"color: #ff0000;\"># C\u00f2mics contra el masclisme.<\/span><\/strong> Taller<\/p>\n<p>Analitzarem les representacions de la viol\u00e8ncia masclista en el c\u00f2mic i descobrirem el sexisme amagat darrere de les imatges. Explorarem les possibilitats gr\u00e0fiques, narratives i est\u00e8tiques d\u2019aquest llenguatge per a denunciar les discriminacions de g\u00e8nere i construir un imaginari igualitari i no sexista.<\/p>\n<\/div>\n<\/div>\n<div><\/div>\n<div><\/div>\n<div><span style=\"color: #ffffff;\"><strong>.<\/strong><\/span><\/div>\n<div><span style=\"color: #ffffff;\"><strong>.<\/strong><\/span><\/div>\n<div><strong><span style=\"color: #ff0000;\"># La bellesa imposada.<\/span><\/strong> Taller<\/div>\n<div>\n<div>\n<p>Qu\u00e8 \u00e9s la bellesa? \u00c9s un do de la natura, una elecci\u00f3 personal o una obligaci\u00f3 social? \u00c9s important en el m\u00f3n en el qual vivim? A partir de la moda, la televisi\u00f3, els videoclips i la publicitat, debatrem de forma participativa sobre el concepte de bellesa, les imposicions est\u00e8tiques i la seva relaci\u00f3 amb les desigualtats socials i les discriminacions de g\u00e8nere. Reflexionarem sobre les seves conseq\u00fc\u00e8ncies en la percepci\u00f3 pr\u00f2pia, la identitat i l\u2019autoestima.<\/p>\n<\/div>\n<\/div>\n<div><\/div>\n<div><\/div>\n<div><span style=\"color: #ffffff;\">.<\/span><\/div>\n<div><\/div>\n<h4>PER A TOTS ELS P\u00daBLICS<\/h4>\n<div><\/div>\n<div>\n<p><strong><span style=\"color: #ff0000;\"># Dones i espai p\u00fablic<\/span><\/strong>. Itinerari<\/p>\n<p>Qu\u00e8 ens diu la ciutat sobre les dones d\u2019ara i d\u2019abans? \u00c9s equitatiu i igualitari l\u2019espai urb\u00e0? O refor\u00e7a les desigualtats entre homes i dones? Passejarem per Ciutat Vella mirant els carrers, les places, els mercats\u2026 des d\u2019una perspectiva de g\u00e8nere, per reflexionar sobre la relaci\u00f3 entre urbanitat i ciutadania, entre dones i espai p\u00fablic.<\/p>\n<p>Barris: Eixample, Ciutat Vella i Les Corts<\/p>\n<p><span style=\"color: #ffffff;\">.<\/span><\/p>\n<p><strong><span style=\"color: #ff0000;\">#Herstory. Quan elles prenen la veu.<\/span><\/strong> Itinerari teatralitzat<\/p>\n<\/div>\n<div>\n<p>Com va comen\u00e7ar la revolta del pa? Quin va ser el paper de les dones en la migraci\u00f3 dels anys 60? En aquest itinerari teatral rescatarem la hist\u00f2ria silenciada de les dones a trav\u00e9s d\u2019escenes representades pels personatges que les van protagonitzar i que ens mostraran, a partir de petits sketchs, que les dones no nom\u00e9s han format part de la hist\u00f2ria sin\u00f3 que l\u2019han construit i transformat.<\/p>\n<p><span style=\"color: #ffffff;\"><strong>.<\/strong><\/span><\/p>\n<p><span style=\"color: #ffffff;\"><strong>.<\/strong><\/span><\/p>\n<p><strong style=\"font-size: inherit;\"><span style=\"color: #ff0000;\"># Noves viol\u00e8ncies, nous imaginaris.<\/span> <\/strong><span style=\"font-size: inherit;\">Taller<\/span><\/p>\n<\/div>\n<div>\n<p>Ha canviat la nostra percepci\u00f3 de la viol\u00e8ncia masclista? I l\u2019art, el cinema i els mitjans de comunicaci\u00f3, han canviat la manera de mostrar-la? Seguim sent una cultura violenta i masclista? A partir d\u2019anuncis publicitaris, c\u00f2mics, pel\u00b7l\u00edcules, videoclips i videojocs, analitzarem les lectures i representacions actuals de la viol\u00e8ncia de g\u00e8nere, i descobrirem el paper dels imaginaris en el foment d\u2019una societat m\u00e9s igualit\u00e0ria i lliure de viol\u00e8ncia vers les dones.<\/p>\n<\/div>\n<div><em>Disponible en format virtual<\/em><\/div>\n<div><span style=\"color: #ffffff;\"><strong>.<\/strong><\/span><\/div>\n<div><span style=\"color: #ffffff;\"><strong>.<\/strong><\/span><\/div>\n<div>\n<p><span style=\"color: #ffffff;\">.<\/span><\/p>\n<\/div>\n<p><strong><span style=\"color: #ff0000;\"># Visions diverses. El col\u00b7lectiu LGTBI al cinema<\/span><\/strong>. Taller<\/p>\n<div>Com s\u2019ha representat al cinema, la televisi\u00f3 o la publicitat la diversitat de g\u00e8nere, sexual i afectiva? Ha perm\u00e8s trencar amb la norma heterosexual o ha fomentat estereotips? Quin \u00e9s el paper de les imatges audiovisuals que ens envolten en la construcci\u00f3 d\u2019imaginaris no discriminatoris, justos i equitatius? A partir del visionat i an\u00e0lisi de seq\u00fc\u00e8ncies, coneixerem la visi\u00f3 que ha donat del col\u00b7lectiu LGTBI+ el cinema al llarg de la seva hist\u00f2ria, reflexionarem sobre la seva representaci\u00f3 en el mitj\u00e0 audiovisual i debatrem sobre les implicacions socials i culturals que se\u2019n deriven.<\/div>\n<div><\/div>\n<div><em>Disponible en format virtual<\/em><\/div>\n<div><span style=\"color: #ffffff;\"><strong>.<\/strong><\/span><\/div>\n<div><span style=\"color: #ffffff;\"><strong>.<\/strong><\/span><\/div>\n<div>\n<p><span style=\"color: #ffffff;\">.<\/span><\/p>\n<p><strong><span style=\"color: #ff0000;\"># Dones de pel\u00b7l\u00edcula.<\/span><\/strong> Taller<\/p>\n<p>A partir del visionat i an\u00e0lisi de seq\u00fc\u00e8ncies, coneixerem la visi\u00f3 que ha donat de les dones el cinema, reflexionarem sobre la representaci\u00f3 de la feminitat i els estereotips de g\u00e8nere en el mitj\u00e0 audiovisual, i debatrem sobre les seves implicacions socials i culturals.<\/p>\n<p><em>Disponible en format virtual<\/em><\/p>\n<p><span style=\"color: #ffffff;\">.<\/span><\/p>\n<\/div>\n<div>\n<div>\n<p><span style=\"color: #ffffff;\">.<\/span><\/p>\n<\/div>\n<p><strong><span style=\"color: #ff0000;\"># Dones grans, grans dones. La vellesa femenina al cinema<\/span><\/strong>. Taller<\/p>\n<p>El cinema ha tendit a ignorar les dones grans, relegant-les a papers menors i, moltes vegades, amb una forta c\u00e0rrega negativa. Existeixen, per\u00f2, honroses excepcions: grans personatges de dones grans que dignifiquen la vellesa i enriqueixen les lectures de la feminitat.\u00a0Partirem d\u2019aquests per a apropar-nos a un dels temes menys explorats en la relaci\u00f3 entre g\u00e8nere i vellesa: l\u2019impacte i la percepci\u00f3 de la viol\u00e8ncia masclista en les dones grans. A partir de les lluitesde les grans dones del cinema reflexionarem sobre les nostres pr\u00f2pies viv\u00e8ncies.<\/p>\n<p><em>Disponible en format virtual<\/em><\/p>\n<p><span style=\"color: #ffffff;\">.<\/span><\/p>\n<p><strong><span style=\"color: #ff0000;\"># Dones i salut.<\/span><\/strong> Taller<\/p>\n<p>La ci\u00e8ncia \u00e9s androc\u00e8ntrica\u00bb deia Virginia Woolf a principis de segle XX. I efectivament, la ci\u00e8ncia m\u00e8dica ha ignorat i menystingut els cicles de vida, els processos de canvi i les malalties que experimentem les dones. La cultura i la societat han fomentat visions estereotipades i han invisibilitzat all\u00f2 que envolta la nostra salut. Aix\u00f2 afecta la nostra qualitat de vida i ens exposa a situacions de viol\u00e8ncia que normalitzem. Reflexionarem sobre els cicles de vida, l\u2019atenci\u00f3 sanit\u00e0ria, el menyspreu cultural de la nostra salut i la medicina alternativa des d\u2019una perspectiva de g\u00e8nere i aprofundirem en el coneixement de la nostra naturalesa per tal d\u2019empoderar-nos.<\/p>\n<\/div>\n<div><\/div>\n<div>\n<p><strong><span style=\"color: #ff0000;\"># Vindicacions.<\/span><\/strong> Espectacle<\/p>\n<p><img loading=\"lazy\" decoding=\"async\" class=\"alignleft\" tabindex=\"0\" src=\"https:\/\/ci6.googleusercontent.com\/proxy\/z45lp2qq-_xOgJiqHswV3nNFmdmHMdU-Jk4hYepIDXwk4IG24UamWaj0DNzV6BfzVRX8Z-fECYETxMUiRr0dBR0SYTajKIelpAy4SiRHpCvsMGWNKiLwkV9VYWFfTGnFeUZ2dZk44LE1WCqcNO9ACma6biA26lgN6m0=s0-d-e1-ft#https:\/\/gallery.mailchimp.com\/c4c4fb8ec337bb8a0f5f5aef2\/images\/e81d3abb-2a6c-4d02-b837-0b77b0a08b53.png\" alt=\"\" width=\"375\" height=\"157\" \/><\/p>\n<p>A trav\u00e9s de dos personatges molt diferents entre si ens endinsarem en les diferents discriminacions i desigualtats de g\u00e8nere tot barrejant l\u2019humor, el drama i l\u2019an\u00e0lisi cr\u00edtica. Valent-nos de diferents formats (com la poesia, els mon\u00f2legs, les escenes teatrals i els sketchs) prendrem la veu de dones d\u2019ara, d\u2019abans i d\u2019arreu, escoltarem les seves vindicacions i reflexionarem col\u00b7lectivament sobre els lligams entre els rols i les estructures de poder.<\/p>\n<\/div>\n<p style=\"text-align: justify;\"><span style=\"color: #ffffff;\">.<\/span><\/p>\n","protected":false},"excerpt":{"rendered":"<p>A trav\u00e9s de la hist\u00f2ria, la filosofia, la literatura, les arts visuals, els mitjans de comunicaci\u00f3 i les noves tecnologies, analitzarem els discursos i representacions entorn de les discriminacions i viol\u00e8ncies masclistes, reflexionarem sobre els estereotips de g\u00e8nere i el masclisme encara vigents a la cultura, i descobrirem el paper &#8230;<\/p>\n","protected":false},"author":1,"featured_media":0,"parent":0,"menu_order":0,"comment_status":"closed","ping_status":"closed","template":"","meta":{"footnotes":""},"class_list":["post-3814","page","type-page","status-publish","hentry","column","threecol"],"_links":{"self":[{"href":"https:\/\/tramacultura.org\/index.php?rest_route=\/wp\/v2\/pages\/3814","targetHints":{"allow":["GET"]}}],"collection":[{"href":"https:\/\/tramacultura.org\/index.php?rest_route=\/wp\/v2\/pages"}],"about":[{"href":"https:\/\/tramacultura.org\/index.php?rest_route=\/wp\/v2\/types\/page"}],"author":[{"embeddable":true,"href":"https:\/\/tramacultura.org\/index.php?rest_route=\/wp\/v2\/users\/1"}],"replies":[{"embeddable":true,"href":"https:\/\/tramacultura.org\/index.php?rest_route=%2Fwp%2Fv2%2Fcomments&post=3814"}],"version-history":[{"count":43,"href":"https:\/\/tramacultura.org\/index.php?rest_route=\/wp\/v2\/pages\/3814\/revisions"}],"predecessor-version":[{"id":6209,"href":"https:\/\/tramacultura.org\/index.php?rest_route=\/wp\/v2\/pages\/3814\/revisions\/6209"}],"wp:attachment":[{"href":"https:\/\/tramacultura.org\/index.php?rest_route=%2Fwp%2Fv2%2Fmedia&parent=3814"}],"curies":[{"name":"wp","href":"https:\/\/api.w.org\/{rel}","templated":true}]}}