{"id":3807,"date":"2015-06-01T19:46:15","date_gmt":"2015-06-01T19:46:15","guid":{"rendered":"http:\/\/tramacultura.org\/?page_id=3807"},"modified":"2016-07-28T16:39:05","modified_gmt":"2016-07-28T16:39:05","slug":"la-cultura-amb-perspectiva-de-genere","status":"publish","type":"page","link":"https:\/\/tramacultura.org\/?page_id=3807","title":{"rendered":"# CULTURA AMB PERSPECTIVA DE G\u00c8NERE"},"content":{"rendered":"<p style=\"text-align: justify;\"><img loading=\"lazy\" decoding=\"async\" class=\"alignnone wp-image-3836\" src=\"http:\/\/tramacultura.org\/w\/wp-content\/uploads\/2015\/06\/women-300x217.jpg\" alt=\"women\" width=\"350\" height=\"254\" srcset=\"https:\/\/tramacultura.org\/wp-content\/uploads\/2015\/06\/women-300x217.jpg 300w, https:\/\/tramacultura.org\/wp-content\/uploads\/2015\/06\/women-700x507.jpg 700w, https:\/\/tramacultura.org\/wp-content\/uploads\/2015\/06\/women-332x240.jpg 332w, https:\/\/tramacultura.org\/wp-content\/uploads\/2015\/06\/women.jpg 710w\" sizes=\"auto, (max-width: 350px) 100vw, 350px\" \/><\/p>\n<p style=\"text-align: justify;\">A trav\u00e9s de les arts visuals, la literatura, el teatre, el cinema, els mitjans de comunicaci\u00f3 i les noves tecnologies, analitzarem els discursos i representacions masclistes, reflexionarem sobre els estereotips de g\u00e8nere i el paper de les dones en les ind\u00fastries culturals, i descobrirem nous imaginaris, m\u00e9s justos i igualitaris.<\/p>\n<p><strong>\u00a0*\u00a0<\/strong><strong>Programa de tallers i activitats culturals adaptat als diferents cicles formatius.<\/strong><\/p>\n<p><span style=\"color: #222222;\">PER A CONSULTAR LA PROGRAMACI\u00d3 ESPEC\u00cdFICA SOBRE VIOL\u00c8NCIA MASCLISTA CLIQUEU\u00a0<\/span><a style=\"color: #ff0000;\" href=\"http:\/\/tramacultura.org\/?page_id=3814\" target=\"_blank\">AQU\u00cd<\/a><\/p>\n<p><span style=\"color: #ffffff;\">.<\/span><\/p>\n<h1><span style=\"color: #000000;\">PRIM\u00c0RIA<\/span><\/h1>\n<p><span style=\"color: #ff0000;\"><strong># Repensem els contes <\/strong><\/span><\/p>\n<p style=\"text-align: justify;\"><span style=\"color: #000000;\">A partir de la narraci\u00f3 teatralitzada de contes tradicionals i de nova creaci\u00f3, valent-nos del joc, el teatre i la pl\u00e0stica,\u00a0 q\u00fcestionarem les hist\u00f2ries, repensarem els personatges i inventarem altres maneres d&#8217;explicar-les, per tal de prevenir estereotips i discriminacions i fomentar la igualtat de g\u00e8nere i les relacions equitatives i solid\u00e0ries.<\/span><\/p>\n<p style=\"text-align: justify;\"><span style=\"color: #000000;\">\u00a0* Adaptable a projecte escolar d\u2019entre 3 i 8 sessions.<\/span><\/p>\n<p>&nbsp;<\/p>\n<p><span style=\"color: #ff0000;\">\u00a0<strong># <em>Teixim mem\u00f2ria!<\/em> Dones en la hist\u00f2ria<\/strong><\/span><\/p>\n<p style=\"text-align: justify;\"><span style=\"color: #000000;\">A trav\u00e9s dels contes, els jocs, el teatre i la pl\u00e0stica, rememorarem la hist\u00f2ria de les dones d\u2019aqu\u00ed i d\u2019arreu, coneixerem els obstacles que van afrontar i descobrirem les seves contribucions al progr\u00e9s de la societat.<\/span><\/p>\n<p style=\"text-align: justify;\">\u00a0* Adaptable a projecte escolar d\u2019entre 3 i 8 sessions.<\/p>\n<p>&nbsp;<\/p>\n<p><span style=\"color: #ff0000;\"><strong># Imaginant la igualtat<\/strong><\/span><\/p>\n<p style=\"text-align: justify;\"><span style=\"color: #000000;\">Q\u00fcestionarem els prejudicis i estereotips presents a les imatges que rebem i descobrirem visions alternatives a trav\u00e9s de l\u2019art, el cinema o els dibuixos animats. Mitjan\u00e7ant el dibuix i la pl\u00e0stica, imaginarem un m\u00f3n m\u00e9s just i igualitari.<\/span><\/p>\n<p style=\"text-align: justify;\"><span style=\"color: #ffffff;\">.<\/span><\/p>\n<h1 style=\"text-align: justify;\"><span style=\"color: #000000;\">SECUND\u00c0RIA I BATXILLERAT<\/span><\/h1>\n<p><span style=\"color: #ff0000;\"><strong># Actuem! Teatre per la igualtat<\/strong><\/span><\/p>\n<p style=\"text-align: justify;\"><span style=\"color: #222222;\">A trav\u00e9s de les diferents t\u00e8cniques i jocs teatrals que ens ofereix el teatre dels i les oprimides, treballarem situacions de conflicte relacionades amb la viol\u00e8ncia de g\u00e8nere: les relacions sexo-afectives, la depend\u00e8ncia emocional i l\u2019ab\u00fas, les viol\u00e8ncies corporals i els rols de g\u00e8nere entre d\u2019altres. Aprendrem a detectar les situacions d\u2019injust\u00edcia, diferenciarem les relacions abusives de les relacions lliures i equitatives, i aprendrem a gestionar i resoldre conflictes.<\/span><\/p>\n<p>* Adaptable a projecte escolar d\u2019entre 3 i 8 sessions.<\/p>\n<p>&nbsp;<\/p>\n<p><span style=\"color: #ff0000;\"><strong># Cultura amb perspectiva de g\u00e8nere <\/strong><\/span><\/p>\n<p style=\"text-align: justify;\">A trav\u00e9s de les arts visuals, la literatura, el teatre, el cinema, els mitjans de comunicaci\u00f3 i les noves tecnologies, analitzarem els discursos i representacions masclistes, reflexionarem sobre els estereotips de g\u00e8nere i el paper de les dones en les ind\u00fastries culturals, i descobrirem nous imaginaris, m\u00e9s justos i igualitaris.<\/p>\n<p>\u00a0* Adaptable a projecte escolar d\u2019entre 3 i 8 sessions.<\/p>\n<p>&nbsp;<\/p>\n<p><span style=\"color: #ff0000;\"><strong># <em>Teixim mem\u00f2ria!<\/em> Dones en la Hist\u00f2ria<\/strong><\/span><\/p>\n<p style=\"text-align: justify;\"><span style=\"color: #000000;\">On s\u00f3n les dones en la Hist\u00f2ria? Ens preguntarem perqu\u00e8 han estat invisibilitzades i descobrirem les dificultats, lluites i conquestes de col\u00b7lectius femenins i dones destacades al llarg del temps. Recuperarem part de la nostra mem\u00f2ria a trav\u00e9s de la seva mirada i valorarem les seves aportacions al progr\u00e9s de la societat.<\/span><\/p>\n<p>* Adaptable a projecte escolar d\u2019entre 3 i 8 sessions.<\/p>\n<p>&nbsp;<\/p>\n<p><span style=\"color: #ff0000;\"><strong># C\u00f2mics contra el masclisme<\/strong><\/span><\/p>\n<p style=\"text-align: justify;\"><span style=\"color: #000000;\">\u00a0Analitzarem les representacions de la viol\u00e8ncia masclista en el c\u00f2mic i descobrirem el sexisme amagat darrere de les imatges. Explorarem les possibilitats gr\u00e0fiques, narratives i est\u00e8tiques d\u2019aquest llenguatge per a denunciar les discriminacions de g\u00e8nere i construir un imaginari igualitari i no sexista.<\/span><\/p>\n<p>&nbsp;<\/p>\n<p><span style=\"color: #ff0000;\"><strong># Llenguatge no sexista <\/strong><\/span><\/p>\n<p style=\"text-align: justify;\">Ens pot ajudar el llenguatge a tendir cap a una societat m\u00e9s justa i equitativa? A trav\u00e9s de l\u2019an\u00e0lisi de missatges orals, escrits i simb\u00f2lics de la publicitat, els mitjans de comunicaci\u00f3 i les xarxes socials, reflexionarem sobre la import\u00e0ncia social de la llengua, descobrirem el masclisme impl\u00edcit en els processos comunicatius i aprendrem a fer un \u00fas no sexista del llenguatge per tal de fomentar la igualtat.<\/p>\n<p><span style=\"color: #ffffff;\">\u00a0<\/span><\/p>\n<p><span style=\"color: #ff0000;\"><strong># Dones de pel\u00b7l\u00edcula<\/strong><\/span><\/p>\n<p style=\"text-align: justify;\">A partir del visionat i an\u00e0lisi de seq\u00fc\u00e8ncies, coneixerem la visi\u00f3 que ha donat de les dones el cinema, reflexionarem sobre la representaci\u00f3 de la feminitat i els estereotips de g\u00e8nere en el mitj\u00e0 audiovisual, i debatrem sobre les seves implicacions socials i culturals.<\/p>\n<p>&nbsp;<\/p>\n<p><span style=\"color: #ff0000;\">\u00a0<strong># Dones del m\u00f3n<\/strong><\/span><\/p>\n<p style=\"text-align: justify;\">Ens aproparem a les dones de diferents cultures i \u00e0rees geogr\u00e0fiques per con\u00e8ixer la seva situaci\u00f3, quin paper juguen en cada societat i quines s\u00f3n les seves lluites. Parlarem tamb\u00e9 de globalitzaci\u00f3 i diversitat cultural des d\u2019una perspectiva de g\u00e8nere.<\/p>\n<p>&nbsp;<\/p>\n<p><span style=\"color: #ff0000;\"><strong># <em>Dones grans, grans dones<\/em>. La vellesa femenina al cinema <\/strong><\/span><\/p>\n<p style=\"text-align: justify;\">El cinema ha tendit a ignorar les dones grans, relegant-les a papers menors i, moltes vegades, amb una forta c\u00e0rrega negativa. Existeixen, per\u00f2, honroses excepcions: grans personatges de dones grans que dignifiquen la vellesa i enriqueixen les lectures de la feminitat.\u00a0A partir de les seves lluites i aventures, reflexionarem sobre les nostres pr\u00f2pies viv\u00e8ncies.<\/p>\n<p><span style=\"color: #ffffff;\">.<\/span><\/p>\n<p style=\"text-align: justify;\"><span style=\"color: #ff0000;\"><strong># Dones &amp; Art<\/strong><\/span><\/p>\n<p style=\"text-align: justify;\"><span style=\"color: #000000;\">Perqu\u00e8 la Hist\u00f2ria no parla de grans artistes dones? Perqu\u00e8 el nu femen\u00ed ha estat un dels motius m\u00e9s recorrents de l\u2019art? Analitzarem els estereotips de g\u00e8nere en les belles arts i la literatura, reflexionarem sobre el masclisme en el m\u00f3n art\u00edstic i recuperarem la mem\u00f2ria de grans dones creadores.\u00a0\u00a0<\/span><\/p>\n<p style=\"text-align: justify;\"><span style=\"color: #ffffff;\">.\u00a0<\/span><\/p>\n<p><span style=\"color: #ff0000;\"><strong># Dones i espai p\u00fablic<\/strong><\/span><\/p>\n<p style=\"text-align: justify;\"><span style=\"color: #000000;\">Qu\u00e8 ens diu la ciutat sobre les dones d\u2019ara i d\u2019abans? \u00c9s equitatiu i igualitari l\u2019espai urb\u00e0? O refor\u00e7a les desigualtats entre homes i dones? Passejarem per Ciutat Vella mirant els carrers, les places, els mercats\u2026 des d\u2019una perspectiva de g\u00e8nere, per reflexionar sobre la relaci\u00f3 entre urbanitat i ciutadania, entre dones i espai p\u00fablic.<\/span><\/p>\n<p>&nbsp;<\/p>\n<p><span style=\"color: #ff0000;\"><strong># Educa&amp;CO<\/strong><\/span><\/p>\n<p style=\"text-align: justify;\">A trav\u00e9s dels contes, el joc i el teatre, trencarem estereotips i aprendrem a relacionar-nos de forma m\u00e9s justa i equitativa, a cooperar amb les persones que ens envolten i a coresponsabilitzar-nos de les tasques de cura i de la llar. Ens divertirem aprenent a crear des de casa una societat m\u00e9s igualit\u00e0ria.<\/p>\n<p>&nbsp;<\/p>\n<p><span style=\"color: #ff0000;\"><strong># La viol\u00e8ncia del discurs<\/strong><\/span><\/p>\n<p style=\"text-align: justify;\">Qu\u00e8 \u00e9s l\u2019ab\u00fas verbal? Pot el llenguatge fomentar les discriminacions? Quines fal\u00b7l\u00e0cies s\u2019amaguen darrere els discursos de g\u00e8nere i quina import\u00e0ncia tenen en la legitimaci\u00f3 de la viol\u00e8ncia? Partint de l\u2019an\u00e0lisi conceptual i a trav\u00e9s del debat participatiu, abordarem la relaci\u00f3 entre discurs, argumentaci\u00f3 i viol\u00e8ncia masclista.<\/p>\n<p>&nbsp;<\/p>\n<p><span style=\"color: #ff0000;\"><strong># <em>Hitchcock\u2019s Vertigo<\/em>. La viol\u00e8ncia de la mirada<\/strong><\/span><\/p>\n<p style=\"text-align: justify;\">L\u2019obra mestra de Hitchcock amaga una fascinant reflexi\u00f3 sobre els rols de g\u00e8nere i la viol\u00e8ncia masclista. A partir de l\u2019an\u00e0lisi f\u00edlmica de seq\u00fc\u00e8ncies de <em>Vertigo<\/em>, reflexionarem sobre temes com la viol\u00e8ncia de la mirada, la representaci\u00f3 de la feminitat i la masculinitat, l\u2019objectivitzaci\u00f3 sexual de les dones, les imposicions est\u00e8tiques o les relacions abusives.<\/p>\n<p>&nbsp;<\/p>\n<p><span style=\"color: #ff0000;\"><strong># <em>L\u2019art d\u2019intervenir<\/em>. Intervenci\u00f3 art\u00edstica i igualtat de g\u00e8nere <\/strong><\/span><\/p>\n<p style=\"text-align: justify;\">A partir d\u2019estrat\u00e8gies d\u2019intervenci\u00f3 art\u00edstica, aprendrem a contestar les imatges imposades de l\u2019art, els mitjans de comunicaci\u00f3 i la publicitat, intervenint sobre aquestes, modificant-les, transgredint-les, per tal de q\u00fcestionar estereotips de g\u00e8nere, denunciar la viol\u00e8ncia simb\u00f2lica envers les dones i fomentar una societat m\u00e9s igualit\u00e0ria.<\/p>\n<p><span style=\"color: #ffffff;\">\u00a0<strong>.<\/strong><\/span><\/p>\n<p><span style=\"color: #ff0000;\">\u00a0<strong># M<strong>\u2640<\/strong>n\u00f2legs<\/strong><\/span><\/p>\n<p style=\"text-align: justify;\">De les hero\u00efnes de la trag\u00e8dia grega a les dones an\u00f2nimes dels <em>Mon\u00f2legs de la Vagina<\/em>, prendrem la paraula de personatges femenins del teatre i la narrativa que han donat veu a les dones i s\u2019han rebel\u00b7lat contra el poder establert i la viol\u00e8ncia masclista. Escoltarem les seves vindicacions, reflexionarem sobre els lligams entre els rols i les estructures de poder, i\u00a0ens aproparem a la interpretaci\u00f3 dram\u00e0tica des d\u2019una perspectiva de g\u00e8nere.<\/p>\n<p>&nbsp;<\/p>\n<p><span style=\"color: #ff0000;\">\u00a0<strong># Noves viol\u00e8ncies, nous imaginaris<\/strong><\/span><\/p>\n<p style=\"text-align: justify;\">Ha canviat la nostra percepci\u00f3 de la viol\u00e8ncia masclista? I l\u2019art, el cinema i els mitjans de comunicaci\u00f3, han canviat la manera de mostrar-la? Seguim sent una cultura violenta i masclista? A partir d\u2019anuncis publicitaris, c\u00f2mics, pel\u00b7l\u00edcules, videoclips i videojocs, analitzarem les lectures i representacions actuals de la viol\u00e8ncia de g\u00e8nere, i descobrirem el paper dels imaginaris en el foment d\u2019una societat m\u00e9s igualit\u00e0ria i lliure de viol\u00e8ncia vers les dones.<\/p>\n<p>&nbsp;<\/p>\n<p><span style=\"color: #ff0000;\"><strong># Dones &amp; Pol\u00edtica<\/strong><\/span><\/p>\n<p style=\"text-align: justify;\">Tenen a veure el masclisme i la viol\u00e8ncia de g\u00e8nere amb el poder pol\u00edtic i econ\u00f2mic? Quin paper juguen les dones en els actuals sistemes democr\u00e0tics? Abordarem les relacions entre \u00e8tica i pol\u00edtica des d\u2019una perspectiva de g\u00e8nere i aprendrem a apoderar-nos participant activament de la vida p\u00fablica.<\/p>\n<p>&nbsp;<\/p>\n<p><span style=\"color: #ff0000;\">\u00a0<strong># Repensem els contes<\/strong><\/span><\/p>\n<p style=\"text-align: justify;\">Qu\u00e8 passaria si la princesa no es volgu\u00e9s casar amb el pr\u00edncep blau? No podrien ser maques les bruixes? I si la caputxeta es fes amiga del llop? A partir de la narraci\u00f3 teatralitzada de contes tradicionals i de nova creaci\u00f3, q\u00fcestionarem les hist\u00f2ries, repensarem els personatges i inventarem altres maneres d&#8217;explicar-les, per tal de prevenir estereotips i discriminacions i fomentar la igualtat de g\u00e8nere i les relacions equitatives i solid\u00e0ries.<\/p>\n<p>&nbsp;<\/p>\n<p><span style=\"color: #ff0000;\"><strong># La bellesa imposada<\/strong><\/span><\/p>\n<p style=\"text-align: justify;\"><span style=\"color: #000000;\">Qu\u00e8 \u00e9s la bellesa? \u00c9s un do de la natura, una elecci\u00f3 personal o una obligaci\u00f3 social? \u00c9s important en el m\u00f3n en el qual vivim? A partir de la moda, la televisi\u00f3, els videoclips i la publicitat, debatrem de forma participativa sobre el concepte de bellesa, les imposicions est\u00e8tiques i la seva relaci\u00f3 amb les desigualtats socials i les discriminacions de g\u00e8nere. Reflexionarem sobre les seves conseq\u00fc\u00e8ncies en la percepci\u00f3 pr\u00f2pia, la identitat i l\u2019autoestima.<\/span><\/p>\n<p>&nbsp;<\/p>\n<p><span style=\"color: #ff0000;\"><strong># Sexualitats<\/strong><\/span><\/p>\n<p style=\"text-align: justify;\"><span style=\"color: #000000;\">A partir del cinema, la televisi\u00f3, la publicitat i els videoclips, reflexionarem sobre les representacions de l\u2019erotisme, la bellesa, els cossos i els estereotips de g\u00e8nere. Debatrem de forma participativa sobre les identitats i orientacions sexuals, les relacions sexo-afectives i la viol\u00e8ncia masclista.<\/span><\/p>\n<p>&nbsp;<\/p>\n<p><span style=\"color: #ff0000;\"><strong># Hist\u00f2ria del feminisme<\/strong><\/span><\/p>\n<p style=\"text-align: justify;\">Des d\u2019una perspectiva cultural, social, i pol\u00edtica, resseguirem la hist\u00f2ria del feminisme i de la lluita per a la igualtat, debatrem sobre la situaci\u00f3 actual i ens preguntarem de quina manera podem encarar el futur per tendir cap a una societat m\u00e9s justa i equitativa.<\/p>\n<p>&nbsp;<\/p>\n<p><span style=\"color: #ff0000;\"><strong># Una hist\u00f2ria de viol\u00e8ncia<\/strong><\/span><\/p>\n<p style=\"text-align: justify;\">De la Hist\u00f2ria col\u00b7lectiva dels poders, els canvis pol\u00edtics i els conflictes socials fins a les hist\u00f2ries m\u00ednimes i la mem\u00f2ria personal de la vida privada, dom\u00e8stica i familiar, resseguirem l\u2019exist\u00e8ncia, la lluita i la superviv\u00e8ncia de les dones, i la seva hist\u00f2ria: una hist\u00f2ria marcada per la viol\u00e8ncia masclista i l\u2019opressi\u00f3 sist\u00e8mica i estructural.<\/p>\n<p>&nbsp;<\/p>\n<p><span style=\"color: #ff0000;\"><strong># Teleg\u00e8nere<\/strong><\/span><\/p>\n<p style=\"text-align: justify;\">Com retraten les dones s\u00e8ries com <em>The walking death<\/em> o <em>Breaking bad<\/em>? Quina visi\u00f3 de la viol\u00e8ncia masclista donen t\u00edtols com <em>Mad men<\/em> o <em>Joc de trons<\/em>? Fomenten la igualtat <em>Els Simpson<\/em> o <em>Orange is the new black<\/em>? Analitzarem les representacions i els discursos de g\u00e8nere de les ficcions televisives contempor\u00e0nies.<\/p>\n<p>&nbsp;<\/p>\n<p>&nbsp;<\/p>\n","protected":false},"excerpt":{"rendered":"<p>A trav\u00e9s de les arts visuals, la literatura, el teatre, el cinema, els mitjans de comunicaci\u00f3 i les noves tecnologies, analitzarem els discursos i representacions masclistes, reflexionarem sobre els estereotips de g\u00e8nere i el paper de les dones en les ind\u00fastries culturals, i descobrirem nous imaginaris, m\u00e9s justos i igualitaris. &#8230;<\/p>\n","protected":false},"author":1,"featured_media":0,"parent":0,"menu_order":0,"comment_status":"closed","ping_status":"closed","template":"","meta":{"footnotes":""},"class_list":["post-3807","page","type-page","status-publish","hentry","column","threecol"],"_links":{"self":[{"href":"https:\/\/tramacultura.org\/index.php?rest_route=\/wp\/v2\/pages\/3807","targetHints":{"allow":["GET"]}}],"collection":[{"href":"https:\/\/tramacultura.org\/index.php?rest_route=\/wp\/v2\/pages"}],"about":[{"href":"https:\/\/tramacultura.org\/index.php?rest_route=\/wp\/v2\/types\/page"}],"author":[{"embeddable":true,"href":"https:\/\/tramacultura.org\/index.php?rest_route=\/wp\/v2\/users\/1"}],"replies":[{"embeddable":true,"href":"https:\/\/tramacultura.org\/index.php?rest_route=%2Fwp%2Fv2%2Fcomments&post=3807"}],"version-history":[{"count":15,"href":"https:\/\/tramacultura.org\/index.php?rest_route=\/wp\/v2\/pages\/3807\/revisions"}],"predecessor-version":[{"id":4725,"href":"https:\/\/tramacultura.org\/index.php?rest_route=\/wp\/v2\/pages\/3807\/revisions\/4725"}],"wp:attachment":[{"href":"https:\/\/tramacultura.org\/index.php?rest_route=%2Fwp%2Fv2%2Fmedia&parent=3807"}],"curies":[{"name":"wp","href":"https:\/\/api.w.org\/{rel}","templated":true}]}}