{"id":3783,"date":"2015-06-01T18:21:33","date_gmt":"2015-06-01T18:21:33","guid":{"rendered":"http:\/\/tramacultura.org\/?page_id=3783"},"modified":"2016-08-11T10:39:42","modified_gmt":"2016-08-11T10:39:42","slug":"tallers-2","status":"publish","type":"page","link":"https:\/\/tramacultura.org\/?page_id=3783","title":{"rendered":"TALLERS I ACTIVITATS"},"content":{"rendered":"<p><img loading=\"lazy\" decoding=\"async\" class=\"alignnone wp-image-3332 \" src=\"http:\/\/tramacultura.org\/w\/wp-content\/uploads\/2014\/08\/IMG_4499-300x224.jpg\" alt=\"IMG_4499\" width=\"342\" height=\"255\" srcset=\"https:\/\/tramacultura.org\/wp-content\/uploads\/2014\/08\/IMG_4499-300x224.jpg 300w, https:\/\/tramacultura.org\/wp-content\/uploads\/2014\/08\/IMG_4499-1024x764.jpg 1024w, https:\/\/tramacultura.org\/wp-content\/uploads\/2014\/08\/IMG_4499-700x522.jpg 700w, https:\/\/tramacultura.org\/wp-content\/uploads\/2014\/08\/IMG_4499-332x247.jpg 332w\" sizes=\"auto, (max-width: 342px) 100vw, 342px\" \/><\/p>\n<p style=\"text-align: justify;\">Des de Trama oferim tallers i activitats culturals per a educaci\u00f3 infantil i prim\u00e0ria, que fomenten el joc, l\u2019experimentaci\u00f3 i la pr\u00e0ctica amb diferents llenguatges, formats i materials: una oferta multidisciplin\u00e0ria per a la descoberta del llenguatge i del m\u00f3n, de nosaltres i de les persones que ens envolten.<\/p>\n<p style=\"text-align: justify;\">Aix\u00ed mateix, comptem amb tallers per a secund\u00e0ria i Batxillerat que\u00a0 combinen la reflexi\u00f3 te\u00f2rica amb l\u2019experimentaci\u00f3 pr\u00e0ctica i la participaci\u00f3 activa de l\u2019alumnat i que potencien la mirada transversal, l\u2019an\u00e0lisi formal i conceptual, la reflexi\u00f3 cr\u00edtica i el debat cultural. Adaptables als diferents nivells educatius, els tallers faciliten un apropament diferent a mat\u00e8ries com l\u2019art, la hist\u00f2ria, la literatura o la filosofia, per a treballar el temari escolar d\u2019una altra manera.<\/p>\n<p><span style=\"color: #ffffff;\">.<\/span><\/p>\n<p><a href=\"http:\/\/tramacultura.org\/?page_id=4744\" target=\"_blank\">&#8211; EDUCACI\u00d3 INFANTIL I PRIM\u00c0RIA<\/a><\/p>\n<p><a href=\"http:\/\/tramacultura.org\/?page_id=4747\" target=\"_blank\">&#8211; SECUND\u00c0RIA I BATXILLERAT<\/a><\/p>\n","protected":false},"excerpt":{"rendered":"<p>Des de Trama oferim tallers i activitats culturals per a educaci\u00f3 infantil i prim\u00e0ria, que fomenten el joc, l\u2019experimentaci\u00f3 i la pr\u00e0ctica amb diferents llenguatges, formats i materials: una oferta multidisciplin\u00e0ria per a la descoberta del llenguatge i del m\u00f3n, de nosaltres i de les persones que ens envolten. Aix\u00ed &#8230;<\/p>\n","protected":false},"author":1,"featured_media":0,"parent":0,"menu_order":0,"comment_status":"closed","ping_status":"closed","template":"","meta":{"footnotes":""},"class_list":["post-3783","page","type-page","status-publish","hentry","column","threecol"],"_links":{"self":[{"href":"https:\/\/tramacultura.org\/index.php?rest_route=\/wp\/v2\/pages\/3783","targetHints":{"allow":["GET"]}}],"collection":[{"href":"https:\/\/tramacultura.org\/index.php?rest_route=\/wp\/v2\/pages"}],"about":[{"href":"https:\/\/tramacultura.org\/index.php?rest_route=\/wp\/v2\/types\/page"}],"author":[{"embeddable":true,"href":"https:\/\/tramacultura.org\/index.php?rest_route=\/wp\/v2\/users\/1"}],"replies":[{"embeddable":true,"href":"https:\/\/tramacultura.org\/index.php?rest_route=%2Fwp%2Fv2%2Fcomments&post=3783"}],"version-history":[{"count":20,"href":"https:\/\/tramacultura.org\/index.php?rest_route=\/wp\/v2\/pages\/3783\/revisions"}],"predecessor-version":[{"id":4749,"href":"https:\/\/tramacultura.org\/index.php?rest_route=\/wp\/v2\/pages\/3783\/revisions\/4749"}],"wp:attachment":[{"href":"https:\/\/tramacultura.org\/index.php?rest_route=%2Fwp%2Fv2%2Fmedia&parent=3783"}],"curies":[{"name":"wp","href":"https:\/\/api.w.org\/{rel}","templated":true}]}}