{"id":3780,"date":"2015-06-01T18:18:52","date_gmt":"2015-06-01T18:18:52","guid":{"rendered":"http:\/\/tramacultura.org\/?page_id=3780"},"modified":"2015-10-13T18:35:36","modified_gmt":"2015-10-13T18:35:36","slug":"itineraris-i-visites-comentades","status":"publish","type":"page","link":"https:\/\/tramacultura.org\/?page_id=3780","title":{"rendered":"ITINERARIS I VISITES COMENTADES"},"content":{"rendered":"<p style=\"text-align: justify;\"><img loading=\"lazy\" decoding=\"async\" class=\"alignnone wp-image-1259 size-medium\" src=\"http:\/\/tramacultura.org\/w\/wp-content\/uploads\/2013\/04\/08-300x225.jpg\" alt=\"08\" width=\"300\" height=\"225\" srcset=\"https:\/\/tramacultura.org\/wp-content\/uploads\/2013\/04\/08-300x225.jpg 300w, https:\/\/tramacultura.org\/wp-content\/uploads\/2013\/04\/08-700x525.jpg 700w, https:\/\/tramacultura.org\/wp-content\/uploads\/2013\/04\/08-332x249.jpg 332w, https:\/\/tramacultura.org\/wp-content\/uploads\/2013\/04\/08.jpg 960w\" sizes=\"auto, (max-width: 300px) 100vw, 300px\" \/><\/p>\n<p style=\"text-align: justify;\"><span style=\"color: #222222;\">Des de Trama comptem amb una oferta d\u2019itineraris urbans, passejades culturals i visites comentades, centrada en la hist\u00f2ria dels barris, les transformacions urbanes i socials, i el patrimoni art\u00edstic de Barcelona. De la filosofia oculta sota la fisonomia de la ciutat, passant pels espais de mem\u00f2ria i de creaci\u00f3, fins a les conquestes socials de la ciutadania, els itineraris conviden a pensar i sentir la ciutat<\/span><span style=\"color: #222222;\">\u00a0\u00a0<\/span><span style=\"color: #222222;\">d\u2019una altra manera.<\/span><\/p>\n<p style=\"text-align: justify;\"><span style=\"color: #ffffff;\">.<\/span><\/p>\n<p style=\"text-align: justify;\"><span style=\"color: #ff0000;\"><strong># Barcelona en guerra. 1936-1939<\/strong><\/span><\/p>\n<p style=\"text-align: justify;\">Recorrerem la hist\u00f2ria de la ciutat durant la Guerra Civil: des de l\u2019aturada del cop militar, passant pel per\u00edode revolucionari, els bombardejos i els <em>Fets de maig<\/em>, fins a l\u2019entrada de l\u2019ex\u00e8rcit franquista. Descobrirem la seva empremta als carrers per rememorar una Barcelona en guerra.<\/p>\n<p style=\"text-align: justify;\"><strong>\u00a0<\/strong><\/p>\n<p style=\"text-align: justify;\"><span style=\"color: #ff0000;\"><strong># Dones i espai p\u00fablic<\/strong><\/span><\/p>\n<p style=\"text-align: justify;\">Qu\u00e8 ens diu la ciutat sobre les dones d\u2019ara i d\u2019abans? \u00c9s equitatiu i igualitari l\u2019espai urb\u00e0? O refor\u00e7a les desigualtats entre homes i dones? Passejarem per Ciutat Vella mirant els carrers, les places, els mercats\u2026 des d\u2019una perspectiva de g\u00e8nere, per reflexionar sobre la relaci\u00f3 entre urbanitat i ciutadania, entre dones i espai p\u00fablic.<\/p>\n<p style=\"text-align: justify;\"><span style=\"color: #ffffff;\">,<\/span><\/p>\n<p style=\"text-align: justify;\"><span style=\"color: #ff0000;\"><strong>#<em> Que comenci l&#8217;espectacle!<\/em> El Paral\u00b7lel dels teatres<\/strong><\/span><\/p>\n<p style=\"text-align: justify;\">Del Molino al Vict\u00f2ria, transitarem el Paral\u00b7lel per reviure la seva hist\u00f2ria, des del teatre popular i de masses anterior a la guerra, fins als espectacles d\u2019avui dia, parant especial atenci\u00f3 a les diferents modalitats esc\u00e8niques que s\u2019hi han representat.<\/p>\n<p style=\"text-align: justify;\"><em>\u00a0<\/em><\/p>\n<p style=\"text-align: justify;\"><span style=\"color: #ff0000;\"><strong><em># La Ciutat Invisible<\/em><\/strong><strong>. Barraques de Barcelona<\/strong><\/span><\/p>\n<p style=\"text-align: justify;\">Redescobrirem el barraquisme a Barcelona, un passat ple de mis\u00e8ria, per\u00f2 tamb\u00e9 un exemple de moviment social i de lluita per la dignitat, esborrat de la fisonomia de la ciutat per les grans transformacions urbanes de les \u00faltimes d\u00e8cades.<\/p>\n<p>&nbsp;<\/p>\n<p><span style=\"color: #ff0000;\"><strong># Visitem la Barcelona cultural<\/strong><\/span><\/p>\n<p style=\"text-align: justify;\">Descobrirem el patrimoni art\u00edstic de Barcelona i gaudirem de la vida cultural de la ciutat mitjan\u00e7ant visites comentades a\u00a0museus, centres culturals, exposicions temporals i espais d\u2019inter\u00e8s art\u00edstic com galeries o f\u00e0briques de creaci\u00f3.<\/p>\n<p style=\"text-align: justify;\"><span style=\"color: #ffffff;\">.<\/span><\/p>\n<p style=\"color: #000000;\"><strong><span style=\"color: #ff0000;\"># La Barcelona dels moviments socials<\/span><\/strong><\/p>\n<p style=\"color: #000000; text-align: justify;\">Barcelona no s\u2019ent\u00e9n sense els moviments socials que ha protagonitzat la seva gent. De l\u2019obrerisme de finals del segle XIX fins al 15M, passant pels moviments antifranquistes i el\u00a0<i>No a la guerra<\/i>, aquests posen de manifest la for\u00e7a i la lluita continuada a la ciutat. Coneixerem el paper fonamental jugat per la ciutadania de Barcelona en els grans canvis de la seva hist\u00f2ria tot passejant per alguns dels espais de reivindicaci\u00f3 m\u00e9s emblem\u00e0tics.<\/p>\n<p style=\"color: #000000; text-align: justify;\"><span style=\"color: #ffffff;\">.<\/span><\/p>\n<p style=\"color: #000000; text-align: justify;\"><strong><span style=\"color: #ff0000;\"># Urbanisme i repressi\u00f3. La Barcelona del control social<\/span><\/strong><\/p>\n<p style=\"color: #000000; text-align: justify;\">Barcelona destaca als ulls del m\u00f3n pel seu model urban\u00edstic, que atrau turistes gr\u00e0cies a les obres d\u2019arquitectes de renom internacional. Barris sencers han estat esventrats i remodelats segons aquesta imatge ideal. Aquesta imatge, per\u00f2, amaga un m\u00f3n de c\u00e0meres, desallotjaments i privatitzacions de l\u2019espai p\u00fablic. Hi ha lloc per a la vida ciutadana, per a la discrep\u00e0ncia en aquesta urbs entregada al mercat mundial? En veurem les conseq\u00fc\u00e8ncies a peu de barri passejant pel Poblenou.<\/p>\n<p style=\"color: #000000; text-align: justify;\"><span style=\"color: #ffffff;\">.<\/span><\/p>\n<p style=\"color: #000000; text-align: justify;\"><strong><span style=\"color: #ff0000;\"># La utopia\u00a0de l\u2019Eixample<\/span><\/strong><\/p>\n<p style=\"color: #000000; text-align: justify;\">Partint dels carrers estrets i dels tra\u00e7ats irregulars del Raval, passejarem fins a les illes i xamfrans de l\u2019entramat de l\u2019Eixample per descobrir les idees que s\u2019amaguen darrera el model de Cerd\u00e0. Rastrejarem sota la forma de la ciutat la utopia social, el racionalisme i l\u2019afany de modernitat del seu pensament. A partir de la fisonomia de l\u2019Eixample, reflexionarem sobre els lligams entre urbanisme i filosofia.<\/p>\n","protected":false},"excerpt":{"rendered":"<p>Des de Trama comptem amb una oferta d\u2019itineraris urbans, passejades culturals i visites comentades, centrada en la hist\u00f2ria dels barris, les transformacions urbanes i socials, i el patrimoni art\u00edstic de Barcelona. De la filosofia oculta sota la fisonomia de la ciutat, passant pels espais de mem\u00f2ria i de creaci\u00f3, fins &#8230;<\/p>\n","protected":false},"author":1,"featured_media":0,"parent":0,"menu_order":0,"comment_status":"closed","ping_status":"closed","template":"","meta":{"footnotes":""},"class_list":["post-3780","page","type-page","status-publish","hentry","column","threecol"],"_links":{"self":[{"href":"https:\/\/tramacultura.org\/index.php?rest_route=\/wp\/v2\/pages\/3780","targetHints":{"allow":["GET"]}}],"collection":[{"href":"https:\/\/tramacultura.org\/index.php?rest_route=\/wp\/v2\/pages"}],"about":[{"href":"https:\/\/tramacultura.org\/index.php?rest_route=\/wp\/v2\/types\/page"}],"author":[{"embeddable":true,"href":"https:\/\/tramacultura.org\/index.php?rest_route=\/wp\/v2\/users\/1"}],"replies":[{"embeddable":true,"href":"https:\/\/tramacultura.org\/index.php?rest_route=%2Fwp%2Fv2%2Fcomments&post=3780"}],"version-history":[{"count":11,"href":"https:\/\/tramacultura.org\/index.php?rest_route=\/wp\/v2\/pages\/3780\/revisions"}],"predecessor-version":[{"id":4308,"href":"https:\/\/tramacultura.org\/index.php?rest_route=\/wp\/v2\/pages\/3780\/revisions\/4308"}],"wp:attachment":[{"href":"https:\/\/tramacultura.org\/index.php?rest_route=%2Fwp%2Fv2%2Fmedia&parent=3780"}],"curies":[{"name":"wp","href":"https:\/\/api.w.org\/{rel}","templated":true}]}}