{"id":3751,"date":"2015-06-01T17:21:45","date_gmt":"2015-06-01T17:21:45","guid":{"rendered":"http:\/\/tramacultura.org\/?page_id=3751"},"modified":"2022-06-13T15:24:11","modified_gmt":"2022-06-13T15:24:11","slug":"formats","status":"publish","type":"page","link":"https:\/\/tramacultura.org\/?page_id=3751","title":{"rendered":"PER  A ESCOLES"},"content":{"rendered":"<p style=\"color: #000000; text-align: justify;\"><span style=\"font-weight: 600;\"><img loading=\"lazy\" decoding=\"async\" class=\"wp-image-3952  alignleft\" src=\"http:\/\/tramacultura.org\/w\/wp-content\/uploads\/2015\/06\/detachment9-e1330995539968.jpg\" alt=\"\" width=\"376\" height=\"205\" srcset=\"https:\/\/tramacultura.org\/wp-content\/uploads\/2015\/06\/detachment9-e1330995539968.jpg 440w, https:\/\/tramacultura.org\/wp-content\/uploads\/2015\/06\/detachment9-e1330995539968-300x163.jpg 300w, https:\/\/tramacultura.org\/wp-content\/uploads\/2015\/06\/detachment9-e1330995539968-332x181.jpg 332w\" sizes=\"auto, (max-width: 376px) 100vw, 376px\" \/><\/span><\/p>\n<p style=\"color: #222222; text-align: justify;\">Uns dels objectius de Trama \u00e9s donar suport a l\u2019entorn educatiu per\u00a0apropar\u00a0\u00a0els llenguatges art\u00edstics, fomentar l\u2019inter\u00e8s per les humanitats i sensibilitzar sobre problem\u00e0tiques socials a nens i nenes, adolescents i joves.<\/p>\n<p style=\"color: #222222; text-align: justify;\">Per a aix\u00f2, comptem amb diferents programes educatius tem\u00e0tics que incentiven la creativitat, la reflexi\u00f3 cr\u00edtica i la participaci\u00f3 activa de l&#8217;alumnat i fomenten el coneixement del m\u00f3n actual, la mem\u00f2ria hist\u00f2rica, la igualtat de g\u00e8nere, la toler\u00e0ncia, la no-viol\u00e8ncia i les relacions justes i equitatives.<\/p>\n<p style=\"color: #222222; text-align: justify;\">Disposem d\u2019una \u00e0mplia oferta d\u2019activitats, xerrades, cinef\u00f2rums, debats participatius i itineraris urbans relacionats amb el teatre, el cinema, l\u2019art, la filosofia i la hist\u00f2ria adaptables als diferents cicles formatius.\u00a0\u00a0Tamb\u00e9 reali<a style=\"color: #222222;\" name=\"14e262440df378bb__GoBack\"><\/a>tzem projectes de treball continuat amb un mateix grup al llarg de diverses sessions, els quals permeten aprofundir en la mat\u00e8ria i potenciar la dimensi\u00f3 pr\u00e0ctica dels tallers.<\/p>\n<p style=\"color: #000000; text-align: justify;\"><span style=\"color: #ffffff;\">.<\/span><\/p>\n<h2 style=\"text-align: left;\"><span style=\"color: #ff0000;\"><a href=\"http:\/\/tramacultura.org\/?page_id=3854\" target=\"_blank\" rel=\"noopener noreferrer\"><span style=\"color: #ff0000;\">TEM\u00c0TIQUES<\/span><\/a><\/span><\/h2>\n<ul>\n<li>\n<h4><a title=\"# CULTURA PER LA IGUALTAT\" href=\"http:\/\/tramacultura.org\/?page_id=3802\" target=\"_blank\" rel=\"noopener noreferrer\"><span style=\"color: #333333;\">CULTURA PER A LA IGUALTAT<\/span><\/a><\/h4>\n<\/li>\n<li>\n<h4><a title=\"# LA CULTURA AMB PERSPECTIVA DE G\u00c8NERE\" href=\"http:\/\/tramacultura.org\/?page_id=3807\" target=\"_blank\" rel=\"noopener noreferrer\"><span style=\"color: #333333; letter-spacing: 1px;\">CULTURA AMB PERSPECTIVA DE G\u00c8NERE<\/span><\/a><\/h4>\n<\/li>\n<li>\n<h4><a title=\"# CULTURA CONTRA LA VIOL\u00c8NCIA\" href=\"http:\/\/tramacultura.org\/?page_id=3814\" target=\"_blank\" rel=\"noopener noreferrer\"><span style=\"color: #333333; letter-spacing: 1px;\">CULTURA CONTRA LA VIOL\u00c8NCIA<\/span><\/a><\/h4>\n<\/li>\n<li>\n<h4><a href=\"http:\/\/tramacultura.org\/?page_id=3949\" target=\"_blank\" rel=\"noopener noreferrer\"><span style=\"color: #333333;\">REPENSEM ELS CONTES!<\/span><\/a><\/h4>\n<\/li>\n<li>\n<h4><a href=\"https:\/\/tramacultura.org\/?page_id=3975\" target=\"_blank\" rel=\"noopener noreferrer\"><span style=\"color: #333333; letter-spacing: 1px;\">ART I CREACI\u00d3<\/span><\/a><\/h4>\n<\/li>\n<li>\n<h4><a href=\"http:\/\/tramacultura.org\/?page_id=3964\" target=\"_blank\" rel=\"noopener noreferrer\"><span style=\"color: #333333;\">DEL PENSAMENT A L&#8217;ACCI\u00d3<\/span><\/a><\/h4>\n<\/li>\n<\/ul>\n<h3><span style=\"color: #ffffff;\">.<\/span><\/h3>\n<h2 style=\"text-align: left;\"><a href=\"http:\/\/tramacultura.org\/?page_id=3850\" target=\"_blank\" rel=\"noopener noreferrer\">FORMATS<\/a><\/h2>\n<ul>\n<li>\n<h4><a href=\"http:\/\/tramacultura.org\/?page_id=3773\" target=\"_blank\" rel=\"noopener noreferrer\"><span style=\"color: #333333;\">PROJECTES EDUCATIUS<\/span><\/a><\/h4>\n<\/li>\n<li>\n<h4><a href=\"http:\/\/tramacultura.org\/?page_id=3780\" target=\"_blank\" rel=\"noopener noreferrer\"><span style=\"color: #333333; letter-spacing: 1px;\">ITINERARIS I VISITES COMENTADES<\/span><\/a><\/h4>\n<\/li>\n<li>\n<h4><a title=\"# TALLERS I ACTIVITATS\" href=\"http:\/\/tramacultura.org\/?page_id=3783\" target=\"_blank\" rel=\"noopener noreferrer\"><span style=\"color: #333333; letter-spacing: 1px;\">TALLERS I ACTIVITATS<\/span><\/a><\/h4>\n<\/li>\n<li>\n<h4><a href=\"http:\/\/tramacultura.org\/?page_id=4007\" target=\"_blank\" rel=\"noopener noreferrer\"><span style=\"color: #333333;\">PER A PROFESSORAT<\/span><\/a><\/h4>\n<\/li>\n<\/ul>\n","protected":false},"excerpt":{"rendered":"<p>Uns dels objectius de Trama \u00e9s donar suport a l\u2019entorn educatiu per\u00a0apropar\u00a0\u00a0els llenguatges art\u00edstics, fomentar l\u2019inter\u00e8s per les humanitats i sensibilitzar sobre problem\u00e0tiques socials a nens i nenes, adolescents i joves. Per a aix\u00f2, comptem amb diferents programes educatius tem\u00e0tics que incentiven la creativitat, la reflexi\u00f3 cr\u00edtica i la participaci\u00f3 &#8230;<\/p>\n","protected":false},"author":1,"featured_media":0,"parent":0,"menu_order":0,"comment_status":"closed","ping_status":"closed","template":"","meta":{"footnotes":""},"class_list":["post-3751","page","type-page","status-publish","hentry","column","threecol"],"_links":{"self":[{"href":"https:\/\/tramacultura.org\/index.php?rest_route=\/wp\/v2\/pages\/3751","targetHints":{"allow":["GET"]}}],"collection":[{"href":"https:\/\/tramacultura.org\/index.php?rest_route=\/wp\/v2\/pages"}],"about":[{"href":"https:\/\/tramacultura.org\/index.php?rest_route=\/wp\/v2\/types\/page"}],"author":[{"embeddable":true,"href":"https:\/\/tramacultura.org\/index.php?rest_route=\/wp\/v2\/users\/1"}],"replies":[{"embeddable":true,"href":"https:\/\/tramacultura.org\/index.php?rest_route=%2Fwp%2Fv2%2Fcomments&post=3751"}],"version-history":[{"count":87,"href":"https:\/\/tramacultura.org\/index.php?rest_route=\/wp\/v2\/pages\/3751\/revisions"}],"predecessor-version":[{"id":6148,"href":"https:\/\/tramacultura.org\/index.php?rest_route=\/wp\/v2\/pages\/3751\/revisions\/6148"}],"wp:attachment":[{"href":"https:\/\/tramacultura.org\/index.php?rest_route=%2Fwp%2Fv2%2Fmedia&parent=3751"}],"curies":[{"name":"wp","href":"https:\/\/api.w.org\/{rel}","templated":true}]}}