{"id":3673,"date":"2015-03-25T20:48:36","date_gmt":"2015-03-25T20:48:36","guid":{"rendered":"http:\/\/tramacultura.org\/?page_id=3673"},"modified":"2015-03-25T20:48:36","modified_gmt":"2015-03-25T20:48:36","slug":"polietica","status":"publish","type":"page","link":"https:\/\/tramacultura.org\/?page_id=3673","title":{"rendered":"# POLI\u00c8TICA"},"content":{"rendered":"<p><img loading=\"lazy\" decoding=\"async\" class=\"aligncenter wp-image-2272 size-medium\" src=\"http:\/\/tramacultura.org\/w\/wp-content\/uploads\/2013\/05\/angelietica-300x224.jpeg\" alt=\"angelietica\" width=\"300\" height=\"224\" srcset=\"https:\/\/tramacultura.org\/wp-content\/uploads\/2013\/05\/angelietica-300x224.jpeg 300w, https:\/\/tramacultura.org\/wp-content\/uploads\/2013\/05\/angelietica-332x247.jpeg 332w, https:\/\/tramacultura.org\/wp-content\/uploads\/2013\/05\/angelietica.jpeg 470w\" sizes=\"auto, (max-width: 300px) 100vw, 300px\" \/><\/p>\n<p style=\"text-align: justify;\"><span style=\"color: #000000;\">El context actual i la hist\u00f2ria sencera dels \u00faltims segles exigeixen de la pol\u00edtica un posicionament \u00e8tic aix\u00ed com de l\u2019\u00e8tica una interrogaci\u00f3 pol\u00edtica. Reflexionarem sobre els lligams existents i necessaris entre una i altra en temes com els drets humans, la democr\u00e0cia, la desobedi\u00e8ncia civil, la diversitat cultural, la igualtat de g\u00e8nere o la sostenibilitat ambiental.<\/span><\/p>\n<p class=\"notice\">Dijous<br \/>\nDe 9,00 a 10,00<br \/>\n09\/04\/2015 &gt; 18\/06\/2015<br \/>\nPreu: 49.73<\/p>\n<p>On:\u00a0<a href=\"http:\/\/www.ccrierablanca.com\/\" target=\"_blank\">Centre C\u00edvic Riera Blanca<\/a><br \/>\nAdre\u00e7a:\u00a0C\/ Riera Blanca 1-3<\/p>\n<p>Inici d&#8217;inscripci\u00f3:\u00a009\/03\/2015<\/p>\n","protected":false},"excerpt":{"rendered":"<p>El context actual i la hist\u00f2ria sencera dels \u00faltims segles exigeixen de la pol\u00edtica un posicionament \u00e8tic aix\u00ed com de l\u2019\u00e8tica una interrogaci\u00f3 pol\u00edtica. Reflexionarem sobre els lligams existents i necessaris entre una i altra en temes com els drets humans, la democr\u00e0cia, la desobedi\u00e8ncia civil, la diversitat cultural, la &#8230;<\/p>\n","protected":false},"author":1,"featured_media":0,"parent":0,"menu_order":0,"comment_status":"closed","ping_status":"closed","template":"","meta":{"footnotes":""},"class_list":["post-3673","page","type-page","status-publish","hentry","column","threecol"],"_links":{"self":[{"href":"https:\/\/tramacultura.org\/index.php?rest_route=\/wp\/v2\/pages\/3673","targetHints":{"allow":["GET"]}}],"collection":[{"href":"https:\/\/tramacultura.org\/index.php?rest_route=\/wp\/v2\/pages"}],"about":[{"href":"https:\/\/tramacultura.org\/index.php?rest_route=\/wp\/v2\/types\/page"}],"author":[{"embeddable":true,"href":"https:\/\/tramacultura.org\/index.php?rest_route=\/wp\/v2\/users\/1"}],"replies":[{"embeddable":true,"href":"https:\/\/tramacultura.org\/index.php?rest_route=%2Fwp%2Fv2%2Fcomments&post=3673"}],"version-history":[{"count":1,"href":"https:\/\/tramacultura.org\/index.php?rest_route=\/wp\/v2\/pages\/3673\/revisions"}],"predecessor-version":[{"id":3674,"href":"https:\/\/tramacultura.org\/index.php?rest_route=\/wp\/v2\/pages\/3673\/revisions\/3674"}],"wp:attachment":[{"href":"https:\/\/tramacultura.org\/index.php?rest_route=%2Fwp%2Fv2%2Fmedia&parent=3673"}],"curies":[{"name":"wp","href":"https:\/\/api.w.org\/{rel}","templated":true}]}}