{"id":3665,"date":"2015-03-25T20:33:28","date_gmt":"2015-03-25T20:33:28","guid":{"rendered":"http:\/\/tramacultura.org\/?page_id=3665"},"modified":"2015-03-25T20:36:30","modified_gmt":"2015-03-25T20:36:30","slug":"parlem-ne-debats-dart-i-cultura-contemporania","status":"publish","type":"page","link":"https:\/\/tramacultura.org\/?page_id=3665","title":{"rendered":"# PARLEM-NE ! DEBATS D\u2019ART I CULTURA CONTEMPOR\u00c0NIA"},"content":{"rendered":"<p><img loading=\"lazy\" decoding=\"async\" class=\"aligncenter wp-image-1941 size-medium\" src=\"http:\/\/tramacultura.org\/w\/wp-content\/uploads\/2013\/06\/curs-online7-300x206.jpg\" alt=\"curs online7\" width=\"300\" height=\"206\" srcset=\"https:\/\/tramacultura.org\/wp-content\/uploads\/2013\/06\/curs-online7-300x206.jpg 300w, https:\/\/tramacultura.org\/wp-content\/uploads\/2013\/06\/curs-online7-332x228.jpg 332w, https:\/\/tramacultura.org\/wp-content\/uploads\/2013\/06\/curs-online7.jpg 518w\" sizes=\"auto, (max-width: 300px) 100vw, 300px\" \/><\/p>\n<p style=\"text-align: justify;\"><span style=\"color: #000000;\">Qu\u00e8 est\u00e0 passant amb la cultura contempor\u00e0nia? Qu\u00e8 \u00e9s art i qu\u00e8 no en el m\u00f3n actual? Qui decideix qu\u00e8 \u00e9s bo i qu\u00e8 no quan es tracta de creacions art\u00edstiques? A partir d\u2019exemples concrets debatrem sobre els l\u00edmits \u00e8tics i est\u00e8tics de l\u2019art i la cultura contempor\u00e0nia.<\/span><\/p>\n<p class=\"notice\">Dimecres<br \/>\nDe 13:00 a 14:00<br \/>\n08\/04\/2015 &gt; 17\/06\/2015<br \/>\nPreu: 49.73<\/p>\n<p>On:\u00a0<span style=\"color: #ff0000;\"><a href=\"http:\/\/www.ccrierablanca.com\/\" target=\"_blank\"><span style=\"color: #ff0000;\">Centre C\u00edvic Riera Blanca<\/span><\/a><\/span><br \/>\nAdre\u00e7a:\u00a0C\/ Riera Blanca 1-3<\/p>\n<p>Inici d&#8217;inscripci\u00f3:\u00a009\/03\/2015<\/p>\n","protected":false},"excerpt":{"rendered":"<p>Qu\u00e8 est\u00e0 passant amb la cultura contempor\u00e0nia? Qu\u00e8 \u00e9s art i qu\u00e8 no en el m\u00f3n actual? Qui decideix qu\u00e8 \u00e9s bo i qu\u00e8 no quan es tracta de creacions art\u00edstiques? A partir d\u2019exemples concrets debatrem sobre els l\u00edmits \u00e8tics i est\u00e8tics de l\u2019art i la cultura contempor\u00e0nia. Dimecres De &#8230;<\/p>\n","protected":false},"author":1,"featured_media":0,"parent":0,"menu_order":0,"comment_status":"closed","ping_status":"closed","template":"","meta":{"footnotes":""},"class_list":["post-3665","page","type-page","status-publish","hentry","column","threecol"],"_links":{"self":[{"href":"https:\/\/tramacultura.org\/index.php?rest_route=\/wp\/v2\/pages\/3665","targetHints":{"allow":["GET"]}}],"collection":[{"href":"https:\/\/tramacultura.org\/index.php?rest_route=\/wp\/v2\/pages"}],"about":[{"href":"https:\/\/tramacultura.org\/index.php?rest_route=\/wp\/v2\/types\/page"}],"author":[{"embeddable":true,"href":"https:\/\/tramacultura.org\/index.php?rest_route=\/wp\/v2\/users\/1"}],"replies":[{"embeddable":true,"href":"https:\/\/tramacultura.org\/index.php?rest_route=%2Fwp%2Fv2%2Fcomments&post=3665"}],"version-history":[{"count":4,"href":"https:\/\/tramacultura.org\/index.php?rest_route=\/wp\/v2\/pages\/3665\/revisions"}],"predecessor-version":[{"id":3669,"href":"https:\/\/tramacultura.org\/index.php?rest_route=\/wp\/v2\/pages\/3665\/revisions\/3669"}],"wp:attachment":[{"href":"https:\/\/tramacultura.org\/index.php?rest_route=%2Fwp%2Fv2%2Fmedia&parent=3665"}],"curies":[{"name":"wp","href":"https:\/\/api.w.org\/{rel}","templated":true}]}}