{"id":333,"date":"2013-05-01T17:04:31","date_gmt":"2013-05-01T17:04:31","guid":{"rendered":"http:\/\/tramacultura.org\/w\/?page_id=333"},"modified":"2022-06-13T15:16:09","modified_gmt":"2022-06-13T15:16:09","slug":"que-fem","status":"publish","type":"page","link":"https:\/\/tramacultura.org\/?page_id=333","title":{"rendered":"QU\u00c8 FEM"},"content":{"rendered":"<p><img loading=\"lazy\" decoding=\"async\" class=\"wp-image-5347  alignleft\" src=\"http:\/\/tramacultura.org\/w\/wp-content\/uploads\/2013\/05\/2017-11-15-PHOTO-00016915-1024x682.jpg\" alt=\"2017-11-15-PHOTO-00016915\" width=\"339\" height=\"226\" srcset=\"https:\/\/tramacultura.org\/wp-content\/uploads\/2013\/05\/2017-11-15-PHOTO-00016915-1024x682.jpg 1024w, https:\/\/tramacultura.org\/wp-content\/uploads\/2013\/05\/2017-11-15-PHOTO-00016915-300x199.jpg 300w, https:\/\/tramacultura.org\/wp-content\/uploads\/2013\/05\/2017-11-15-PHOTO-00016915-700x466.jpg 700w, https:\/\/tramacultura.org\/wp-content\/uploads\/2013\/05\/2017-11-15-PHOTO-00016915-332x221.jpg 332w, https:\/\/tramacultura.org\/wp-content\/uploads\/2013\/05\/2017-11-15-PHOTO-00016915.jpg 1600w\" sizes=\"auto, (max-width: 339px) 100vw, 339px\" \/><\/p>\n<p style=\"text-align: justify;\"><span style=\"font-weight: 400;\">&#8211; Recerca, formaci\u00f3 i creaci\u00f3 en els \u00e0mbits de l\u2019an\u00e0lisi cr\u00edtica de les manifestacions culturals i les pr\u00e0ctiques socials, la difusi\u00f3 de les arts i les ci\u00e8ncies i del patrimoni cultural, l\u2019educaci\u00f3 art\u00edstica, la cultura audiovisual i les noves tecnologies, la mem\u00f2ria hist\u00f2rica, la cultura popular, els estudis feministes, l\u2019economia social i solid\u00e0ria, la participaci\u00f3 ciutadana i l\u2019acci\u00f3 comunit\u00e0ria.<\/span><\/p>\n<p style=\"text-align: justify;\"><span style=\"font-weight: 400;\">&#8211; Formaci\u00f3, suport i acompanyament a les persones i col\u00b7lectius que col\u00b7laboren amb la cooperativa i promoci\u00f3 de les seves iniciatives creatives, educatives i culturals.<\/span><\/p>\n<p style=\"text-align: justify;\"><span style=\"font-weight: 400;\">&#8211; Ideaci\u00f3, producci\u00f3, dinamitzaci\u00f3 i difusi\u00f3 de productes, manifestacions, activitats, accions i projectes educatius, culturals o comunitaris amb perspectiva cr\u00edtica i comprom\u00eds social: xerrades, tallers, cursos, espectacles, rutes, exposicions, materials pedag\u00f2gics, publicacions, recursos virtuals i altres productes i activitats que se\u2019n puguin derivar.<\/span><\/p>\n<p style=\"text-align: justify;\"><span style=\"font-weight: 400;\">&#8211; Activitats de formaci\u00f3 i sensibilitzaci\u00f3 de la ciutadania, en l\u2019\u00e0mbit de l\u2019educaci\u00f3 formal i <\/span><span style=\"font-weight: 400;\">no formal<\/span><span style=\"font-weight: 400;\"> i adaptada als diferents sectors de poblaci\u00f3 i a les diverses etapes de la vida, mitjan\u00e7ant l&#8217;apropament a diferents espais, formats, llenguatges, disciplines, suports i metodologies; l&#8217;estudi formal i conceptual, i l&#8217;an\u00e0lisi cr\u00edtica; el di\u00e0leg, la interacci\u00f3 i la implicaci\u00f3 activa de les persones participants.\u00a0\u00a0<\/span><\/p>\n<p style=\"text-align: justify;\"><span style=\"font-weight: 400;\">&#8211; Activitats de sensibilitzaci\u00f3 i de formaci\u00f3 permanent i continuada al professorat universitari i no universitari, a professionals de tots els \u00e0mbits i a membres de col\u00b7lectius, entitats, empreses, equipaments i institucions.<\/span><\/p>\n<p style=\"text-align: justify;\"><span style=\"font-weight: 400;\">&#8211; Accions d\u2019assessorament, suport, acompanyament, mediaci\u00f3 i intercooperaci\u00f3 amb col\u00b7lectius, entitats, equipaments i institucions en el marc de l\u2019educaci\u00f3, la dinamitzaci\u00f3 cultural, la sensibilitzaci\u00f3 social i l\u2019acci\u00f3 comunit\u00e0ria.<\/span><\/p>\n<p style=\"text-align: justify;\"><span style=\"font-weight: 400;\">&#8211; Pr\u00e0ctiques d\u2019intercooperaci\u00f3 en el marc de l\u2019economia feminista, social i solid\u00e0ria, din\u00e0miques d\u2019enxarxament amb el territori, accions per a la promoci\u00f3 del mercat social i els ecosistemes locals cooperatius.<\/span><\/p>\n","protected":false},"excerpt":{"rendered":"<p>&#8211; Recerca, formaci\u00f3 i creaci\u00f3 en els \u00e0mbits de l\u2019an\u00e0lisi cr\u00edtica de les manifestacions culturals i les pr\u00e0ctiques socials, la difusi\u00f3 de les arts i les ci\u00e8ncies i del patrimoni cultural, l\u2019educaci\u00f3 art\u00edstica, la cultura audiovisual i les noves tecnologies, la mem\u00f2ria hist\u00f2rica, la cultura popular, els estudis feministes, l\u2019economia &#8230;<\/p>\n","protected":false},"author":1,"featured_media":0,"parent":270,"menu_order":4,"comment_status":"closed","ping_status":"closed","template":"","meta":{"footnotes":""},"class_list":["post-333","page","type-page","status-publish","hentry","column","threecol"],"_links":{"self":[{"href":"https:\/\/tramacultura.org\/index.php?rest_route=\/wp\/v2\/pages\/333","targetHints":{"allow":["GET"]}}],"collection":[{"href":"https:\/\/tramacultura.org\/index.php?rest_route=\/wp\/v2\/pages"}],"about":[{"href":"https:\/\/tramacultura.org\/index.php?rest_route=\/wp\/v2\/types\/page"}],"author":[{"embeddable":true,"href":"https:\/\/tramacultura.org\/index.php?rest_route=\/wp\/v2\/users\/1"}],"replies":[{"embeddable":true,"href":"https:\/\/tramacultura.org\/index.php?rest_route=%2Fwp%2Fv2%2Fcomments&post=333"}],"version-history":[{"count":13,"href":"https:\/\/tramacultura.org\/index.php?rest_route=\/wp\/v2\/pages\/333\/revisions"}],"predecessor-version":[{"id":6140,"href":"https:\/\/tramacultura.org\/index.php?rest_route=\/wp\/v2\/pages\/333\/revisions\/6140"}],"up":[{"embeddable":true,"href":"https:\/\/tramacultura.org\/index.php?rest_route=\/wp\/v2\/pages\/270"}],"wp:attachment":[{"href":"https:\/\/tramacultura.org\/index.php?rest_route=%2Fwp%2Fv2%2Fmedia&parent=333"}],"curies":[{"name":"wp","href":"https:\/\/api.w.org\/{rel}","templated":true}]}}