{"id":3080,"date":"2014-08-05T15:51:56","date_gmt":"2014-08-05T15:51:56","guid":{"rendered":"http:\/\/tramacultura.org\/?page_id=3080"},"modified":"2018-10-26T17:55:13","modified_gmt":"2018-10-26T17:55:13","slug":"linies-de-treball","status":"publish","type":"page","link":"https:\/\/tramacultura.org\/?page_id=3080","title":{"rendered":"L\u00cdNIES DE TREBALL"},"content":{"rendered":"<p style=\"text-align: justify;\"><span style=\"color: #ffffff;\">.<\/span><\/p>\n<p style=\"text-align: justify;\"><span style=\"color: #ff0000;\"><strong># Cultura contra la viol\u00e8ncia<\/strong><\/span><span style=\"font-weight: 400;\"><br \/>\n<\/span><i><span style=\"font-weight: 400;\"><br \/>\n<\/span><\/i><span style=\"font-weight: 400;\">A trav\u00e9s de la hist\u00f2ria, la filosofia, la ci\u00e8ncia, la literatura i les arts, analitzem les manifestacions culturals des d\u2019una perspectiva feminista, sensibilitzem sobre les viol\u00e8ncies masclistes i descobrim el paper de la creaci\u00f3 art\u00edstica en la defensa de la diversitat de g\u00e8nere i la lluita per l\u2019equitat.<\/span><\/p>\n<p style=\"text-align: justify;\"><span style=\"color: #ffffff;\">.<\/span><\/p>\n<p style=\"text-align: justify;\"><span style=\"color: #ff0000;\"><strong># Fem teatre<\/strong><\/span><\/p>\n<p style=\"text-align: justify;\">Espectacles i performance amb debat participatiu, cursos d\u2019interpretaci\u00f3, tallers de teatre de les oprimides i teatre f\u00f2rums, creacions esc\u00e8niques comunit\u00e0ries\u2026 per tal d\u2019experimentar amb el cos, la veu i la gestualitat i explorar a trav\u00e9s de la creativitat col\u00b7lectiva les opressions \u00a0que ens envolten.<\/p>\n<p style=\"text-align: justify;\"><span style=\"color: #ffffff;\">.<\/span><\/p>\n<p style=\"text-align: justify;\"><strong><span style=\"color: #ff0000;\"># DiversitArts. Cultura per a la transformaci\u00f3 social<\/span><strong><br \/>\n<\/strong><\/strong><\/p>\n<p style=\"text-align: justify;\">A trav\u00e9s de la hist\u00f2ria, la filosofia, la ci\u00e8ncia, la literatura i la creaci\u00f3 art\u00edstica col\u00b7lectiva, reflexionem sobre els estereotips i prejudicis encara vigents, descobrim el poder de les humanitats en la lluita per l\u2019equitat i fomentem l\u2019empoderament i la implicaci\u00f3 de la ciutadania en la defensa de la diversitat.<\/p>\n<p style=\"text-align: justify;\"><span style=\"color: #ffffff;\">.<\/span><\/p>\n<p style=\"text-align: justify;\"><strong><span style=\"color: #ff0000;\"># Repensem els contes<\/span><\/strong><\/p>\n<p style=\"text-align: justify;\">A partir de la narraci\u00f3 teatralitzada de contes tradicionals i de nova creaci\u00f3, q\u00fcestionem les hist\u00f2ries, repensem els personatges i inventem altres maneres d\u2019explicar-les, per tal d\u2019evitar prejudicis i discriminacions i fomentar la igualtat, el respecte a la diversitat i la cultura de la pau.<\/p>\n<p style=\"text-align: justify;\"><span style=\"color: #ffffff;\">.<\/span><\/p>\n<p style=\"text-align: justify;\"><strong><span style=\"color: #ff0000;\"># La cultura d\u2019una altra manera<\/span><strong><br \/>\n<\/strong><\/strong><\/p>\n<p style=\"text-align: justify;\">A trav\u00e9s de xerrades, debats, tallers, cursos, espectacles, rutes urbanes, visites comentades i accions comunit\u00e0ries, apropem les humanitats, la cultura i els llenguatges art\u00edstics a la ciutadania des d\u2019una perspectiva cr\u00edtica, participativa i compromesa.<\/p>\n<p style=\"text-align: justify;\"><span style=\"color: #ffffff;\">.<\/span><\/p>\n<p style=\"text-align: justify;\"><strong><span style=\"color: #ff0000;\"># Animem el barri!<\/span><strong><br \/>\n<\/strong><\/strong><\/p>\n<p style=\"text-align: justify;\">Mitjan\u00e7ant la dinamitzaci\u00f3 d\u2019accions art\u00edstiques comunit\u00e0ries realitzades a l\u2019espai p\u00fablic per persones i col\u00b7lectius del barri, sensibilitzem a la ciutadania i fomentem la cohesi\u00f3 social i les relacions de pertinen\u00e7a de la comunitat.<\/p>\n<p style=\"text-align: justify;\"><span style=\"color: #ffffff;\">.<\/span><\/p>\n<p style=\"text-align: justify;\"><strong><span style=\"color: #ff0000;\"># Donants de mem\u00f2ria<\/span><strong><br \/>\n<\/strong><\/strong><\/p>\n<p style=\"text-align: justify;\"><span style=\"font-weight: 400;\">Mitjan\u00e7ant la dinamitzaci\u00f3 i documentaci\u00f3 de tallers amb gent gran, fomentem la seva formaci\u00f3 i interacci\u00f3 amb la resta de la comunitat alhora que facilitem que a trav\u00e9s dels seus coneixements i records puguin contribuir a la recuperaci\u00f3 de la mem\u00f2ria oral dels seus barris.<\/span><\/p>\n<p style=\"text-align: justify;\"><span style=\"color: #ffffff;\">.<\/span><\/p>\n<p style=\"text-align: justify;\"><strong><span style=\"color: #ff0000;\"># Teixim xarxes contra els estereotips!<\/span><strong><br \/>\n<\/strong><\/strong><\/p>\n<p style=\"text-align: justify;\"><span style=\"font-weight: 400;\">A trav\u00e9s d\u2019una plataforma virtual, recursos pedag\u00f2gics, activitats culturals i projectes educatius promovem l\u2019enxarxament de les iniciatives que lluiten contra els estereotips sexistes, difonem continguts antimasclistes i sensibilitzem sobre la diversitat de g\u00e8nere, sexual i afectiva. \u00a0<\/span><\/p>\n<p style=\"text-align: justify;\"><span style=\"color: #ffffff;\">.<\/span><\/p>\n<p style=\"text-align: justify;\"><span style=\"color: #ff0000;\"><strong># Educoop. Plataforma educativa de l\u2019Economia Solid\u00e0ria<\/strong><\/span><\/p>\n<p style=\"text-align: justify;\"><span style=\"font-weight: 400;\">A trav\u00e9s d\u2019una plataforma virtual, recursos pedag\u00f2gics, activitats formatives a disposici\u00f3 d\u2019entitats i equipaments i projectes educatius en el territori, promovem la difusi\u00f3 dels valors i pr\u00e0ctiques de l\u2019Economia Solid\u00e0ria i l\u2019educaci\u00f3 transformadora al llarg de la vida.<\/span><\/p>\n","protected":false},"excerpt":{"rendered":"<p>. # Cultura contra la viol\u00e8ncia A trav\u00e9s de la hist\u00f2ria, la filosofia, la ci\u00e8ncia, la literatura i les arts, analitzem les manifestacions culturals des d\u2019una perspectiva feminista, sensibilitzem sobre les viol\u00e8ncies masclistes i descobrim el paper de la creaci\u00f3 art\u00edstica en la defensa de la diversitat de g\u00e8nere i &#8230;<\/p>\n","protected":false},"author":1,"featured_media":0,"parent":0,"menu_order":0,"comment_status":"closed","ping_status":"closed","template":"","meta":{"footnotes":""},"class_list":["post-3080","page","type-page","status-publish","hentry","column","threecol"],"_links":{"self":[{"href":"https:\/\/tramacultura.org\/index.php?rest_route=\/wp\/v2\/pages\/3080","targetHints":{"allow":["GET"]}}],"collection":[{"href":"https:\/\/tramacultura.org\/index.php?rest_route=\/wp\/v2\/pages"}],"about":[{"href":"https:\/\/tramacultura.org\/index.php?rest_route=\/wp\/v2\/types\/page"}],"author":[{"embeddable":true,"href":"https:\/\/tramacultura.org\/index.php?rest_route=\/wp\/v2\/users\/1"}],"replies":[{"embeddable":true,"href":"https:\/\/tramacultura.org\/index.php?rest_route=%2Fwp%2Fv2%2Fcomments&post=3080"}],"version-history":[{"count":3,"href":"https:\/\/tramacultura.org\/index.php?rest_route=\/wp\/v2\/pages\/3080\/revisions"}],"predecessor-version":[{"id":5418,"href":"https:\/\/tramacultura.org\/index.php?rest_route=\/wp\/v2\/pages\/3080\/revisions\/5418"}],"wp:attachment":[{"href":"https:\/\/tramacultura.org\/index.php?rest_route=%2Fwp%2Fv2%2Fmedia&parent=3080"}],"curies":[{"name":"wp","href":"https:\/\/api.w.org\/{rel}","templated":true}]}}