{"id":274,"date":"2013-05-01T14:37:52","date_gmt":"2013-05-01T14:37:52","guid":{"rendered":"http:\/\/tramacultura.org\/w\/?page_id=274"},"modified":"2018-10-26T17:45:36","modified_gmt":"2018-10-26T17:45:36","slug":"lassociacio","status":"publish","type":"page","link":"https:\/\/tramacultura.org\/?page_id=274","title":{"rendered":"LA COOPERATIVA"},"content":{"rendered":"<p><img loading=\"lazy\" decoding=\"async\" class=\"wp-image-1107 size-full aligncenter\" src=\"http:\/\/tramacultura.org\/w\/wp-content\/uploads\/2013\/05\/64165441.v1NOkpOq.jpg\" alt=\"64165441.v1NOkpOq\" width=\"400\" height=\"274\" srcset=\"https:\/\/tramacultura.org\/wp-content\/uploads\/2013\/05\/64165441.v1NOkpOq.jpg 400w, https:\/\/tramacultura.org\/wp-content\/uploads\/2013\/05\/64165441.v1NOkpOq-300x205.jpg 300w, https:\/\/tramacultura.org\/wp-content\/uploads\/2013\/05\/64165441.v1NOkpOq-332x227.jpg 332w\" sizes=\"auto, (max-width: 400px) 100vw, 400px\" \/><\/p>\n<p style=\"text-align: justify;\"><span style=\"font-weight: 400;\">Som una entitat de l\u2019Economia Solid\u00e0ria dedicada a la dinamitzaci\u00f3 cultural i la sensibilitzaci\u00f3 social des d\u2019una perspectiva transversal, cr\u00edtica, feminista, interseccional i transformadora. Despr\u00e9s d\u2019una traject\u00f2ria de set anys com associaci\u00f3 cultural, ens hem constitu\u00eft com a cooperativa sense \u00e0nim de lucre i d\u2019iniciativa social. Formem part de l\u2019Impuls Cooperatiu de Sants i de la Xarxa d\u2019Economia Solid\u00e0ria de Catalunya (XES).<\/span><\/p>\n<p style=\"text-align: justify;\"><span style=\"font-weight: 400;\">Realitzem xerrades, cursos, itineraris, visites comentades, activitats i projectes culturals. Col\u00b7laborem amb persones, col\u00b7lectius, entitats, equipaments i institucions de Catalunya. Les nostres propostes van dirigides al p\u00fablic general i a col\u00b7lectius espec\u00edfics com infants, adolescents i joves, fam\u00edlies, docents i professionals, dones i gent gran. Fomenten la cultura cooperativa i els valors i pr\u00e0ctiques de l\u2019economia social i solid\u00e0ria, l\u2019aproximaci\u00f3 als llenguatges art\u00edstics,\u00a0\u00a0l\u2019an\u00e0lisi cr\u00edtica, el debat participatiu i la reflexi\u00f3 col\u00b7lectiva sobre el m\u00f3n contemporani, la mem\u00f2ria hist\u00f2rica, la perspectiva feminista, la no-viol\u00e8ncia i les relacions justes i equitatives.<\/span><\/p>\n","protected":false},"excerpt":{"rendered":"<p>Som una entitat de l\u2019Economia Solid\u00e0ria dedicada a la dinamitzaci\u00f3 cultural i la sensibilitzaci\u00f3 social des d\u2019una perspectiva transversal, cr\u00edtica, feminista, interseccional i transformadora. Despr\u00e9s d\u2019una traject\u00f2ria de set anys com associaci\u00f3 cultural, ens hem constitu\u00eft com a cooperativa sense \u00e0nim de lucre i d\u2019iniciativa social. Formem part de l\u2019Impuls &#8230;<\/p>\n","protected":false},"author":1,"featured_media":0,"parent":270,"menu_order":2,"comment_status":"closed","ping_status":"closed","template":"","meta":{"footnotes":""},"class_list":["post-274","page","type-page","status-publish","hentry","column","threecol"],"_links":{"self":[{"href":"https:\/\/tramacultura.org\/index.php?rest_route=\/wp\/v2\/pages\/274","targetHints":{"allow":["GET"]}}],"collection":[{"href":"https:\/\/tramacultura.org\/index.php?rest_route=\/wp\/v2\/pages"}],"about":[{"href":"https:\/\/tramacultura.org\/index.php?rest_route=\/wp\/v2\/types\/page"}],"author":[{"embeddable":true,"href":"https:\/\/tramacultura.org\/index.php?rest_route=\/wp\/v2\/users\/1"}],"replies":[{"embeddable":true,"href":"https:\/\/tramacultura.org\/index.php?rest_route=%2Fwp%2Fv2%2Fcomments&post=274"}],"version-history":[{"count":13,"href":"https:\/\/tramacultura.org\/index.php?rest_route=\/wp\/v2\/pages\/274\/revisions"}],"predecessor-version":[{"id":5416,"href":"https:\/\/tramacultura.org\/index.php?rest_route=\/wp\/v2\/pages\/274\/revisions\/5416"}],"up":[{"embeddable":true,"href":"https:\/\/tramacultura.org\/index.php?rest_route=\/wp\/v2\/pages\/270"}],"wp:attachment":[{"href":"https:\/\/tramacultura.org\/index.php?rest_route=%2Fwp%2Fv2%2Fmedia&parent=274"}],"curies":[{"name":"wp","href":"https:\/\/api.w.org\/{rel}","templated":true}]}}