{"id":270,"date":"2013-05-01T14:36:44","date_gmt":"2013-05-01T14:36:44","guid":{"rendered":"http:\/\/tramacultura.org\/w\/?page_id=270"},"modified":"2019-07-24T11:31:08","modified_gmt":"2019-07-24T11:31:08","slug":"sobre-nosaltres","status":"publish","type":"page","link":"https:\/\/tramacultura.org\/?page_id=270","title":{"rendered":"Sobre nosaltres"},"content":{"rendered":"<p style=\"text-align: justify;\"><span style=\"color: #222222;\">Som una cooperativa sense \u00e0nim de lucre i d\u2019iniciativa social dedicada a la dinamitzaci\u00f3 cultural i la sensibilitzaci\u00f3 social des d\u2019una perspectiva transversal, cr\u00edtica, feminista, interseccional i transformadora. Realitzem accions culturals i activitats de formaci\u00f3 i sensibilitzaci\u00f3 de la ciutadania, en l\u2019\u00e0mbit de l\u2019educaci\u00f3 formal i no formal i adaptada als diferents sectors de poblaci\u00f3 i a les diverses etapes de la vida, mitjan\u00e7ant l\u2019apropament a diferents espais, formats, llenguatges, disciplines, suports i metodologies; l\u2019estudi formal i conceptual, i l\u2019an\u00e0lisi cr\u00edtica; el di\u00e0leg, la interacci\u00f3 i la implicaci\u00f3 activa de les persones participants.<\/span><\/p>\n<p style=\"text-align: left;\"><a href=\"http:\/\/tramacultura.org\/?page_id=274\" target=\"_blank\" rel=\"noopener noreferrer\"><strong>LA\u00a0COOPERATIVA<\/strong><\/a><\/p>\n<p style=\"text-align: left;\"><strong><span style=\"color: #ff0000;\"><a href=\"http:\/\/tramacultura.org\/w\/?page_id=277\"><span style=\"color: #ff0000;\">BASES<\/span><\/a><\/span><\/strong><\/p>\n<p style=\"text-align: left;\"><span style=\"color: #ff0000;\"><strong><a href=\"http:\/\/tramacultura.org\/?page_id=3080\" target=\"_blank\" rel=\"noopener noreferrer\"><span style=\"color: #ff0000;\">L\u00cdNIES DE TREBALL<\/span><\/a><\/strong><\/span><\/p>\n<p style=\"text-align: left;\"><strong><span style=\"color: #ff0000;\"><a href=\"http:\/\/tramacultura.org\/w\/?page_id=333\"><span style=\"color: #ff0000;\">QU\u00c8 FEM<\/span><\/a><\/span><\/strong><\/p>\n<p><img loading=\"lazy\" decoding=\"async\" class=\"wp-image-5412 aligncenter\" src=\"http:\/\/tramacultura.org\/w\/wp-content\/uploads\/2013\/05\/icona_color-290x290.png\" alt=\"icona_color\" width=\"57\" height=\"57\" srcset=\"https:\/\/tramacultura.org\/wp-content\/uploads\/2013\/05\/icona_color-290x290.png 290w, https:\/\/tramacultura.org\/wp-content\/uploads\/2013\/05\/icona_color-268x268.png 268w\" sizes=\"auto, (max-width: 57px) 100vw, 57px\" \/><\/p>\n","protected":false},"excerpt":{"rendered":"<p>Som una cooperativa sense \u00e0nim de lucre i d\u2019iniciativa social dedicada a la dinamitzaci\u00f3 cultural i la sensibilitzaci\u00f3 social des d\u2019una perspectiva transversal, cr\u00edtica, feminista, interseccional i transformadora. Realitzem accions culturals i activitats de formaci\u00f3 i sensibilitzaci\u00f3 de la ciutadania, en l\u2019\u00e0mbit de l\u2019educaci\u00f3 formal i no formal i adaptada &#8230;<\/p>\n","protected":false},"author":1,"featured_media":0,"parent":0,"menu_order":1,"comment_status":"closed","ping_status":"closed","template":"","meta":{"footnotes":""},"class_list":["post-270","page","type-page","status-publish","hentry","column","threecol"],"_links":{"self":[{"href":"https:\/\/tramacultura.org\/index.php?rest_route=\/wp\/v2\/pages\/270","targetHints":{"allow":["GET"]}}],"collection":[{"href":"https:\/\/tramacultura.org\/index.php?rest_route=\/wp\/v2\/pages"}],"about":[{"href":"https:\/\/tramacultura.org\/index.php?rest_route=\/wp\/v2\/types\/page"}],"author":[{"embeddable":true,"href":"https:\/\/tramacultura.org\/index.php?rest_route=\/wp\/v2\/users\/1"}],"replies":[{"embeddable":true,"href":"https:\/\/tramacultura.org\/index.php?rest_route=%2Fwp%2Fv2%2Fcomments&post=270"}],"version-history":[{"count":18,"href":"https:\/\/tramacultura.org\/index.php?rest_route=\/wp\/v2\/pages\/270\/revisions"}],"predecessor-version":[{"id":5552,"href":"https:\/\/tramacultura.org\/index.php?rest_route=\/wp\/v2\/pages\/270\/revisions\/5552"}],"wp:attachment":[{"href":"https:\/\/tramacultura.org\/index.php?rest_route=%2Fwp%2Fv2%2Fmedia&parent=270"}],"curies":[{"name":"wp","href":"https:\/\/api.w.org\/{rel}","templated":true}]}}