{"id":215,"date":"2013-05-01T12:44:43","date_gmt":"2013-05-01T12:44:43","guid":{"rendered":"http:\/\/tramacultura.org\/w\/?page_id=215"},"modified":"2022-06-13T15:23:02","modified_gmt":"2022-06-13T15:23:02","slug":"trama-per-a-entitats","status":"publish","type":"page","link":"https:\/\/tramacultura.org\/?page_id=215","title":{"rendered":"PER A ENTITATS"},"content":{"rendered":"<p style=\"text-align: justify;\"><img loading=\"lazy\" decoding=\"async\" class=\"wp-image-1220 alignleft\" src=\"http:\/\/tramacultura.org\/w\/wp-content\/uploads\/2013\/05\/47-300x200.jpg\" alt=\"47\" width=\"294\" height=\"196\" srcset=\"https:\/\/tramacultura.org\/wp-content\/uploads\/2013\/05\/47-300x200.jpg 300w, https:\/\/tramacultura.org\/wp-content\/uploads\/2013\/05\/47-1024x682.jpg 1024w, https:\/\/tramacultura.org\/wp-content\/uploads\/2013\/05\/47-700x466.jpg 700w, https:\/\/tramacultura.org\/wp-content\/uploads\/2013\/05\/47-332x221.jpg 332w\" sizes=\"auto, (max-width: 294px) 100vw, 294px\" \/><\/p>\n<p style=\"color: #222222; text-align: justify;\">Des de Trama posem a disposici\u00f3 de centres c\u00edvics, casals de barri i entitats la nostra programaci\u00f3 cultural: cursos, monogr\u00e0fics, itineraris, xerrades, cinef\u00f2rums i debats d\u2019art, hist\u00f2ria, teatre, cinema i filosofia, que busquen incentivar la creativitat, la reflexi\u00f3 cr\u00edtica i la participaci\u00f3 activa de les persones assistents.<\/p>\n<p style=\"color: #222222; text-align: justify;\">Comptem amb diferents programes culturals tem\u00e0tics per al foment del coneixement del m\u00f3n actual, la mem\u00f2ria hist\u00f2rica, la igualtat de g\u00e8nere, la toler\u00e0ncia, la no-viol\u00e8ncia i les relacions justes i equitatives.<\/p>\n<p style=\"color: #222222; text-align: justify;\">L\u2019oferta inclou propostes generals obertes a tota la ciutadania i activitats espec\u00edfiques dirigides a fam\u00edlies, inf\u00e0ncia, joves, gent gran i altres col\u00b7lectius.<\/p>\n<p style=\"text-align: justify;\"><span style=\"color: #ffffff;\">.<\/span><\/p>\n<h2 style=\"text-align: justify;\">TEM\u00c0TIQUES<\/h2>\n<ul style=\"color: #000000;\">\n<li>\n<h4 style=\"color: #ff0000;\"><span style=\"color: #333333;\"><a style=\"color: #ff0000;\" href=\"http:\/\/tramacultura.org\/?page_id=3979\" target=\"_blank\" rel=\"noopener noreferrer\"><span style=\"color: #333333;\">CULTURA AMB PERSPECTIVA DE G\u00c8NERE<\/span><\/a><\/span><\/h4>\n<\/li>\n<li>\n<h4 style=\"color: #ff0000;\"><span style=\"color: #333333;\"><a style=\"color: #ff0000;\" href=\"http:\/\/tramacultura.org\/?page_id=3983\" target=\"_blank\" rel=\"noopener noreferrer\"><span style=\"color: #333333;\">CULTURA CONTRA LA VIOL\u00c8NCIA<\/span><\/a><\/span><\/h4>\n<\/li>\n<li>\n<h4 style=\"color: #ff0000;\"><span style=\"color: #333333;\"><a style=\"color: #ff0000;\" href=\"http:\/\/tramacultura.org\/?page_id=3988\" target=\"_blank\" rel=\"noopener noreferrer\"><span style=\"color: #333333;\">REPENSEM ELS CONTES!<\/span><\/a><\/span><\/h4>\n<\/li>\n<li>\n<h4 style=\"color: #ff0000;\"><span style=\"color: #333333;\"><a style=\"color: #ff0000;\" href=\"https:\/\/tramacultura.org\/?page_id=3975\" target=\"_blank\" rel=\"noopener noreferrer\"><span style=\"color: #333333;\">ART I CREACI\u00d3<\/span><\/a><\/span><\/h4>\n<\/li>\n<li>\n<h4 style=\"color: #ff0000;\"><a href=\"http:\/\/tramacultura.org\/?page_id=3995\" target=\"_blank\" rel=\"noopener noreferrer\"><span style=\"color: #333333;\">DEL PENSAMENT A L&#8217;ACCI\u00d3<\/span><\/a><\/h4>\n<\/li>\n<\/ul>\n<p><span style=\"color: #ffffff;\">.<\/span><\/p>\n<h2>FORMATS<\/h2>\n<ul>\n<li>\n<h4><a href=\"http:\/\/tramacultura.org\/?page_id=4033\" target=\"_blank\" rel=\"noopener noreferrer\"><span style=\"color: #333333;\">XERRADES I TALLERS<\/span><\/a><\/h4>\n<\/li>\n<li>\n<h4><a href=\"http:\/\/tramacultura.org\/?page_id=4026\" target=\"_blank\" rel=\"noopener noreferrer\">ITINERARIS I CURSOS<\/a><\/h4>\n<\/li>\n<li>\n<h4><a href=\"http:\/\/tramacultura.org\/?page_id=4005\" target=\"_blank\" rel=\"noopener noreferrer\">MONOGR\u00c0FICS<\/a><\/h4>\n<\/li>\n<li>\n<h4><span style=\"color: #000000;\"><a href=\"http:\/\/tramacultura.org\/?page_id=3973\" target=\"_blank\" rel=\"noopener noreferrer\"><span style=\"color: #000000;\">PROGRAMES CULTURALS<\/span><\/a><\/span><\/h4>\n<\/li>\n<\/ul>\n","protected":false},"excerpt":{"rendered":"<p>Des de Trama posem a disposici\u00f3 de centres c\u00edvics, casals de barri i entitats la nostra programaci\u00f3 cultural: cursos, monogr\u00e0fics, itineraris, xerrades, cinef\u00f2rums i debats d\u2019art, hist\u00f2ria, teatre, cinema i filosofia, que busquen incentivar la creativitat, la reflexi\u00f3 cr\u00edtica i la participaci\u00f3 activa de les persones assistents. Comptem amb diferents &#8230;<\/p>\n","protected":false},"author":1,"featured_media":0,"parent":0,"menu_order":2,"comment_status":"closed","ping_status":"closed","template":"","meta":{"footnotes":""},"class_list":["post-215","page","type-page","status-publish","hentry","column","threecol"],"_links":{"self":[{"href":"https:\/\/tramacultura.org\/index.php?rest_route=\/wp\/v2\/pages\/215","targetHints":{"allow":["GET"]}}],"collection":[{"href":"https:\/\/tramacultura.org\/index.php?rest_route=\/wp\/v2\/pages"}],"about":[{"href":"https:\/\/tramacultura.org\/index.php?rest_route=\/wp\/v2\/types\/page"}],"author":[{"embeddable":true,"href":"https:\/\/tramacultura.org\/index.php?rest_route=\/wp\/v2\/users\/1"}],"replies":[{"embeddable":true,"href":"https:\/\/tramacultura.org\/index.php?rest_route=%2Fwp%2Fv2%2Fcomments&post=215"}],"version-history":[{"count":28,"href":"https:\/\/tramacultura.org\/index.php?rest_route=\/wp\/v2\/pages\/215\/revisions"}],"predecessor-version":[{"id":6146,"href":"https:\/\/tramacultura.org\/index.php?rest_route=\/wp\/v2\/pages\/215\/revisions\/6146"}],"wp:attachment":[{"href":"https:\/\/tramacultura.org\/index.php?rest_route=%2Fwp%2Fv2%2Fmedia&parent=215"}],"curies":[{"name":"wp","href":"https:\/\/api.w.org\/{rel}","templated":true}]}}